{"id":4611,"date":"2022-09-13T21:16:03","date_gmt":"2022-09-13T19:16:03","guid":{"rendered":"https:\/\/pangee.org\/?page_id=4611"},"modified":"2022-09-24T17:53:04","modified_gmt":"2022-09-24T15:53:04","slug":"actualites","status":"publish","type":"page","link":"https:\/\/pangee.org\/index.php\/actualites\/","title":{"rendered":"Actualit\u00e9s"},"content":{"rendered":"\t\t<div data-elementor-type=\"wp-page\" data-elementor-id=\"4611\" class=\"elementor elementor-4611\">\n\t\t\t\t\t\t<section class=\"has-el-gap el-gap-default elementor-section elementor-top-section elementor-element elementor-element-9852a3f elementor-section-boxed elementor-section-height-default elementor-section-height-default\" data-id=\"9852a3f\" data-element_type=\"section\">\n\t\t\t\t\t\t<div class=\"elementor-container elementor-column-gap-no\">\n\t\t\t\t\t<div class=\"elementor-column elementor-col-100 elementor-top-column elementor-element elementor-element-948a609\" data-id=\"948a609\" data-element_type=\"column\">\n\t\t\t<div class=\"elementor-widget-wrap elementor-element-populated\">\n\t\t\t\t\t\t<div class=\"elementor-element elementor-element-3c64fb0 elementor-widget elementor-widget-spacer\" data-id=\"3c64fb0\" data-element_type=\"widget\" data-widget_type=\"spacer.default\">\n\t\t\t\t<div class=\"elementor-widget-container\">\n\t\t\t\t\t\t\t<div class=\"elementor-spacer\">\n\t\t\t<div class=\"elementor-spacer-inner\"><\/div>\n\t\t<\/div>\n\t\t\t\t\t\t<\/div>\n\t\t\t\t<\/div>\n\t\t\t\t\t<\/div>\n\t\t<\/div>\n\t\t\t\t\t<\/div>\n\t\t<\/section>\n\t\t\t\t<section class=\"elementor-section elementor-top-section elementor-element elementor-element-292b83a elementor-section-boxed elementor-section-height-default elementor-section-height-default\" data-id=\"292b83a\" data-element_type=\"section\">\n\t\t\t\t\t\t<div class=\"elementor-container elementor-column-gap-default\">\n\t\t\t\t\t<div class=\"elementor-column elementor-col-100 elementor-top-column elementor-element elementor-element-073f2dd\" data-id=\"073f2dd\" data-element_type=\"column\">\n\t\t\t<div class=\"elementor-widget-wrap elementor-element-populated\">\n\t\t\t\t\t\t<div class=\"elementor-element elementor-element-25f14fe elementor-widget elementor-widget-heading\" data-id=\"25f14fe\" data-element_type=\"widget\" data-widget_type=\"heading.default\">\n\t\t\t\t<div class=\"elementor-widget-container\">\n\t\t\t\t\t<h2 class=\"elementor-heading-title elementor-size-large\">Actualit\u00e9s<\/h2>\t\t\t\t<\/div>\n\t\t\t\t<\/div>\n\t\t\t\t\t<\/div>\n\t\t<\/div>\n\t\t\t\t\t<\/div>\n\t\t<\/section>\n\t\t\t\t<section class=\"has-el-gap el-gap-default elementor-section elementor-top-section elementor-element elementor-element-1e6fe314 elementor-section-boxed elementor-section-height-default elementor-section-height-default\" data-id=\"1e6fe314\" data-element_type=\"section\">\n\t\t\t\t\t\t<div class=\"elementor-container elementor-column-gap-no\">\n\t\t\t\t\t<div class=\"elementor-column elementor-col-100 elementor-top-column elementor-element elementor-element-368282\" data-id=\"368282\" data-element_type=\"column\">\n\t\t\t<div class=\"elementor-widget-wrap elementor-element-populated\">\n\t\t\t\t\t\t<div class=\"elementor-element elementor-element-7cc71785 elementor-widget elementor-widget-smartmag-overlay\" data-id=\"7cc71785\" data-element_type=\"widget\" data-widget_type=\"smartmag-overlay.default\">\n\t\t\t\t<div class=\"elementor-widget-container\">\n\t\t\t\t\t\t\t<section class=\"block-wrap block-overlay block-sc cols-gap-sm mb-none\" data-id=\"1\">\n\n\t\t\t\t\n\t\t\t<div class=\"block-content\">\n\t\t\t\t\t\n\t<div class=\"loop loop-overlay grid grid-2 md:grid-2 xs:grid-1\">\n\n\t\t\t\n\t\t\t\n<article class=\"l-post grid-overlay overlay-post grid-overlay-a overlay-base-post\">\n\n\t\n\t\t\t<div class=\"media\">\n\n\t\t\n\t\t<\/div>\n\t\n\n\t\t\t<div class=\"content-wrap\">\n\t\n\t\t<div class=\"content\">\n\n\t\t\t<div class=\"post-meta post-meta-a meta-contrast has-below\"><div class=\"post-meta-items meta-above\"><span class=\"meta-item cat-labels\">\n\t\t\t\t\t\t\n\t\t\t\t\t\t<a href=\"https:\/\/pangee.org\/index.php\/category\/actualites\/\" class=\"category term-color-67\" rel=\"category\" tabindex=\"-1\">Actualit\u00e9s<\/a>\n\t\t\t\t\t<\/span>\n\t\t\t\t\t<\/div><h2 class=\"is-title post-title\"><a href=\"https:\/\/pangee.org\/index.php\/2025\/12\/15\/une-campagne-de-sensibilisation-handicap-oui-mais-pourquoi\/\">UNE CAMPAGNE DE SENSIBILISATION HANDICAP, OUI MAIS POURQUOI ?<\/a><\/h2><div class=\"post-meta-items meta-below\"><span class=\"meta-item post-author\"><span class=\"by\">By<\/span> <a href=\"https:\/\/pangee.org\/index.php\/author\/admin\/\" title=\"Articles par admin\" rel=\"author\">admin<\/a><\/span><span class=\"meta-item date\"><span class=\"date-link\"><time class=\"post-date\" datetime=\"2025-12-15T00:43:23+01:00\">15 d\u00e9cembre 2025<\/time><\/span><\/span><\/div><\/div>\t\t\t\n\t\t\t\n\t\t\t\n\t\t<\/div>\n\n\t\t\t<\/div>\n\t\n<\/article>\n\t\t\t\n\t\t\t\n<article class=\"l-post grid-overlay overlay-post grid-overlay-a overlay-base-post\">\n\n\t\n\t\t\t<div class=\"media\">\n\n\t\t\n\t\t\t<a href=\"https:\/\/pangee.org\/index.php\/2025\/08\/07\/soutenez-la-candidature-du-comite-tour-eiffel\/\" class=\"image-link media-ratio ratio-4-3\" title=\"\ud83c\uddeb\ud83c\uddf7 Soutenez la candidature de la Tour Eiffel !\"><img fetchpriority=\"high\" decoding=\"async\" width=\"608\" height=\"456\" src=\"https:\/\/pangee.org\/wp-content\/uploads\/2025\/08\/Tour-Eiffel_angle7-768x768.png\" class=\"attachment-bunyad-768 size-bunyad-768 wp-post-image\" alt=\"\" sizes=\"(max-width: 608px) 100vw, 608px\" title=\"\ud83c\uddeb\ud83c\uddf7 Soutenez la candidature de la Tour Eiffel !\" srcset=\"https:\/\/pangee.org\/wp-content\/uploads\/2025\/08\/Tour-Eiffel_angle7-768x768.png 768w, https:\/\/pangee.org\/wp-content\/uploads\/2025\/08\/Tour-Eiffel_angle7-1024x1024.png 1024w, https:\/\/pangee.org\/wp-content\/uploads\/2025\/08\/Tour-Eiffel_angle7.png 1080w\" \/><\/a>\t\t\t\n\t\t\t\n\t\t\t\n\t\t\t\n\t\t\n\t\t<\/div>\n\t\n\n\t\t\t<div class=\"content-wrap\">\n\t\n\t\t<div class=\"content\">\n\n\t\t\t<div class=\"post-meta post-meta-a meta-contrast has-below\"><div class=\"post-meta-items meta-above\"><span class=\"meta-item cat-labels\">\n\t\t\t\t\t\t\n\t\t\t\t\t\t<a href=\"https:\/\/pangee.org\/index.php\/category\/actualites\/\" class=\"category term-color-67\" rel=\"category\" tabindex=\"-1\">Actualit\u00e9s<\/a>\n\t\t\t\t\t<\/span>\n\t\t\t\t\t<\/div><h2 class=\"is-title post-title\"><a href=\"https:\/\/pangee.org\/index.php\/2025\/08\/07\/soutenez-la-candidature-du-comite-tour-eiffel\/\">\ud83c\uddeb\ud83c\uddf7 Soutenez la candidature de la Tour Eiffel !<\/a><\/h2><div class=\"post-meta-items meta-below\"><span class=\"meta-item post-author\"><span class=\"by\">By<\/span> <a href=\"https:\/\/pangee.org\/index.php\/author\/admin\/\" title=\"Articles par admin\" rel=\"author\">admin<\/a><\/span><span class=\"meta-item date\"><span class=\"date-link\"><time class=\"post-date\" datetime=\"2025-08-07T00:33:57+02:00\">7 ao\u00fbt 2025<\/time><\/span><\/span><\/div><\/div>\t\t\t\n\t\t\t\n\t\t\t\n\t\t<\/div>\n\n\t\t\t<\/div>\n\t\n<\/article>\n\t\t\n\t<\/div>\n\n\t\t\n\t\t\t<\/div>\n\n\t\t<\/section>\n\t\t\t\t\t\t<\/div>\n\t\t\t\t<\/div>\n\t\t\t\t<div class=\"elementor-element elementor-element-7b42cfdf elementor-widget elementor-widget-smartmag-grid\" data-id=\"7b42cfdf\" data-element_type=\"widget\" data-widget_type=\"smartmag-grid.default\">\n\t\t\t\t<div class=\"elementor-widget-container\">\n\t\t\t\t\t\t\t<section class=\"block-wrap block-grid block-sc mb-none\" data-id=\"2\">\n\n\t\t\t\t\n\t\t\t<div class=\"block-content\">\n\t\t\t\t\t\n\t<div class=\"loop loop-grid loop-grid-sm grid grid-4 md:grid-2 xs:grid-1\">\n\n\t\t\t\t\t\n<article class=\"l-post grid-post grid-sm-post\">\n\n\t\n\t\t\t<div class=\"media\">\n\n\t\t\n\t\t\t<a href=\"https:\/\/pangee.org\/index.php\/2025\/08\/05\/congres-handicapacites-du-9-septembre-2024-a-la-maison-de-lunesco\/\" class=\"image-link media-ratio ratio-3-2\" title=\"Congr\u00e8s Handicapacit\u00e9s du 9 septembre 2024 \u00e0 la Maison de l\u2019UNESCO\"><img decoding=\"async\" width=\"377\" height=\"251\" src=\"https:\/\/pangee.org\/wp-content\/uploads\/2025\/08\/Bandeau-Logo-169-2-770x442-1-450x258.png\" class=\"attachment-bunyad-medium size-bunyad-medium wp-post-image\" alt=\"\" sizes=\"(max-width: 377px) 100vw, 377px\" title=\"Congr\u00e8s Handicapacit\u00e9s du 9 septembre 2024 \u00e0 la Maison de l\u2019UNESCO\" srcset=\"https:\/\/pangee.org\/wp-content\/uploads\/2025\/08\/Bandeau-Logo-169-2-770x442-1-450x258.png 450w, https:\/\/pangee.org\/wp-content\/uploads\/2025\/08\/Bandeau-Logo-169-2-770x442-1-768x441.png 768w, https:\/\/pangee.org\/wp-content\/uploads\/2025\/08\/Bandeau-Logo-169-2-770x442-1.png 770w\" \/><\/a>\t\t\t\n\t\t\t\n\t\t\t\n\t\t\t\n\t\t\n\t\t<\/div>\n\t\n\n\t\n\t\t<div class=\"content\">\n\n\t\t\t<div class=\"post-meta post-meta-a has-below\"><h2 class=\"is-title post-title\"><a href=\"https:\/\/pangee.org\/index.php\/2025\/08\/05\/congres-handicapacites-du-9-septembre-2024-a-la-maison-de-lunesco\/\">Congr\u00e8s Handicapacit\u00e9s du 9 septembre 2024 \u00e0 la Maison de l\u2019UNESCO<\/a><\/h2><div class=\"post-meta-items meta-below\"><span class=\"meta-item post-author\"><span class=\"by\">By<\/span> <a href=\"https:\/\/pangee.org\/index.php\/author\/admin\/\" title=\"Articles par admin\" rel=\"author\">admin<\/a><\/span><span class=\"meta-item has-next-icon date\"><span class=\"date-link\"><time class=\"post-date\" datetime=\"2025-08-05T23:44:17+02:00\">5 ao\u00fbt 2025<\/time><\/span><\/span><span class=\"meta-item comments has-icon\"><a href=\"https:\/\/pangee.org\/index.php\/2025\/08\/05\/congres-handicapacites-du-9-septembre-2024-a-la-maison-de-lunesco\/#respond\"><i class=\"tsi tsi-comment-o\"><\/i>0<\/a><\/span><\/div><\/div>\t\t\t\n\t\t\t\n\t\t\t\n\t\t<\/div>\n\n\t\n<\/article>\t\t\t\t\t\n<article class=\"l-post grid-post grid-sm-post\">\n\n\t\n\t\t\t<div class=\"media\">\n\n\t\t\n\t\t\t<a href=\"https:\/\/pangee.org\/index.php\/2023\/09\/07\/exposition-art-nord-coreen\/\" class=\"image-link media-ratio ratio-3-2\" title=\"Exposition Art Nord-Cor\u00e9en\"><img decoding=\"async\" width=\"377\" height=\"251\" src=\"https:\/\/pangee.org\/wp-content\/uploads\/2023\/09\/exposition_art_nord-coreen_affiche-2.jpg\" class=\"attachment-large size-large wp-post-image\" alt=\"\" sizes=\"(max-width: 377px) 100vw, 377px\" title=\"Exposition Art Nord-Cor\u00e9en\" srcset=\"https:\/\/pangee.org\/wp-content\/uploads\/2023\/09\/exposition_art_nord-coreen_affiche-2.jpg 330w, https:\/\/pangee.org\/wp-content\/uploads\/2023\/09\/exposition_art_nord-coreen_affiche-2-198x300.jpg 198w\" \/><\/a>\t\t\t\n\t\t\t\n\t\t\t\n\t\t\t\n\t\t\n\t\t<\/div>\n\t\n\n\t\n\t\t<div class=\"content\">\n\n\t\t\t<div class=\"post-meta post-meta-a has-below\"><h2 class=\"is-title post-title\"><a href=\"https:\/\/pangee.org\/index.php\/2023\/09\/07\/exposition-art-nord-coreen\/\">Exposition Art Nord-Cor\u00e9en<\/a><\/h2><div class=\"post-meta-items meta-below\"><span class=\"meta-item post-author\"><span class=\"by\">By<\/span> <a href=\"https:\/\/pangee.org\/index.php\/author\/admin\/\" title=\"Articles par admin\" rel=\"author\">admin<\/a><\/span><span class=\"meta-item has-next-icon date\"><span class=\"date-link\"><time class=\"post-date\" datetime=\"2023-09-07T16:16:01+02:00\">7 septembre 2023<\/time><\/span><\/span><span class=\"meta-item comments has-icon\"><a href=\"https:\/\/pangee.org\/index.php\/2023\/09\/07\/exposition-art-nord-coreen\/#respond\"><i class=\"tsi tsi-comment-o\"><\/i>0<\/a><\/span><\/div><\/div>\t\t\t\n\t\t\t\n\t\t\t\n\t\t<\/div>\n\n\t\n<\/article>\t\t\t\t\t\n<article class=\"l-post grid-post grid-sm-post\">\n\n\t\n\t\t\t<div class=\"media\">\n\n\t\t\n\t\t\t<a href=\"https:\/\/pangee.org\/index.php\/2022\/09\/23\/journee-internationale-de-la-paix\/\" class=\"image-link media-ratio ratio-3-2\" title=\"Journ\u00e9e internationale de la paix\"><img loading=\"lazy\" decoding=\"async\" width=\"377\" height=\"251\" src=\"https:\/\/pangee.org\/wp-content\/uploads\/2022\/09\/coudde-pangee-9-450x203.jpeg\" class=\"attachment-bunyad-medium size-bunyad-medium wp-post-image\" alt=\"\" sizes=\"(max-width: 377px) 100vw, 377px\" title=\"Journ\u00e9e internationale de la paix\" srcset=\"https:\/\/pangee.org\/wp-content\/uploads\/2022\/09\/coudde-pangee-9-450x203.jpeg 450w, https:\/\/pangee.org\/wp-content\/uploads\/2022\/09\/coudde-pangee-9-1024x461.jpeg 1024w, https:\/\/pangee.org\/wp-content\/uploads\/2022\/09\/coudde-pangee-9-768x346.jpeg 768w, https:\/\/pangee.org\/wp-content\/uploads\/2022\/09\/coudde-pangee-9-1536x692.jpeg 1536w, https:\/\/pangee.org\/wp-content\/uploads\/2022\/09\/coudde-pangee-9-1200x540.jpeg 1200w, https:\/\/pangee.org\/wp-content\/uploads\/2022\/09\/coudde-pangee-9.jpeg 2016w\" \/><\/a>\t\t\t\n\t\t\t\n\t\t\t\n\t\t\t\n\t\t\n\t\t<\/div>\n\t\n\n\t\n\t\t<div class=\"content\">\n\n\t\t\t<div class=\"post-meta post-meta-a has-below\"><h2 class=\"is-title post-title\"><a href=\"https:\/\/pangee.org\/index.php\/2022\/09\/23\/journee-internationale-de-la-paix\/\">Journ\u00e9e internationale de la paix<\/a><\/h2><div class=\"post-meta-items meta-below\"><span class=\"meta-item post-author\"><span class=\"by\">By<\/span> <a href=\"https:\/\/pangee.org\/index.php\/author\/admin\/\" title=\"Articles par admin\" rel=\"author\">admin<\/a><\/span><span class=\"meta-item has-next-icon date\"><span class=\"date-link\"><time class=\"post-date\" datetime=\"2022-09-23T11:34:00+02:00\">23 septembre 2022<\/time><\/span><\/span><span class=\"meta-item comments has-icon\"><a href=\"https:\/\/pangee.org\/index.php\/2022\/09\/23\/journee-internationale-de-la-paix\/#respond\"><i class=\"tsi tsi-comment-o\"><\/i>0<\/a><\/span><\/div><\/div>\t\t\t\n\t\t\t\n\t\t\t\n\t\t<\/div>\n\n\t\n<\/article>\t\t\n\t<\/div>\n\n\t\t\n\t\t\t<\/div>\n\n\t\t<\/section>\n\t\t\t\t\t\t<\/div>\n\t\t\t\t<\/div>\n\t\t\t\t\t<\/div>\n\t\t<\/div>\n\t\t\t\t\t<\/div>\n\t\t<\/section>\n\t\t\t\t<section class=\"has-el-gap el-gap-default elementor-section elementor-top-section elementor-element elementor-element-31dabea9 elementor-section-boxed elementor-section-height-default elementor-section-height-default\" data-id=\"31dabea9\" data-element_type=\"section\">\n\t\t\t\t\t\t<div class=\"elementor-container elementor-column-gap-no\">\n\t\t\t\t\t<div class=\"elementor-column elementor-col-100 elementor-top-column elementor-element elementor-element-49812fc3\" data-id=\"49812fc3\" data-element_type=\"column\">\n\t\t\t<div class=\"elementor-widget-wrap elementor-element-populated\">\n\t\t\t\t\t\t<div class=\"elementor-element elementor-element-c15e703 elementor-widget elementor-widget-smartmag-grid\" data-id=\"c15e703\" data-element_type=\"widget\" data-widget_type=\"smartmag-grid.default\">\n\t\t\t\t<div class=\"elementor-widget-container\">\n\t\t\t\t\t\t\t<section class=\"block-wrap block-grid block-sc\" data-id=\"3\" data-block=\"{&quot;id&quot;:&quot;grid&quot;,&quot;props&quot;:{&quot;cat_labels&quot;:1,&quot;cat_labels_pos&quot;:&quot;bot-left&quot;,&quot;reviews&quot;:&quot;stars&quot;,&quot;post_formats_pos&quot;:&quot;center&quot;,&quot;load_more_style&quot;:&quot;a&quot;,&quot;meta_cat_style&quot;:&quot;text&quot;,&quot;media_style_shadow&quot;:0,&quot;meta_sponsor&quot;:1,&quot;meta_sponsor_logo&quot;:0,&quot;meta_sponsor_label&quot;:&quot;Sponsor: {sponsor}&quot;,&quot;meta_above&quot;:[],&quot;meta_below&quot;:[&quot;author&quot;,&quot;date&quot;,&quot;comments&quot;],&quot;meta_sponsor_above&quot;:[],&quot;meta_sponsor_below&quot;:[&quot;sponsor&quot;,&quot;date&quot;],&quot;media_ratio&quot;:&quot;&quot;,&quot;media_ratio_custom&quot;:&quot;&quot;,&quot;read_more&quot;:&quot;none&quot;,&quot;content_center&quot;:0,&quot;container_width&quot;:100,&quot;posts&quot;:15,&quot;pagination&quot;:&quot;1&quot;,&quot;columns&quot;:&quot;3&quot;,&quot;offset&quot;:6,&quot;terms&quot;:[&quot;67&quot;],&quot;pagination_links&quot;:null,&quot;excerpt_length&quot;:15,&quot;meta_sponsor_items_default&quot;:true,&quot;query_type&quot;:&quot;custom&quot;,&quot;sort_days&quot;:null,&quot;carousel_dots&quot;:null,&quot;is_sc_call&quot;:true,&quot;meta_items_default&quot;:true}}\">\n\n\t\t\t\t\n\t\t\t<div class=\"block-content\">\n\t\t\t\t\t\n\t<div class=\"loop loop-grid loop-grid-base grid grid-3 md:grid-2 xs:grid-1\">\n\n\t\t\n\t<\/div>\n\n\t\n\n\t<nav class=\"main-pagination pagination-numbers\" data-type=\"numbers-ajax\">\n\t\t\t<\/nav>\n\n\n\t\n\t\t\t<\/div>\n\n\t\t<\/section>\n\t\t\t\t\t\t<\/div>\n\t\t\t\t<\/div>\n\t\t\t\t\t<\/div>\n\t\t<\/div>\n\t\t\t\t\t<\/div>\n\t\t<\/section>\n\t\t\t\t<\/div>\n\t\t","protected":false},"excerpt":{"rendered":"<p>Actualit\u00e9s Actualit\u00e9s Journ\u00e9e internationale de la paix By admin23 septembre 2022<\/p>\n","protected":false},"author":1,"featured_media":0,"parent":0,"menu_order":0,"comment_status":"closed","ping_status":"closed","template":"page-templates\/no-wrapper.php","meta":{"footnotes":""},"class_list":["post-4611","page","type-page","status-publish"],"_links":{"self":[{"href":"https:\/\/pangee.org\/index.php\/wp-json\/wp\/v2\/pages\/4611","targetHints":{"allow":["GET"]}}],"collection":[{"href":"https:\/\/pangee.org\/index.php\/wp-json\/wp\/v2\/pages"}],"about":[{"href":"https:\/\/pangee.org\/index.php\/wp-json\/wp\/v2\/types\/page"}],"author":[{"embeddable":true,"href":"https:\/\/pangee.org\/index.php\/wp-json\/wp\/v2\/users\/1"}],"replies":[{"embeddable":true,"href":"https:\/\/pangee.org\/index.php\/wp-json\/wp\/v2\/comments?post=4611"}],"version-history":[{"count":19,"href":"https:\/\/pangee.org\/index.php\/wp-json\/wp\/v2\/pages\/4611\/revisions"}],"predecessor-version":[{"id":5543,"href":"https:\/\/pangee.org\/index.php\/wp-json\/wp\/v2\/pages\/4611\/revisions\/5543"}],"wp:attachment":[{"href":"https:\/\/pangee.org\/index.php\/wp-json\/wp\/v2\/media?parent=4611"}],"curies":[{"name":"wp","href":"https:\/\/api.w.org\/{rel}","templated":true}]}}