{"id":5872,"date":"2022-11-16T08:27:51","date_gmt":"2022-11-16T07:27:51","guid":{"rendered":"https:\/\/pangee.org\/?page_id=5872"},"modified":"2022-11-16T08:51:36","modified_gmt":"2022-11-16T07:51:36","slug":"mentions-legales","status":"publish","type":"page","link":"https:\/\/pangee.org\/index.php\/mentions-legales\/","title":{"rendered":"Mentions l\u00e9gales"},"content":{"rendered":"\t\t<div data-elementor-type=\"wp-page\" data-elementor-id=\"5872\" class=\"elementor elementor-5872\">\n\t\t\t\t\t\t<section class=\"has-el-gap el-gap-default elementor-section elementor-top-section elementor-element elementor-element-6c1d053 elementor-section-boxed elementor-section-height-default elementor-section-height-default\" data-id=\"6c1d053\" data-element_type=\"section\">\n\t\t\t\t\t\t<div class=\"elementor-container elementor-column-gap-no\">\n\t\t\t\t\t<div class=\"elementor-column elementor-col-100 elementor-top-column elementor-element elementor-element-379aac8\" data-id=\"379aac8\" data-element_type=\"column\">\n\t\t\t<div class=\"elementor-widget-wrap elementor-element-populated\">\n\t\t\t\t\t\t<div class=\"elementor-element elementor-element-d14143f elementor-widget elementor-widget-heading\" data-id=\"d14143f\" data-element_type=\"widget\" data-widget_type=\"heading.default\">\n\t\t\t\t<div class=\"elementor-widget-container\">\n\t\t\t\t\t<h2 class=\"elementor-heading-title elementor-size-default\">PANGEE \u2013 MENTIONS LEGALES<\/h2>\t\t\t\t<\/div>\n\t\t\t\t<\/div>\n\t\t\t\t\t<\/div>\n\t\t<\/div>\n\t\t\t\t\t<\/div>\n\t\t<\/section>\n\t\t\t\t<section class=\"has-el-gap el-gap-default elementor-section elementor-top-section elementor-element elementor-element-fc6b520 elementor-section-boxed elementor-section-height-default elementor-section-height-default\" data-id=\"fc6b520\" data-element_type=\"section\">\n\t\t\t\t\t\t<div class=\"elementor-container elementor-column-gap-no\">\n\t\t\t\t\t<div class=\"elementor-column elementor-col-100 elementor-top-column elementor-element elementor-element-a933c4f\" data-id=\"a933c4f\" data-element_type=\"column\">\n\t\t\t<div class=\"elementor-widget-wrap elementor-element-populated\">\n\t\t\t\t\t\t<div class=\"elementor-element elementor-element-4fadef9 elementor-widget elementor-widget-heading\" data-id=\"4fadef9\" data-element_type=\"widget\" data-widget_type=\"heading.default\">\n\t\t\t\t<div class=\"elementor-widget-container\">\n\t\t\t\t\t<h6 class=\"elementor-heading-title elementor-size-default\">Derni\u00e8re mise \u00e0 jour le 10 janvier 2022<\/h6>\t\t\t\t<\/div>\n\t\t\t\t<\/div>\n\t\t\t\t\t<\/div>\n\t\t<\/div>\n\t\t\t\t\t<\/div>\n\t\t<\/section>\n\t\t\t\t<section class=\"has-el-gap el-gap-default elementor-section elementor-top-section elementor-element elementor-element-1d23a1d elementor-section-boxed elementor-section-height-default elementor-section-height-default\" data-id=\"1d23a1d\" data-element_type=\"section\">\n\t\t\t\t\t\t<div class=\"elementor-container elementor-column-gap-no\">\n\t\t\t\t\t<div class=\"elementor-column elementor-col-100 elementor-top-column elementor-element elementor-element-aa9bbea\" data-id=\"aa9bbea\" data-element_type=\"column\">\n\t\t\t<div class=\"elementor-widget-wrap elementor-element-populated\">\n\t\t\t\t\t\t<div class=\"elementor-element elementor-element-c48f134 elementor-widget elementor-widget-text-editor\" data-id=\"c48f134\" data-element_type=\"widget\" data-widget_type=\"text-editor.default\">\n\t\t\t\t<div class=\"elementor-widget-container\">\n\t\t\t\t\t\t\t\t\t<p><strong>L&rsquo;\u00e9diteur:<\/strong><\/p>\n<ul>\n<li><strong>SINYAK SARL<\/strong><\/li>\n<li><strong>TELEPHONE:<\/strong>&nbsp;(+237)<\/li>\n<li><strong>EMAIL:<\/strong>&nbsp;sinyaksarl@gmail.com<\/li>\n<li><strong>ADRESSE:<\/strong>&nbsp;Douala, Cameroun<\/li>\n<\/ul>\n<p><strong>L&rsquo;h\u00e9bergeur:<\/strong><\/p>\n<ul>\n<li><strong>OVH CLOUD<\/strong><\/li>\n<li><strong>TELEPHONE:<\/strong>&nbsp;+353 (0) 1 691 72 83<\/li>\n<li><strong>EMAIL:<\/strong><\/li>\n<li><strong>ADRESSE:<\/strong>&nbsp;Rue Kellermann, 59100 Roubaix<\/li>\n<\/ul>\n<p><strong>Conception:<\/strong><\/p>\n<ul>\n<li><strong>SI VIS PACEM PARA PACEM<\/strong><\/li>\n<li><strong>TELEPHONE:<\/strong><\/li>\n<li><strong>EMAIL:<\/strong><\/li>\n<li><strong>ADRESSE:<\/strong><\/li>\n<\/ul>\n<p><strong>D\u00e9veloppements:<\/strong><\/p>\n<ul>\n<li><strong>SINYAK SARL<\/strong><\/li>\n<li><strong>TELEPHONE:<\/strong>&nbsp;(+237)<\/li>\n<li><strong>EMAIL:<\/strong>&nbsp;sinyaksarl@gmail.com<\/li>\n<li><strong>ADRESSE:<\/strong>&nbsp;Douala, Cameroun<\/li>\n<\/ul>\n<p><strong><br><\/strong><\/p><p><strong>NATHALIE KESLER<\/strong><\/p>\n<p>Founder of PANGOR<\/p>\t\t\t\t\t\t\t\t<\/div>\n\t\t\t\t<\/div>\n\t\t\t\t\t<\/div>\n\t\t<\/div>\n\t\t\t\t\t<\/div>\n\t\t<\/section>\n\t\t\t\t<\/div>\n\t\t","protected":false},"excerpt":{"rendered":"<p>PANGEE \u2013 MENTIONS LEGALES Derni\u00e8re mise \u00e0 jour le 10 janvier 2022 L&rsquo;\u00e9diteur: SINYAK SARL TELEPHONE:&nbsp;(+237) EMAIL:&nbsp;sinyaksarl@gmail.com ADRESSE:&nbsp;Douala, Cameroun L&rsquo;h\u00e9bergeur: OVH CLOUD TELEPHONE:&nbsp;+353 (0) 1 691 72 83 EMAIL: ADRESSE:&nbsp;Rue Kellermann, 59100 Roubaix Conception: SI VIS PACEM PARA PACEM TELEPHONE: EMAIL: ADRESSE: D\u00e9veloppements: SINYAK SARL TELEPHONE:&nbsp;(+237) EMAIL:&nbsp;sinyaksarl@gmail.com ADRESSE:&nbsp;Douala, Cameroun NATHALIE KESLER Founder of PANGOR<\/p>\n","protected":false},"author":1,"featured_media":0,"parent":0,"menu_order":0,"comment_status":"closed","ping_status":"closed","template":"page-templates\/no-wrapper.php","meta":{"footnotes":""},"class_list":["post-5872","page","type-page","status-publish"],"_links":{"self":[{"href":"https:\/\/pangee.org\/index.php\/wp-json\/wp\/v2\/pages\/5872","targetHints":{"allow":["GET"]}}],"collection":[{"href":"https:\/\/pangee.org\/index.php\/wp-json\/wp\/v2\/pages"}],"about":[{"href":"https:\/\/pangee.org\/index.php\/wp-json\/wp\/v2\/types\/page"}],"author":[{"embeddable":true,"href":"https:\/\/pangee.org\/index.php\/wp-json\/wp\/v2\/users\/1"}],"replies":[{"embeddable":true,"href":"https:\/\/pangee.org\/index.php\/wp-json\/wp\/v2\/comments?post=5872"}],"version-history":[{"count":4,"href":"https:\/\/pangee.org\/index.php\/wp-json\/wp\/v2\/pages\/5872\/revisions"}],"predecessor-version":[{"id":5888,"href":"https:\/\/pangee.org\/index.php\/wp-json\/wp\/v2\/pages\/5872\/revisions\/5888"}],"wp:attachment":[{"href":"https:\/\/pangee.org\/index.php\/wp-json\/wp\/v2\/media?parent=5872"}],"curies":[{"name":"wp","href":"https:\/\/api.w.org\/{rel}","templated":true}]}}