{"id":6357,"date":"2022-12-06T11:40:44","date_gmt":"2022-12-06T10:40:44","guid":{"rendered":"http:\/\/pangee.org\/?page_id=6357"},"modified":"2023-03-20T11:35:39","modified_gmt":"2023-03-20T10:35:39","slug":"evaluation-du-stagiaire","status":"publish","type":"page","link":"https:\/\/pangee.org\/index.php\/evaluation-du-stagiaire\/","title":{"rendered":"EVALUATION DU STAGIAIRE"},"content":{"rendered":"\t\t<div data-elementor-type=\"wp-page\" data-elementor-id=\"6357\" class=\"elementor elementor-6357\">\n\t\t\t\t\t\t<section class=\"has-el-gap el-gap-default elementor-section elementor-top-section elementor-element elementor-element-4d1eff8 elementor-section-boxed elementor-section-height-default elementor-section-height-default\" data-id=\"4d1eff8\" data-element_type=\"section\">\n\t\t\t\t\t\t<div class=\"elementor-container elementor-column-gap-no\">\n\t\t\t\t\t<div class=\"elementor-column elementor-col-100 elementor-top-column elementor-element elementor-element-ed06875\" data-id=\"ed06875\" data-element_type=\"column\">\n\t\t\t<div class=\"elementor-widget-wrap elementor-element-populated\">\n\t\t\t\t\t\t<div class=\"elementor-element elementor-element-342f3d7 elementor-widget elementor-widget-spacer\" data-id=\"342f3d7\" data-element_type=\"widget\" data-widget_type=\"spacer.default\">\n\t\t\t\t<div class=\"elementor-widget-container\">\n\t\t\t\t\t\t\t<div class=\"elementor-spacer\">\n\t\t\t<div class=\"elementor-spacer-inner\"><\/div>\n\t\t<\/div>\n\t\t\t\t\t\t<\/div>\n\t\t\t\t<\/div>\n\t\t\t\t\t<\/div>\n\t\t<\/div>\n\t\t\t\t\t<\/div>\n\t\t<\/section>\n\t\t\t\t<section class=\"has-el-gap el-gap-default elementor-section elementor-top-section elementor-element elementor-element-9392a5f elementor-section-boxed elementor-section-height-default elementor-section-height-default\" data-id=\"9392a5f\" data-element_type=\"section\">\n\t\t\t\t\t\t<div class=\"elementor-container elementor-column-gap-no\">\n\t\t\t\t\t<div class=\"elementor-column elementor-col-100 elementor-top-column elementor-element elementor-element-4c523e8\" data-id=\"4c523e8\" data-element_type=\"column\">\n\t\t\t<div class=\"elementor-widget-wrap elementor-element-populated\">\n\t\t\t\t\t\t<div class=\"elementor-element elementor-element-b6a28a4 elementor-widget elementor-widget-heading\" data-id=\"b6a28a4\" data-element_type=\"widget\" data-widget_type=\"heading.default\">\n\t\t\t\t<div class=\"elementor-widget-container\">\n\t\t\t\t\t<h1 class=\"elementor-heading-title elementor-size-default\">MODALIT\u00c9S D'\u00c9VALUATION DU STAGIAIRE<\/h1>\t\t\t\t<\/div>\n\t\t\t\t<\/div>\n\t\t\t\t\t<\/div>\n\t\t<\/div>\n\t\t\t\t\t<\/div>\n\t\t<\/section>\n\t\t\t\t<section class=\"has-el-gap el-gap-default elementor-section elementor-top-section elementor-element elementor-element-515b27a elementor-section-boxed elementor-section-height-default elementor-section-height-default\" data-id=\"515b27a\" data-element_type=\"section\">\n\t\t\t\t\t\t<div class=\"elementor-container elementor-column-gap-no\">\n\t\t\t\t\t<div class=\"elementor-column elementor-col-100 elementor-top-column elementor-element elementor-element-21769b4\" data-id=\"21769b4\" data-element_type=\"column\">\n\t\t\t<div class=\"elementor-widget-wrap elementor-element-populated\">\n\t\t\t\t\t\t<div class=\"elementor-element elementor-element-3bea1a3 elementor-widget elementor-widget-text-editor\" data-id=\"3bea1a3\" data-element_type=\"widget\" data-widget_type=\"text-editor.default\">\n\t\t\t\t<div class=\"elementor-widget-container\">\n\t\t\t\t\t\t\t\t\t<div><div><div title=\"Page 1\"><div><div><blockquote><p><span style=\"font-family: Abel;\"><span style=\"font-size: 12pt;\">Une fois la mise en place du parcours de formation \u00e9tablie selon les normes pr\u00e9cis\u00e9es dans la partie \u201cModalit\u00e9s d\u2019acc\u00e8s \u00e0 la Formation\u201d, un <em><strong><span style=\"color: #0c71c3;\">formulaire d\u2019\u00e9valuation obligatoire est alors soumis au stagiaire<\/span>.<\/strong><\/em> Egalement appel\u00e9 <span style=\"color: #0c71c3;\"><em><strong>\u201cBilan p\u00e9dagogique\u201d d\u2019avant stage,<\/strong><\/em><\/span> ce questionnaire interactif envoy\u00e9 par mail comprend une s\u00e9rie de questions en rapport avec la th\u00e9matique choisie et permet de lever le voile sur les besoins et les manques du stagiaire.<\/span><\/span><\/p><p>\u00a0<\/p><p><span style=\"font-family: Abel;\"><span style=\"font-size: 12pt;\">Selon les r\u00e9ponses apport\u00e9es, le responsable p\u00e9dagogique obtient ainsi une meilleure lisibilit\u00e9 sur les pr\u00e9-requis de la personne, sur ses points forts et ses points faibles. En outre, une fois remis au formateur responsable de celle-ci, ce formulaire permet d\u2019adapter le contenu du cours en fonction des connaissances pr\u00e9sum\u00e9es pr\u00e9alablement acquises et celles qui, \u00e0 l\u2019inverse, m\u00e9ritent un d\u00e9veloppement plus pouss\u00e9 de la part du formateur.<\/span><\/span><\/p><p><span style=\"font-family: Abel;\"><span style=\"font-size: 12pt;\">Le bilan p\u00e9dagogique permet de dresser <em><strong><span style=\"color: #0c71c3;\">la feuille de route indispensable au d\u00e9but du parcours de formation<\/span><\/strong><\/em>. Sans lui, impossible de r\u00e9pondre de mani\u00e8re pr\u00e9cise aux souhaits du stagiaire, de fixer et de r\u00e9pondre \u00e0 ses objectifs initiaux.<\/span><\/span><\/p><p>\u00a0<\/p><span style=\"font-family: Abel;\"><span style=\"font-size: 12pt;\">Le bilan p\u00e9dagogique initial constitue un outil pr\u00e9cieux tout au long de la phase de formation dans la mesure ou il permet d\u2019\u00e9tablir <span style=\"color: #0c71c3;\"><em><strong>un tableau \u00e9volutif des acquis et de la progression du stagiaire en fonction des r\u00e9ponses apport\u00e9es avant la formation et des progr\u00e8s constat\u00e9s et retranscrits par le formateur tout au long du parcours de formation.<\/strong><\/em><\/span><\/span><\/span><p>\u00a0<\/p><p><span style=\"font-size: 12.000000pt; font-family: 'Calibri';\">Chaque bilan p\u00e9dagogique, dans le respect de la d\u00e9marche Qualit\u00e9, permet aussi de :<br \/><\/span><\/p><p style=\"text-align: justify;\">\u00a0<\/p><ul><li><span style=\"color: #0c71c3;\"><em>Diagnostiquer les besoins sp\u00e9cifiques du stagiaire.<\/em><\/span><\/li><li><span style=\"color: #0c71c3;\"> <em>V\u00e9rifier les pr\u00e9requis du stagiaire avant l\u2019entr\u00e9e en formation.<\/em><\/span><\/li><li><span style=\"color: #0c71c3;\"> <em>Evaluer les comp\u00e9tences acquises \u00e0 l\u2019issue de la formation par le stagiaire, dresser le bilan de sa progression, mettre en lumi\u00e8re les \u00e9l\u00e9ments propices \u00e0 sa progression.<\/em><\/span><\/li><\/ul><\/blockquote><\/div><\/div><\/div><\/div><\/div>\t\t\t\t\t\t\t\t<\/div>\n\t\t\t\t<\/div>\n\t\t\t\t<div class=\"elementor-element elementor-element-9f506f9 elementor-widget-divider--view-line elementor-widget elementor-widget-divider\" data-id=\"9f506f9\" data-element_type=\"widget\" data-widget_type=\"divider.default\">\n\t\t\t\t<div class=\"elementor-widget-container\">\n\t\t\t\t\t\t\t<div class=\"elementor-divider\">\n\t\t\t<span class=\"elementor-divider-separator\">\n\t\t\t\t\t\t<\/span>\n\t\t<\/div>\n\t\t\t\t\t\t<\/div>\n\t\t\t\t<\/div>\n\t\t\t\t\t<\/div>\n\t\t<\/div>\n\t\t\t\t\t<\/div>\n\t\t<\/section>\n\t\t\t\t<section class=\"has-el-gap el-gap-default elementor-section elementor-top-section elementor-element elementor-element-7bd634a elementor-section-boxed elementor-section-height-default elementor-section-height-default\" data-id=\"7bd634a\" data-element_type=\"section\">\n\t\t\t\t\t\t<div class=\"elementor-container elementor-column-gap-no\">\n\t\t\t\t\t<div class=\"elementor-column elementor-col-100 elementor-top-column elementor-element elementor-element-fc1da89\" data-id=\"fc1da89\" data-element_type=\"column\">\n\t\t\t<div class=\"elementor-widget-wrap elementor-element-populated\">\n\t\t\t\t\t\t<div class=\"elementor-element elementor-element-4cb3f8c elementor-widget elementor-widget-image\" data-id=\"4cb3f8c\" data-element_type=\"widget\" data-widget_type=\"image.default\">\n\t\t\t\t<div class=\"elementor-widget-container\">\n\t\t\t\t\t\t\t\t\t\t\t\t\t\t\t<img fetchpriority=\"high\" decoding=\"async\" class=\"attachment-large size-large wp-image-6362 lazyload\" width=\"1024\" height=\"768\" src=\"data:image\/svg+xml;base64,PHN2ZyB2aWV3Qm94PScwIDAgMTAyNCA3NjgnIHhtbG5zPSdodHRwOi8vd3d3LnczLm9yZy8yMDAwL3N2Zyc+PC9zdmc+\" alt srcset=\"https:\/\/pangee.org\/wp-content\/uploads\/2022\/12\/language-school-834140_1920-1024x768.jpg 1024w, https:\/\/pangee.org\/wp-content\/uploads\/2022\/12\/language-school-834140_1920-300x225.jpg 300w, https:\/\/pangee.org\/wp-content\/uploads\/2022\/12\/language-school-834140_1920-768x576.jpg 768w, https:\/\/pangee.org\/wp-content\/uploads\/2022\/12\/language-school-834140_1920-1536x1152.jpg 1536w, https:\/\/pangee.org\/wp-content\/uploads\/2022\/12\/language-school-834140_1920-150x113.jpg 150w, https:\/\/pangee.org\/wp-content\/uploads\/2022\/12\/language-school-834140_1920-450x338.jpg 450w, https:\/\/pangee.org\/wp-content\/uploads\/2022\/12\/language-school-834140_1920-1200x900.jpg 1200w, https:\/\/pangee.org\/wp-content\/uploads\/2022\/12\/language-school-834140_1920.jpg 1920w\" sizes=\"(max-width: 1024px) 100vw, 1024px\" data-src=\"https:\/\/pangee.org\/wp-content\/uploads\/2022\/12\/language-school-834140_1920-1024x768.jpg\" \/>\t\t\t\t\t\t\t\t\t\t\t\t\t\t\t<\/div>\n\t\t\t\t<\/div>\n\t\t\t\t\t<\/div>\n\t\t<\/div>\n\t\t\t\t\t<\/div>\n\t\t<\/section>\n\t\t\t\t<\/div>\n\t\t","protected":false},"excerpt":{"rendered":"<p>MODALIT\u00c9S D&rsquo;\u00c9VALUATION DU STAGIAIRE Une fois la mise en place du parcours de formation \u00e9tablie selon les normes pr\u00e9cis\u00e9es dans la partie \u201cModalit\u00e9s d\u2019acc\u00e8s \u00e0 la Formation\u201d, un formulaire d\u2019\u00e9valuation obligatoire est alors soumis au stagiaire. Egalement appel\u00e9 \u201cBilan p\u00e9dagogique\u201d d\u2019avant stage, ce questionnaire interactif envoy\u00e9 par mail comprend une s\u00e9rie de questions en rapport<\/p>\n","protected":false},"author":1,"featured_media":0,"parent":0,"menu_order":0,"comment_status":"closed","ping_status":"closed","template":"page-templates\/no-wrapper.php","meta":{"footnotes":""},"class_list":["post-6357","page","type-page","status-publish"],"_links":{"self":[{"href":"https:\/\/pangee.org\/index.php\/wp-json\/wp\/v2\/pages\/6357","targetHints":{"allow":["GET"]}}],"collection":[{"href":"https:\/\/pangee.org\/index.php\/wp-json\/wp\/v2\/pages"}],"about":[{"href":"https:\/\/pangee.org\/index.php\/wp-json\/wp\/v2\/types\/page"}],"author":[{"embeddable":true,"href":"https:\/\/pangee.org\/index.php\/wp-json\/wp\/v2\/users\/1"}],"replies":[{"embeddable":true,"href":"https:\/\/pangee.org\/index.php\/wp-json\/wp\/v2\/comments?post=6357"}],"version-history":[{"count":16,"href":"https:\/\/pangee.org\/index.php\/wp-json\/wp\/v2\/pages\/6357\/revisions"}],"predecessor-version":[{"id":6685,"href":"https:\/\/pangee.org\/index.php\/wp-json\/wp\/v2\/pages\/6357\/revisions\/6685"}],"wp:attachment":[{"href":"https:\/\/pangee.org\/index.php\/wp-json\/wp\/v2\/media?parent=6357"}],"curies":[{"name":"wp","href":"https:\/\/api.w.org\/{rel}","templated":true}]}}