{"id":6367,"date":"2022-12-06T11:49:51","date_gmt":"2022-12-06T10:49:51","guid":{"rendered":"http:\/\/pangee.org\/?page_id=6367"},"modified":"2023-03-20T11:36:18","modified_gmt":"2023-03-20T10:36:18","slug":"convocation-et-programmation","status":"publish","type":"page","link":"https:\/\/pangee.org\/index.php\/convocation-et-programmation\/","title":{"rendered":"CONVOCATION ET PROGRAMMATION"},"content":{"rendered":"\t\t<div data-elementor-type=\"wp-page\" data-elementor-id=\"6367\" class=\"elementor elementor-6367\">\n\t\t\t\t\t\t<section class=\"has-el-gap el-gap-default elementor-section elementor-top-section elementor-element elementor-element-4d1eff8 elementor-section-boxed elementor-section-height-default elementor-section-height-default\" data-id=\"4d1eff8\" data-element_type=\"section\">\n\t\t\t\t\t\t<div class=\"elementor-container elementor-column-gap-no\">\n\t\t\t\t\t<div class=\"elementor-column elementor-col-100 elementor-top-column elementor-element elementor-element-ed06875\" data-id=\"ed06875\" data-element_type=\"column\">\n\t\t\t<div class=\"elementor-widget-wrap elementor-element-populated\">\n\t\t\t\t\t\t<div class=\"elementor-element elementor-element-d5e6ba1 elementor-widget elementor-widget-spacer\" data-id=\"d5e6ba1\" data-element_type=\"widget\" data-widget_type=\"spacer.default\">\n\t\t\t\t<div class=\"elementor-widget-container\">\n\t\t\t\t\t\t\t<div class=\"elementor-spacer\">\n\t\t\t<div class=\"elementor-spacer-inner\"><\/div>\n\t\t<\/div>\n\t\t\t\t\t\t<\/div>\n\t\t\t\t<\/div>\n\t\t\t\t\t<\/div>\n\t\t<\/div>\n\t\t\t\t\t<\/div>\n\t\t<\/section>\n\t\t\t\t<section class=\"has-el-gap el-gap-default elementor-section elementor-top-section elementor-element elementor-element-9392a5f elementor-section-boxed elementor-section-height-default elementor-section-height-default\" data-id=\"9392a5f\" data-element_type=\"section\">\n\t\t\t\t\t\t<div class=\"elementor-container elementor-column-gap-no\">\n\t\t\t\t\t<div class=\"elementor-column elementor-col-100 elementor-top-column elementor-element elementor-element-4c523e8\" data-id=\"4c523e8\" data-element_type=\"column\">\n\t\t\t<div class=\"elementor-widget-wrap elementor-element-populated\">\n\t\t\t\t\t\t<div class=\"elementor-element elementor-element-b6a28a4 elementor-widget elementor-widget-heading\" data-id=\"b6a28a4\" data-element_type=\"widget\" data-widget_type=\"heading.default\">\n\t\t\t\t<div class=\"elementor-widget-container\">\n\t\t\t\t\t<h1 class=\"elementor-heading-title elementor-size-default\">CONVOCATION ET PROGRAMMATION<\/h1>\t\t\t\t<\/div>\n\t\t\t\t<\/div>\n\t\t\t\t\t<\/div>\n\t\t<\/div>\n\t\t\t\t\t<\/div>\n\t\t<\/section>\n\t\t\t\t<section class=\"has-el-gap el-gap-default elementor-section elementor-top-section elementor-element elementor-element-515b27a elementor-section-boxed elementor-section-height-default elementor-section-height-default\" data-id=\"515b27a\" data-element_type=\"section\">\n\t\t\t\t\t\t<div class=\"elementor-container elementor-column-gap-no\">\n\t\t\t\t\t<div class=\"elementor-column elementor-col-100 elementor-top-column elementor-element elementor-element-21769b4\" data-id=\"21769b4\" data-element_type=\"column\">\n\t\t\t<div class=\"elementor-widget-wrap elementor-element-populated\">\n\t\t\t\t\t\t<div class=\"elementor-element elementor-element-3bea1a3 elementor-widget elementor-widget-text-editor\" data-id=\"3bea1a3\" data-element_type=\"widget\" data-widget_type=\"text-editor.default\">\n\t\t\t\t<div class=\"elementor-widget-container\">\n\t\t\t\t\t\t\t\t\t<div class=\"page\" title=\"Page 1\">\n<div class=\"layoutArea\">\n<div class=\"column\">\n<p><span style=\"font-family: Abel;\"><span style=\"font-size: 12pt;\">Une fois les modalit\u00e9s d\u2019acc\u00e8s \u00e0 la formation convenues et l\u2019\u00e9valuation d\u2019avant stage (pr\u00e9-requis) remplie, nous nous mettons d\u2019accord avec le stagiaire sur les points ci-dessous :<\/span><\/span><\/p>\n<\/div>\n<\/div>\n<\/div>\n<div class=\"page\" title=\"Page 2\">\n<div class=\"layoutArea\">\n<div class=\"column\">\n<\/div>\n<\/div>\n<\/div>\n<div class=\"et_pb_row et_pb_row_1\">\n<div class=\"et_pb_column et_pb_column_4_4 et_pb_column_1 et_pb_css_mix_blend_mode_passthrough et-last-child\">\n<div class=\"et_pb_module et_pb_text et_pb_text_1 et_pb_text_align_left et_pb_bg_layout_light\">\n<div class=\"et_pb_text_inner\">\n<div class=\"page\" title=\"Page 1\">\n<div class=\"layoutArea\">\n<div class=\"column\">\n<h1 style=\"text-align: center;\"><strong><span style=\"font-size: 12pt; font-family: Abel; color: #0c71c3;\">PROGRAMMATION DES HORAIRES ET DE LA DUR\u00c9E DE LA FORMATION<br><br><\/span><\/strong><\/h1>\n<\/div>\n<\/div>\n<\/div>\n<\/div>\n<\/div>\n<div class=\"et_pb_module et_pb_text et_pb_text_2 et_pb_text_align_left et_pb_bg_layout_light\">\n<div class=\"et_pb_text_inner\">\n<div class=\"page\" title=\"Page 1\">\n<div class=\"layoutArea\">\n<div class=\"column\">\n<blockquote>\n<p style=\"text-align: justify;\"><span style=\"font-size: 12.000000pt; font-family: 'Calibri';\">En accord entre les deux parties, le stagiaire se voit remettre par nos services un calendrier horaire pr\u00e9visionnel qu\u2019il acceptera dans sa totalit\u00e9 ou en partie. Il est alors libre de refuser certaines plages horaires en fonction de ses disponibilit\u00e9s du moment. Un nouveau calendrier lui sera propos\u00e9 en tenant compte de ses remarques. Une fois valid\u00e9, ce calendrier fera office de feuille de route d\u00e9finitive et fixera le d\u00e9but et la fin du processus de formation.<\/span><span style=\"font-size: 12.000000pt; font-family: 'Calibri';\"><br><br><\/span><\/p>\n<\/blockquote>\n<\/div>\n<\/div>\n<\/div>\n<\/div>\n<\/div>\n<div class=\"et_pb_module et_pb_text et_pb_text_3 et_pb_text_align_left et_pb_bg_layout_light\">\n<div class=\"et_pb_text_inner\">\n<div class=\"page\" title=\"Page 1\">\n<div class=\"layoutArea\">\n<div class=\"column\">\n<p style=\"text-align: center;\"><strong><span style=\"font-size: 12pt; font-family: Abel; color: #0c71c3;\">CONVOCATION DE STAGE REMISE AU STAGIAIRE<br><br><\/span><\/strong><\/p>\n<\/div>\n<\/div>\n<\/div>\n<\/div>\n<\/div>\n<div class=\"et_pb_module et_pb_text et_pb_text_4 et_pb_text_align_left et_pb_bg_layout_light\">\n<div class=\"et_pb_text_inner\">\n<div class=\"page\" title=\"Page 1\">\n<div class=\"layoutArea\">\n<div class=\"column\">\n<blockquote>\n<p style=\"text-align: justify;\"><span style=\"font-size: 12.000000pt; font-family: 'Calibri';\">Une fois l\u2019ensemble des points concr\u00e9tis\u00e9, l\u2019apprenant re\u00e7oit une convocation de stage professionnelle qui reprend, points par points, les modalit\u00e9s fix\u00e9es en amont avec nos services :<br><\/span><\/p>\n<p style=\"text-align: justify;\">\n<\/p><ul>\n<li><span style=\"color: #0c71c3;\"><em>Le th\u00e8me de la formation<br><\/em><\/span><\/li>\n<li><span style=\"color: #0c71c3;\"><em> L<\/em><em>e lieu de la formation.<\/em><\/span><\/li>\n<li><span style=\"color: #0c71c3;\"><em>La dur\u00e9e du stage<br><\/em><\/span><\/li>\n<li><span style=\"color: #0c71c3;\"><em>La date du d\u00e9but de la Formation<\/em><\/span><\/li>\n<li><span style=\"color: #0c71c3;\"><em>Le nom et le pr\u00e9nom du stagiaire<\/em><\/span><\/li>\n<li><span style=\"color: #0c71c3;\"><em>Le type de stage : pr\u00e9sentiel \/ distanciel, Individuel \/ Groupe<br><br><\/em><\/span><\/li>\n<\/ul>\n<\/blockquote>\n<\/div>\n<\/div>\n<\/div>\n<\/div>\n<\/div>\n<\/div>\n<\/div>\n<div class=\"et_pb_row et_pb_row_2\">\n<div class=\"et_pb_column et_pb_column_4_4 et_pb_column_2 et_pb_css_mix_blend_mode_passthrough et-last-child\">\n<div class=\"et_pb_module et_pb_text et_pb_text_5 et_pb_text_align_left et_pb_bg_layout_light\">\n<div class=\"et_pb_text_inner\">\n<p>La formation peut alors commencer.<\/p>\n<\/div>\n<\/div>\n<\/div>\n<\/div>\t\t\t\t\t\t\t\t<\/div>\n\t\t\t\t<\/div>\n\t\t\t\t<div class=\"elementor-element elementor-element-9f506f9 elementor-widget-divider--view-line elementor-widget elementor-widget-divider\" data-id=\"9f506f9\" data-element_type=\"widget\" data-widget_type=\"divider.default\">\n\t\t\t\t<div class=\"elementor-widget-container\">\n\t\t\t\t\t\t\t<div class=\"elementor-divider\">\n\t\t\t<span class=\"elementor-divider-separator\">\n\t\t\t\t\t\t<\/span>\n\t\t<\/div>\n\t\t\t\t\t\t<\/div>\n\t\t\t\t<\/div>\n\t\t\t\t\t<\/div>\n\t\t<\/div>\n\t\t\t\t\t<\/div>\n\t\t<\/section>\n\t\t\t\t<section class=\"has-el-gap el-gap-default elementor-section elementor-top-section elementor-element elementor-element-7bd634a elementor-section-boxed elementor-section-height-default elementor-section-height-default\" data-id=\"7bd634a\" data-element_type=\"section\">\n\t\t\t\t\t\t<div class=\"elementor-container elementor-column-gap-no\">\n\t\t\t\t\t<div class=\"elementor-column elementor-col-100 elementor-top-column elementor-element elementor-element-fc1da89\" data-id=\"fc1da89\" data-element_type=\"column\">\n\t\t\t<div class=\"elementor-widget-wrap elementor-element-populated\">\n\t\t\t\t\t\t<div class=\"elementor-element elementor-element-4cb3f8c elementor-widget elementor-widget-image\" data-id=\"4cb3f8c\" data-element_type=\"widget\" data-widget_type=\"image.default\">\n\t\t\t\t<div class=\"elementor-widget-container\">\n\t\t\t\t\t\t\t\t\t\t\t\t\t\t\t<img fetchpriority=\"high\" decoding=\"async\" class=\"attachment-large size-large wp-image-6369 lazyload\" width=\"1024\" height=\"519\" src=\"data:image\/svg+xml;base64,PHN2ZyB2aWV3Qm94PScwIDAgMTAyNCA1MTknIHhtbG5zPSdodHRwOi8vd3d3LnczLm9yZy8yMDAwL3N2Zyc+PC9zdmc+\" alt srcset=\"https:\/\/pangee.org\/wp-content\/uploads\/2022\/12\/shaking-hands-3091906_1920-1024x519.jpg 1024w, https:\/\/pangee.org\/wp-content\/uploads\/2022\/12\/shaking-hands-3091906_1920-300x152.jpg 300w, https:\/\/pangee.org\/wp-content\/uploads\/2022\/12\/shaking-hands-3091906_1920-768x390.jpg 768w, https:\/\/pangee.org\/wp-content\/uploads\/2022\/12\/shaking-hands-3091906_1920-1536x779.jpg 1536w, https:\/\/pangee.org\/wp-content\/uploads\/2022\/12\/shaking-hands-3091906_1920-150x76.jpg 150w, https:\/\/pangee.org\/wp-content\/uploads\/2022\/12\/shaking-hands-3091906_1920-450x228.jpg 450w, https:\/\/pangee.org\/wp-content\/uploads\/2022\/12\/shaking-hands-3091906_1920-1200x609.jpg 1200w, https:\/\/pangee.org\/wp-content\/uploads\/2022\/12\/shaking-hands-3091906_1920.jpg 1920w\" sizes=\"(max-width: 1024px) 100vw, 1024px\" data-src=\"https:\/\/pangee.org\/wp-content\/uploads\/2022\/12\/shaking-hands-3091906_1920-1024x519.jpg\" \/>\t\t\t\t\t\t\t\t\t\t\t\t\t\t\t<\/div>\n\t\t\t\t<\/div>\n\t\t\t\t\t<\/div>\n\t\t<\/div>\n\t\t\t\t\t<\/div>\n\t\t<\/section>\n\t\t\t\t<\/div>\n\t\t","protected":false},"excerpt":{"rendered":"<p>CONVOCATION ET PROGRAMMATION Une fois les modalit\u00e9s d\u2019acc\u00e8s \u00e0 la formation convenues et l\u2019\u00e9valuation d\u2019avant stage (pr\u00e9-requis) remplie, nous nous mettons d\u2019accord avec le stagiaire sur les points ci-dessous : PROGRAMMATION DES HORAIRES ET DE LA DUR\u00c9E DE LA FORMATION En accord entre les deux parties, le stagiaire se voit remettre par nos services un<\/p>\n","protected":false},"author":1,"featured_media":0,"parent":0,"menu_order":0,"comment_status":"closed","ping_status":"closed","template":"page-templates\/no-wrapper.php","meta":{"footnotes":""},"class_list":["post-6367","page","type-page","status-publish"],"_links":{"self":[{"href":"https:\/\/pangee.org\/index.php\/wp-json\/wp\/v2\/pages\/6367","targetHints":{"allow":["GET"]}}],"collection":[{"href":"https:\/\/pangee.org\/index.php\/wp-json\/wp\/v2\/pages"}],"about":[{"href":"https:\/\/pangee.org\/index.php\/wp-json\/wp\/v2\/types\/page"}],"author":[{"embeddable":true,"href":"https:\/\/pangee.org\/index.php\/wp-json\/wp\/v2\/users\/1"}],"replies":[{"embeddable":true,"href":"https:\/\/pangee.org\/index.php\/wp-json\/wp\/v2\/comments?post=6367"}],"version-history":[{"count":10,"href":"https:\/\/pangee.org\/index.php\/wp-json\/wp\/v2\/pages\/6367\/revisions"}],"predecessor-version":[{"id":6688,"href":"https:\/\/pangee.org\/index.php\/wp-json\/wp\/v2\/pages\/6367\/revisions\/6688"}],"wp:attachment":[{"href":"https:\/\/pangee.org\/index.php\/wp-json\/wp\/v2\/media?parent=6367"}],"curies":[{"name":"wp","href":"https:\/\/api.w.org\/{rel}","templated":true}]}}