{"id":6374,"date":"2022-12-06T11:53:46","date_gmt":"2022-12-06T10:53:46","guid":{"rendered":"http:\/\/pangee.org\/?page_id=6374"},"modified":"2023-03-20T11:44:08","modified_gmt":"2023-03-20T10:44:08","slug":"execution-de-la-formation","status":"publish","type":"page","link":"https:\/\/pangee.org\/index.php\/execution-de-la-formation\/","title":{"rendered":"EXECUTION DE LA FORMATION"},"content":{"rendered":"\t\t<div data-elementor-type=\"wp-page\" data-elementor-id=\"6374\" class=\"elementor elementor-6374\">\n\t\t\t\t\t\t<section class=\"has-el-gap el-gap-default elementor-section elementor-top-section elementor-element elementor-element-4d1eff8 elementor-section-boxed elementor-section-height-default elementor-section-height-default\" data-id=\"4d1eff8\" data-element_type=\"section\">\n\t\t\t\t\t\t<div class=\"elementor-container elementor-column-gap-no\">\n\t\t\t\t\t<div class=\"elementor-column elementor-col-100 elementor-top-column elementor-element elementor-element-ed06875\" data-id=\"ed06875\" data-element_type=\"column\">\n\t\t\t<div class=\"elementor-widget-wrap elementor-element-populated\">\n\t\t\t\t\t\t<div class=\"elementor-element elementor-element-8cf62ea elementor-widget elementor-widget-spacer\" data-id=\"8cf62ea\" data-element_type=\"widget\" data-widget_type=\"spacer.default\">\n\t\t\t\t<div class=\"elementor-widget-container\">\n\t\t\t\t\t\t\t<div class=\"elementor-spacer\">\n\t\t\t<div class=\"elementor-spacer-inner\"><\/div>\n\t\t<\/div>\n\t\t\t\t\t\t<\/div>\n\t\t\t\t<\/div>\n\t\t\t\t\t<\/div>\n\t\t<\/div>\n\t\t\t\t\t<\/div>\n\t\t<\/section>\n\t\t\t\t<section class=\"has-el-gap el-gap-default elementor-section elementor-top-section elementor-element elementor-element-9392a5f elementor-section-boxed elementor-section-height-default elementor-section-height-default\" data-id=\"9392a5f\" data-element_type=\"section\">\n\t\t\t\t\t\t<div class=\"elementor-container elementor-column-gap-no\">\n\t\t\t\t\t<div class=\"elementor-column elementor-col-100 elementor-top-column elementor-element elementor-element-4c523e8\" data-id=\"4c523e8\" data-element_type=\"column\">\n\t\t\t<div class=\"elementor-widget-wrap elementor-element-populated\">\n\t\t\t\t\t\t<div class=\"elementor-element elementor-element-b6a28a4 elementor-widget elementor-widget-heading\" data-id=\"b6a28a4\" data-element_type=\"widget\" data-widget_type=\"heading.default\">\n\t\t\t\t<div class=\"elementor-widget-container\">\n\t\t\t\t\t<h1 class=\"elementor-heading-title elementor-size-default\">EXECUTION DE LA FORMATION<\/h1>\t\t\t\t<\/div>\n\t\t\t\t<\/div>\n\t\t\t\t\t<\/div>\n\t\t<\/div>\n\t\t\t\t\t<\/div>\n\t\t<\/section>\n\t\t\t\t<section class=\"has-el-gap el-gap-default elementor-section elementor-top-section elementor-element elementor-element-515b27a elementor-section-boxed elementor-section-height-default elementor-section-height-default\" data-id=\"515b27a\" data-element_type=\"section\">\n\t\t\t\t\t\t<div class=\"elementor-container elementor-column-gap-no\">\n\t\t\t\t\t<div class=\"elementor-column elementor-col-100 elementor-top-column elementor-element elementor-element-21769b4\" data-id=\"21769b4\" data-element_type=\"column\">\n\t\t\t<div class=\"elementor-widget-wrap elementor-element-populated\">\n\t\t\t\t\t\t<div class=\"elementor-element elementor-element-3bea1a3 elementor-widget elementor-widget-text-editor\" data-id=\"3bea1a3\" data-element_type=\"widget\" data-widget_type=\"text-editor.default\">\n\t\t\t\t<div class=\"elementor-widget-container\">\n\t\t\t\t\t\t\t\t\t<div title=\"Page 1\"><div><div><p><span style=\"font-family: Abel;\"><span style=\"font-size: 12pt;\">Notre \u00e9quipe reste mobilis\u00e9e tout le long de votre parcours de formation et se tient toujours \u00e0 votre service pour toute demande d\u2019informations.<\/span><\/span><\/p><\/div><\/div><\/div><div title=\"Page 2\"><div><div><p>\u00a0<\/p><\/div><\/div><\/div><div><div><div title=\"Page 1\"><div><div><span style=\"font-size: 12.000000pt; font-family: 'Calibri';\">Qu\u2019il s\u2019agisse de questions d\u2019ordre p\u00e9dagogique ou de nature organisationnelle, le responsable p\u00e9dagogique et le formateur veillent au bon d\u00e9roulement de votre parcours du d\u00e9but \u00e0 la fin de votre formation.<br \/><\/span><\/div><div><span style=\"font-size: 12.000000pt; font-family: 'Calibri';\">\u00a0<\/span><\/div><\/div><\/div><\/div><\/div><p><span style=\"font-size: 12.000000pt; font-family: 'Calibri';\">Lors de votre formation, des tests d\u2019\u00e9valuation en fonction des s\u00e9ances ou en fin de stage seront \u00e9labor\u00e9s pour permettre de r\u00e9pondre \u00e0 une bonne gestion de la d\u00e9marche qualit\u00e9 et d\u2019\u00e9valuer, de mani\u00e8re progressive, l\u2019avanc\u00e9e de vos progr\u00e8s.<\/span><\/p>\t\t\t\t\t\t\t\t<\/div>\n\t\t\t\t<\/div>\n\t\t\t\t<div class=\"elementor-element elementor-element-9f506f9 elementor-widget-divider--view-line elementor-widget elementor-widget-divider\" data-id=\"9f506f9\" data-element_type=\"widget\" data-widget_type=\"divider.default\">\n\t\t\t\t<div class=\"elementor-widget-container\">\n\t\t\t\t\t\t\t<div class=\"elementor-divider\">\n\t\t\t<span class=\"elementor-divider-separator\">\n\t\t\t\t\t\t<\/span>\n\t\t<\/div>\n\t\t\t\t\t\t<\/div>\n\t\t\t\t<\/div>\n\t\t\t\t\t<\/div>\n\t\t<\/div>\n\t\t\t\t\t<\/div>\n\t\t<\/section>\n\t\t\t\t<section class=\"has-el-gap el-gap-default elementor-section elementor-top-section elementor-element elementor-element-7bd634a elementor-section-boxed elementor-section-height-default elementor-section-height-default\" data-id=\"7bd634a\" data-element_type=\"section\">\n\t\t\t\t\t\t<div class=\"elementor-container elementor-column-gap-no\">\n\t\t\t\t\t<div class=\"elementor-column elementor-col-100 elementor-top-column elementor-element elementor-element-fc1da89\" data-id=\"fc1da89\" data-element_type=\"column\">\n\t\t\t<div class=\"elementor-widget-wrap elementor-element-populated\">\n\t\t\t\t\t\t<div class=\"elementor-element elementor-element-4cb3f8c elementor-widget elementor-widget-image\" data-id=\"4cb3f8c\" data-element_type=\"widget\" data-widget_type=\"image.default\">\n\t\t\t\t<div class=\"elementor-widget-container\">\n\t\t\t\t\t\t\t\t\t\t\t\t\t\t\t<img fetchpriority=\"high\" decoding=\"async\" class=\"attachment-large size-large wp-image-6376 lazyload\" width=\"1024\" height=\"683\" src=\"data:image\/svg+xml;base64,PHN2ZyB2aWV3Qm94PScwIDAgMTAyNCA2ODMnIHhtbG5zPSdodHRwOi8vd3d3LnczLm9yZy8yMDAwL3N2Zyc+PC9zdmc+\" alt srcset=\"https:\/\/pangee.org\/wp-content\/uploads\/2022\/12\/people-2557396_1920-1024x683.jpg 1024w, https:\/\/pangee.org\/wp-content\/uploads\/2022\/12\/people-2557396_1920-300x200.jpg 300w, https:\/\/pangee.org\/wp-content\/uploads\/2022\/12\/people-2557396_1920-768x512.jpg 768w, https:\/\/pangee.org\/wp-content\/uploads\/2022\/12\/people-2557396_1920-1536x1024.jpg 1536w, https:\/\/pangee.org\/wp-content\/uploads\/2022\/12\/people-2557396_1920-150x100.jpg 150w, https:\/\/pangee.org\/wp-content\/uploads\/2022\/12\/people-2557396_1920-450x300.jpg 450w, https:\/\/pangee.org\/wp-content\/uploads\/2022\/12\/people-2557396_1920-1200x800.jpg 1200w, https:\/\/pangee.org\/wp-content\/uploads\/2022\/12\/people-2557396_1920.jpg 1920w\" sizes=\"(max-width: 1024px) 100vw, 1024px\" data-src=\"https:\/\/pangee.org\/wp-content\/uploads\/2022\/12\/people-2557396_1920-1024x683.jpg\" \/>\t\t\t\t\t\t\t\t\t\t\t\t\t\t\t<\/div>\n\t\t\t\t<\/div>\n\t\t\t\t\t<\/div>\n\t\t<\/div>\n\t\t\t\t\t<\/div>\n\t\t<\/section>\n\t\t\t\t<\/div>\n\t\t","protected":false},"excerpt":{"rendered":"<p>EXECUTION DE LA FORMATION Notre \u00e9quipe reste mobilis\u00e9e tout le long de votre parcours de formation et se tient toujours \u00e0 votre service pour toute demande d\u2019informations. \u00a0 Qu\u2019il s\u2019agisse de questions d\u2019ordre p\u00e9dagogique ou de nature organisationnelle, le responsable p\u00e9dagogique et le formateur veillent au bon d\u00e9roulement de votre parcours du d\u00e9but \u00e0 la<\/p>\n","protected":false},"author":1,"featured_media":0,"parent":0,"menu_order":0,"comment_status":"closed","ping_status":"closed","template":"page-templates\/no-wrapper.php","meta":{"footnotes":""},"class_list":["post-6374","page","type-page","status-publish"],"_links":{"self":[{"href":"https:\/\/pangee.org\/index.php\/wp-json\/wp\/v2\/pages\/6374","targetHints":{"allow":["GET"]}}],"collection":[{"href":"https:\/\/pangee.org\/index.php\/wp-json\/wp\/v2\/pages"}],"about":[{"href":"https:\/\/pangee.org\/index.php\/wp-json\/wp\/v2\/types\/page"}],"author":[{"embeddable":true,"href":"https:\/\/pangee.org\/index.php\/wp-json\/wp\/v2\/users\/1"}],"replies":[{"embeddable":true,"href":"https:\/\/pangee.org\/index.php\/wp-json\/wp\/v2\/comments?post=6374"}],"version-history":[{"count":10,"href":"https:\/\/pangee.org\/index.php\/wp-json\/wp\/v2\/pages\/6374\/revisions"}],"predecessor-version":[{"id":6703,"href":"https:\/\/pangee.org\/index.php\/wp-json\/wp\/v2\/pages\/6374\/revisions\/6703"}],"wp:attachment":[{"href":"https:\/\/pangee.org\/index.php\/wp-json\/wp\/v2\/media?parent=6374"}],"curies":[{"name":"wp","href":"https:\/\/api.w.org\/{rel}","templated":true}]}}