{"id":6381,"date":"2022-12-06T11:58:56","date_gmt":"2022-12-06T10:58:56","guid":{"rendered":"http:\/\/pangee.org\/?page_id=6381"},"modified":"2023-03-20T11:40:18","modified_gmt":"2023-03-20T10:40:18","slug":"fin-de-votre-parcours-de-formation","status":"publish","type":"page","link":"https:\/\/pangee.org\/index.php\/fin-de-votre-parcours-de-formation\/","title":{"rendered":"FIN DE VOTRE PARCOURS DE FORMATION"},"content":{"rendered":"\t\t<div data-elementor-type=\"wp-page\" data-elementor-id=\"6381\" class=\"elementor elementor-6381\">\n\t\t\t\t\t\t<section class=\"has-el-gap el-gap-default elementor-section elementor-top-section elementor-element elementor-element-4d1eff8 elementor-section-boxed elementor-section-height-default elementor-section-height-default\" data-id=\"4d1eff8\" data-element_type=\"section\">\n\t\t\t\t\t\t<div class=\"elementor-container elementor-column-gap-no\">\n\t\t\t\t\t<div class=\"elementor-column elementor-col-100 elementor-top-column elementor-element elementor-element-ed06875\" data-id=\"ed06875\" data-element_type=\"column\">\n\t\t\t<div class=\"elementor-widget-wrap elementor-element-populated\">\n\t\t\t\t\t\t<div class=\"elementor-element elementor-element-193a2bc elementor-widget elementor-widget-spacer\" data-id=\"193a2bc\" data-element_type=\"widget\" data-widget_type=\"spacer.default\">\n\t\t\t\t<div class=\"elementor-widget-container\">\n\t\t\t\t\t\t\t<div class=\"elementor-spacer\">\n\t\t\t<div class=\"elementor-spacer-inner\"><\/div>\n\t\t<\/div>\n\t\t\t\t\t\t<\/div>\n\t\t\t\t<\/div>\n\t\t\t\t\t<\/div>\n\t\t<\/div>\n\t\t\t\t\t<\/div>\n\t\t<\/section>\n\t\t\t\t<section class=\"has-el-gap el-gap-default elementor-section elementor-top-section elementor-element elementor-element-9392a5f elementor-section-boxed elementor-section-height-default elementor-section-height-default\" data-id=\"9392a5f\" data-element_type=\"section\">\n\t\t\t\t\t\t<div class=\"elementor-container elementor-column-gap-no\">\n\t\t\t\t\t<div class=\"elementor-column elementor-col-100 elementor-top-column elementor-element elementor-element-4c523e8\" data-id=\"4c523e8\" data-element_type=\"column\">\n\t\t\t<div class=\"elementor-widget-wrap elementor-element-populated\">\n\t\t\t\t\t\t<div class=\"elementor-element elementor-element-b6a28a4 elementor-widget elementor-widget-heading\" data-id=\"b6a28a4\" data-element_type=\"widget\" data-widget_type=\"heading.default\">\n\t\t\t\t<div class=\"elementor-widget-container\">\n\t\t\t\t\t<h1 class=\"elementor-heading-title elementor-size-default\">FIN DE LA FORMATION<\/h1>\t\t\t\t<\/div>\n\t\t\t\t<\/div>\n\t\t\t\t\t<\/div>\n\t\t<\/div>\n\t\t\t\t\t<\/div>\n\t\t<\/section>\n\t\t\t\t<section class=\"has-el-gap el-gap-default elementor-section elementor-top-section elementor-element elementor-element-515b27a elementor-section-boxed elementor-section-height-default elementor-section-height-default\" data-id=\"515b27a\" data-element_type=\"section\">\n\t\t\t\t\t\t<div class=\"elementor-container elementor-column-gap-no\">\n\t\t\t\t\t<div class=\"elementor-column elementor-col-100 elementor-top-column elementor-element elementor-element-21769b4\" data-id=\"21769b4\" data-element_type=\"column\">\n\t\t\t<div class=\"elementor-widget-wrap elementor-element-populated\">\n\t\t\t\t\t\t<div class=\"elementor-element elementor-element-3bea1a3 elementor-widget elementor-widget-text-editor\" data-id=\"3bea1a3\" data-element_type=\"widget\" data-widget_type=\"text-editor.default\">\n\t\t\t\t<div class=\"elementor-widget-container\">\n\t\t\t\t\t\t\t\t\t<div>\n<div>\n<div title=\"Page 1\">\n<div>\n<div>\n<p style=\"text-align: justify;\"><strong><span style=\"font-size: 12pt; font-family: Abel; color: #0c71c3;\">PHASE 1. \u00c9VALUATION DE VOS ACQUIS<br><br><\/span><\/strong><\/p>\n<\/div>\n<\/div>\n<\/div>\n<\/div>\n<\/div>\n<div>\n<div>\n<div title=\"Page 1\">\n<div>\n<div><span style=\"font-size: 12.000000pt; font-family: 'Calibri';\">L\u2019\u00e9valuation de vos acquis, en r\u00e9ponse au bilan p\u00e9dagogique rempli avant l\u2019entr\u00e9e en stage, nous permet de mesurer les progr\u00e8s accomplis ou les points \u00e0 revoir tout au long de votre parcours de formation.<\/span>\n<blockquote><p style=\"text-align: justify;\"><span style=\"font-size: 12.000000pt; font-family: 'Calibri';\"><br><\/span><\/p>\n<\/blockquote>\n<\/div>\n<\/div>\n<\/div>\n<\/div>\n<\/div>\n<div>\n<div>\n<div title=\"Page 1\">\n<div>\n<div><strong><span style=\"font-size: 12pt; font-family: Abel; color: #0c71c3;\">PHASE 2. REMISE DE VOTRE ATTESTATION INDIVIDUELLE DE FORMATION<\/span><\/strong><\/div><div><strong><span style=\"font-size: 12pt; font-family: Abel; color: #0c71c3;\"><br><\/span><\/strong>\n<\/div>\n<\/div>\n<\/div>\n<\/div>\n<\/div>\n<div>\n<div>\n<div title=\"Page 1\">\n<div>\n<div><span style=\"font-size: 12.000000pt; font-family: 'Calibri';\">Une attestation individuelle de formation nominative vous est remise. Elle pr\u00e9cisera le niveau final atteint :<\/span>\n<blockquote><ul>\n<li style=\"text-align: justify;\"><span style=\"color: #0c71c3;\"><em><span style=\"font-size: 12.000000pt; font-family: 'Calibri';\">Non acquis<\/span><\/em><\/span><\/li>\n<li style=\"text-align: justify;\"><span style=\"color: #0c71c3;\"><em><span style=\"font-size: 12.000000pt; font-family: 'Calibri';\">Acquis<\/span><\/em><\/span><\/li>\n<li style=\"text-align: justify;\"><span style=\"color: #0c71c3;\"><em><span style=\"font-size: 12.000000pt; font-family: 'Calibri';\">Ma\u00eetris\u00e9<\/span><\/em><\/span><\/li>\n<\/ul>\n<p style=\"text-align: justify;\">\n<\/p><p style=\"text-align: justify;\">\n<\/p><\/blockquote>\n<\/div>\n<\/div>\n<\/div>\n<\/div>\n<\/div>\n<div>\n<div>\n<div title=\"Page 1\">\n<div>\n<div>\n<p style=\"text-align: justify;\"><strong><span style=\"font-size: 12pt; font-family: Abel; color: #0c71c3;\">PHASE 3. REMISE D\u2019UN FORMULAIRE DE SATISFACTION<\/span><\/strong><span style=\"font-size: 12.000000pt; font-family: 'Calibri';\"><br><\/span><\/p>\n<p style=\"text-align: justify;\"><span style=\"font-size: 12.000000pt; font-family: 'Calibri';\">Afin de permettre une transparence totale sur nos services, sur l\u2019organisation et la p\u00e9dagogie de notre centre, il vous sera demand\u00e9 <\/span><span style=\"font-size: 12.000000pt; font-family: 'Calibri';\">de remplir un questionnaire de satisfaction &nbsp;bas\u00e9 sur :<\/span><\/p>\n<ol>\n<li style=\"text-align: justify;\"><span style=\"color: #0c71c3;\"><em><span style=\"font-size: 12.000000pt; font-family: 'Calibri';\">La qualit\u00e9 de l\u2019accueil<\/span><\/em><\/span><\/li>\n<li style=\"text-align: justify;\"><span style=\"color: #0c71c3;\"><em><span style=\"font-size: 12.000000pt; font-family: 'Calibri';\">La gestion de votre dossier<\/span><\/em><\/span><\/li>\n<li style=\"text-align: justify;\"><span style=\"color: #0c71c3;\"><em><span style=\"font-size: 12.000000pt; font-family: 'Calibri';\">La qualit\u00e9 du formateur et de la m\u00e9thode d\u2019enseignement<\/span><\/em><\/span><\/li>\n<li style=\"text-align: justify;\"><span style=\"color: #0c71c3;\"><em><span style=\"font-size: 12.000000pt; font-family: 'Calibri';\">Les points \u00e0 am\u00e9liorer dans notre structure et notre d\u00e9marche qualit\u00e9<\/span><\/em><\/span><\/li>\n<\/ol>\n<\/div>\n<\/div>\n<\/div>\n<\/div>\n<\/div>\n<ul><\/ul>\t\t\t\t\t\t\t\t<\/div>\n\t\t\t\t<\/div>\n\t\t\t\t<div class=\"elementor-element elementor-element-9f506f9 elementor-widget-divider--view-line elementor-widget elementor-widget-divider\" data-id=\"9f506f9\" data-element_type=\"widget\" data-widget_type=\"divider.default\">\n\t\t\t\t<div class=\"elementor-widget-container\">\n\t\t\t\t\t\t\t<div class=\"elementor-divider\">\n\t\t\t<span class=\"elementor-divider-separator\">\n\t\t\t\t\t\t<\/span>\n\t\t<\/div>\n\t\t\t\t\t\t<\/div>\n\t\t\t\t<\/div>\n\t\t\t\t\t<\/div>\n\t\t<\/div>\n\t\t\t\t\t<\/div>\n\t\t<\/section>\n\t\t\t\t<section class=\"has-el-gap el-gap-default elementor-section elementor-top-section elementor-element elementor-element-ff8a587 elementor-section-boxed elementor-section-height-default elementor-section-height-default\" data-id=\"ff8a587\" data-element_type=\"section\">\n\t\t\t\t\t\t<div class=\"elementor-container elementor-column-gap-no\">\n\t\t\t\t\t<div class=\"elementor-column elementor-col-33 elementor-top-column elementor-element elementor-element-dad4a82\" data-id=\"dad4a82\" data-element_type=\"column\">\n\t\t\t<div class=\"elementor-widget-wrap elementor-element-populated\">\n\t\t\t\t\t\t<div class=\"elementor-element elementor-element-a4bd40e elementor-widget elementor-widget-image\" data-id=\"a4bd40e\" data-element_type=\"widget\" data-widget_type=\"image.default\">\n\t\t\t\t<div class=\"elementor-widget-container\">\n\t\t\t\t\t\t\t\t\t\t\t\t\t\t\t<img fetchpriority=\"high\" decoding=\"async\" class=\"attachment-large size-large wp-image-6385 lazyload\" width=\"1024\" height=\"605\" src=\"data:image\/svg+xml;base64,PHN2ZyB2aWV3Qm94PScwIDAgMTAyNCA2MDUnIHhtbG5zPSdodHRwOi8vd3d3LnczLm9yZy8yMDAwL3N2Zyc+PC9zdmc+\" alt srcset=\"https:\/\/pangee.org\/wp-content\/uploads\/2022\/12\/man-593333_1920-1024x605.jpg 1024w, https:\/\/pangee.org\/wp-content\/uploads\/2022\/12\/man-593333_1920-300x177.jpg 300w, https:\/\/pangee.org\/wp-content\/uploads\/2022\/12\/man-593333_1920-768x454.jpg 768w, https:\/\/pangee.org\/wp-content\/uploads\/2022\/12\/man-593333_1920-1536x908.jpg 1536w, https:\/\/pangee.org\/wp-content\/uploads\/2022\/12\/man-593333_1920-150x89.jpg 150w, https:\/\/pangee.org\/wp-content\/uploads\/2022\/12\/man-593333_1920-450x266.jpg 450w, https:\/\/pangee.org\/wp-content\/uploads\/2022\/12\/man-593333_1920-1200x709.jpg 1200w, https:\/\/pangee.org\/wp-content\/uploads\/2022\/12\/man-593333_1920.jpg 1920w\" sizes=\"(max-width: 1024px) 100vw, 1024px\" data-src=\"https:\/\/pangee.org\/wp-content\/uploads\/2022\/12\/man-593333_1920-1024x605.jpg\" \/>\t\t\t\t\t\t\t\t\t\t\t\t\t\t\t<\/div>\n\t\t\t\t<\/div>\n\t\t\t\t\t<\/div>\n\t\t<\/div>\n\t\t\t\t<div class=\"elementor-column elementor-col-33 elementor-top-column elementor-element elementor-element-6214e15\" data-id=\"6214e15\" data-element_type=\"column\">\n\t\t\t<div class=\"elementor-widget-wrap elementor-element-populated\">\n\t\t\t\t\t\t<div class=\"elementor-element elementor-element-058d9e8 elementor-widget elementor-widget-image\" data-id=\"058d9e8\" data-element_type=\"widget\" data-widget_type=\"image.default\">\n\t\t\t\t<div class=\"elementor-widget-container\">\n\t\t\t\t\t\t\t\t\t\t\t\t\t\t\t<img decoding=\"async\" class=\"attachment-large size-large wp-image-6384 lazyload\" width=\"1024\" height=\"678\" src=\"data:image\/svg+xml;base64,PHN2ZyB2aWV3Qm94PScwIDAgMTAyNCA2NzgnIHhtbG5zPSdodHRwOi8vd3d3LnczLm9yZy8yMDAwL3N2Zyc+PC9zdmc+\" alt srcset=\"https:\/\/pangee.org\/wp-content\/uploads\/2022\/12\/entrepreneur-593358_1920-1024x678.jpg 1024w, https:\/\/pangee.org\/wp-content\/uploads\/2022\/12\/entrepreneur-593358_1920-300x199.jpg 300w, https:\/\/pangee.org\/wp-content\/uploads\/2022\/12\/entrepreneur-593358_1920-768x508.jpg 768w, https:\/\/pangee.org\/wp-content\/uploads\/2022\/12\/entrepreneur-593358_1920-1536x1017.jpg 1536w, https:\/\/pangee.org\/wp-content\/uploads\/2022\/12\/entrepreneur-593358_1920-150x99.jpg 150w, https:\/\/pangee.org\/wp-content\/uploads\/2022\/12\/entrepreneur-593358_1920-450x298.jpg 450w, https:\/\/pangee.org\/wp-content\/uploads\/2022\/12\/entrepreneur-593358_1920-1200x794.jpg 1200w, https:\/\/pangee.org\/wp-content\/uploads\/2022\/12\/entrepreneur-593358_1920.jpg 1920w\" sizes=\"(max-width: 1024px) 100vw, 1024px\" data-src=\"https:\/\/pangee.org\/wp-content\/uploads\/2022\/12\/entrepreneur-593358_1920-1024x678.jpg\" \/>\t\t\t\t\t\t\t\t\t\t\t\t\t\t\t<\/div>\n\t\t\t\t<\/div>\n\t\t\t\t\t<\/div>\n\t\t<\/div>\n\t\t\t\t<div class=\"elementor-column elementor-col-33 elementor-top-column elementor-element elementor-element-266c73e\" data-id=\"266c73e\" data-element_type=\"column\">\n\t\t\t<div class=\"elementor-widget-wrap elementor-element-populated\">\n\t\t\t\t\t\t<div class=\"elementor-element elementor-element-6192545 elementor-widget elementor-widget-image\" data-id=\"6192545\" data-element_type=\"widget\" data-widget_type=\"image.default\">\n\t\t\t\t<div class=\"elementor-widget-container\">\n\t\t\t\t\t\t\t\t\t\t\t\t\t\t\t<img decoding=\"async\" class=\"attachment-large size-large wp-image-6383 lazyload\" width=\"1024\" height=\"655\" src=\"data:image\/svg+xml;base64,PHN2ZyB2aWV3Qm94PScwIDAgMTAyNCA2NTUnIHhtbG5zPSdodHRwOi8vd3d3LnczLm9yZy8yMDAwL3N2Zyc+PC9zdmc+\" alt srcset=\"https:\/\/pangee.org\/wp-content\/uploads\/2022\/12\/contract-6951993_1920-1024x655.jpg 1024w, https:\/\/pangee.org\/wp-content\/uploads\/2022\/12\/contract-6951993_1920-300x192.jpg 300w, https:\/\/pangee.org\/wp-content\/uploads\/2022\/12\/contract-6951993_1920-768x492.jpg 768w, https:\/\/pangee.org\/wp-content\/uploads\/2022\/12\/contract-6951993_1920-1536x983.jpg 1536w, https:\/\/pangee.org\/wp-content\/uploads\/2022\/12\/contract-6951993_1920-150x96.jpg 150w, https:\/\/pangee.org\/wp-content\/uploads\/2022\/12\/contract-6951993_1920-450x288.jpg 450w, https:\/\/pangee.org\/wp-content\/uploads\/2022\/12\/contract-6951993_1920-1200x768.jpg 1200w, https:\/\/pangee.org\/wp-content\/uploads\/2022\/12\/contract-6951993_1920.jpg 1920w\" sizes=\"(max-width: 1024px) 100vw, 1024px\" data-src=\"https:\/\/pangee.org\/wp-content\/uploads\/2022\/12\/contract-6951993_1920-1024x655.jpg\" \/>\t\t\t\t\t\t\t\t\t\t\t\t\t\t\t<\/div>\n\t\t\t\t<\/div>\n\t\t\t\t\t<\/div>\n\t\t<\/div>\n\t\t\t\t\t<\/div>\n\t\t<\/section>\n\t\t\t\t<\/div>\n\t\t","protected":false},"excerpt":{"rendered":"<p>FIN DE LA FORMATION PHASE 1. \u00c9VALUATION DE VOS ACQUIS L\u2019\u00e9valuation de vos acquis, en r\u00e9ponse au bilan p\u00e9dagogique rempli avant l\u2019entr\u00e9e en stage, nous permet de mesurer les progr\u00e8s accomplis ou les points \u00e0 revoir tout au long de votre parcours de formation. PHASE 2. REMISE DE VOTRE ATTESTATION INDIVIDUELLE DE FORMATION Une attestation<\/p>\n","protected":false},"author":1,"featured_media":0,"parent":0,"menu_order":0,"comment_status":"closed","ping_status":"closed","template":"page-templates\/no-wrapper.php","meta":{"footnotes":""},"class_list":["post-6381","page","type-page","status-publish"],"_links":{"self":[{"href":"https:\/\/pangee.org\/index.php\/wp-json\/wp\/v2\/pages\/6381","targetHints":{"allow":["GET"]}}],"collection":[{"href":"https:\/\/pangee.org\/index.php\/wp-json\/wp\/v2\/pages"}],"about":[{"href":"https:\/\/pangee.org\/index.php\/wp-json\/wp\/v2\/types\/page"}],"author":[{"embeddable":true,"href":"https:\/\/pangee.org\/index.php\/wp-json\/wp\/v2\/users\/1"}],"replies":[{"embeddable":true,"href":"https:\/\/pangee.org\/index.php\/wp-json\/wp\/v2\/comments?post=6381"}],"version-history":[{"count":16,"href":"https:\/\/pangee.org\/index.php\/wp-json\/wp\/v2\/pages\/6381\/revisions"}],"predecessor-version":[{"id":6691,"href":"https:\/\/pangee.org\/index.php\/wp-json\/wp\/v2\/pages\/6381\/revisions\/6691"}],"wp:attachment":[{"href":"https:\/\/pangee.org\/index.php\/wp-json\/wp\/v2\/media?parent=6381"}],"curies":[{"name":"wp","href":"https:\/\/api.w.org\/{rel}","templated":true}]}}