{"id":6393,"date":"2022-12-06T12:30:56","date_gmt":"2022-12-06T11:30:56","guid":{"rendered":"http:\/\/pangee.org\/?page_id=6393"},"modified":"2023-03-20T11:41:16","modified_gmt":"2023-03-20T10:41:16","slug":"vous-etes-employeur","status":"publish","type":"page","link":"https:\/\/pangee.org\/index.php\/vous-etes-employeur\/","title":{"rendered":"Vous \u00eates Employeur"},"content":{"rendered":"\t\t<div data-elementor-type=\"wp-page\" data-elementor-id=\"6393\" class=\"elementor elementor-6393\">\n\t\t\t\t\t\t<section class=\"has-el-gap el-gap-default elementor-section elementor-top-section elementor-element elementor-element-4d1eff8 elementor-section-boxed elementor-section-height-default elementor-section-height-default\" data-id=\"4d1eff8\" data-element_type=\"section\">\n\t\t\t\t\t\t<div class=\"elementor-container elementor-column-gap-no\">\n\t\t\t\t\t<div class=\"elementor-column elementor-col-100 elementor-top-column elementor-element elementor-element-ed06875\" data-id=\"ed06875\" data-element_type=\"column\">\n\t\t\t<div class=\"elementor-widget-wrap elementor-element-populated\">\n\t\t\t\t\t\t<div class=\"elementor-element elementor-element-83fc5e5 elementor-widget elementor-widget-spacer\" data-id=\"83fc5e5\" data-element_type=\"widget\" data-widget_type=\"spacer.default\">\n\t\t\t\t<div class=\"elementor-widget-container\">\n\t\t\t\t\t\t\t<div class=\"elementor-spacer\">\n\t\t\t<div class=\"elementor-spacer-inner\"><\/div>\n\t\t<\/div>\n\t\t\t\t\t\t<\/div>\n\t\t\t\t<\/div>\n\t\t\t\t\t<\/div>\n\t\t<\/div>\n\t\t\t\t\t<\/div>\n\t\t<\/section>\n\t\t\t\t<section class=\"has-el-gap el-gap-default elementor-section elementor-top-section elementor-element elementor-element-9392a5f elementor-section-boxed elementor-section-height-default elementor-section-height-default\" data-id=\"9392a5f\" data-element_type=\"section\">\n\t\t\t\t\t\t<div class=\"elementor-container elementor-column-gap-no\">\n\t\t\t\t\t<div class=\"elementor-column elementor-col-100 elementor-top-column elementor-element elementor-element-4c523e8\" data-id=\"4c523e8\" data-element_type=\"column\">\n\t\t\t<div class=\"elementor-widget-wrap elementor-element-populated\">\n\t\t\t\t\t\t<div class=\"elementor-element elementor-element-b6a28a4 elementor-widget elementor-widget-heading\" data-id=\"b6a28a4\" data-element_type=\"widget\" data-widget_type=\"heading.default\">\n\t\t\t\t<div class=\"elementor-widget-container\">\n\t\t\t\t\t<h1 class=\"elementor-heading-title elementor-size-default\">FINANCEMENT DES FORMATIONS<\/h1>\t\t\t\t<\/div>\n\t\t\t\t<\/div>\n\t\t\t\t\t<\/div>\n\t\t<\/div>\n\t\t\t\t\t<\/div>\n\t\t<\/section>\n\t\t\t\t<section class=\"has-el-gap el-gap-default elementor-section elementor-top-section elementor-element elementor-element-515b27a elementor-section-boxed elementor-section-height-default elementor-section-height-default\" data-id=\"515b27a\" data-element_type=\"section\">\n\t\t\t\t\t\t<div class=\"elementor-container elementor-column-gap-no\">\n\t\t\t\t\t<div class=\"elementor-column elementor-col-100 elementor-top-column elementor-element elementor-element-21769b4\" data-id=\"21769b4\" data-element_type=\"column\">\n\t\t\t<div class=\"elementor-widget-wrap elementor-element-populated\">\n\t\t\t\t\t\t<div class=\"elementor-element elementor-element-3bea1a3 elementor-widget elementor-widget-text-editor\" data-id=\"3bea1a3\" data-element_type=\"widget\" data-widget_type=\"text-editor.default\">\n\t\t\t\t<div class=\"elementor-widget-container\">\n\t\t\t\t\t\t\t\t\t<ol><li><a href=\"https:\/\/barthelemynobili-formation.com\/index.php\/cgv-2\/\"><span style=\"font-size: 18pt; font-family: Abel; font-weight: normal; color: #0c71c3;\">VOUS \u00caTES EMPLOYEUR<\/span><\/a><\/li><li><span style=\"font-size: 18pt; font-family: Abel; font-weight: normal; color: #0c71c3;\">\u00a0<\/span><\/li><\/ol><div title=\"Page 1\"><div><div><p>En phase de mutation constante, les entreprises veillent de plus en plus \u00e0 s\u2019assurer de la formation de leurs employ\u00e9s afin de maximiser la qualit\u00e9 de leurs \u00e9quipes, augmenter la productivit\u00e9 ou encore permettre aux salari\u00e9s de b\u00e9n\u00e9ficier de formations bas\u00e9es sur la qualit\u00e9\u2026<\/p><p>Au 1er Janvier 2019, les contributions de l\u2019ensemble des entreprises pour la formation professionnelle sont mutualis\u00e9es. Le financement de la formation des salari\u00e9s des entreprises de moins de 50 salari\u00e9s devient prioritaire.<\/p><\/div><\/div><\/div>\t\t\t\t\t\t\t\t<\/div>\n\t\t\t\t<\/div>\n\t\t\t\t\t<\/div>\n\t\t<\/div>\n\t\t\t\t\t<\/div>\n\t\t<\/section>\n\t\t\t\t<section class=\"has-el-gap el-gap-default elementor-section elementor-top-section elementor-element elementor-element-297ba1c elementor-section-boxed elementor-section-height-default elementor-section-height-default\" data-id=\"297ba1c\" data-element_type=\"section\">\n\t\t\t\t\t\t<div class=\"elementor-container elementor-column-gap-no\">\n\t\t\t\t\t<div class=\"elementor-column elementor-col-100 elementor-top-column elementor-element elementor-element-d1da0f6\" data-id=\"d1da0f6\" data-element_type=\"column\">\n\t\t\t<div class=\"elementor-widget-wrap elementor-element-populated\">\n\t\t\t\t\t\t<div class=\"elementor-element elementor-element-8025e26 elementor-widget elementor-widget-spacer\" data-id=\"8025e26\" data-element_type=\"widget\" data-widget_type=\"spacer.default\">\n\t\t\t\t<div class=\"elementor-widget-container\">\n\t\t\t\t\t\t\t<div class=\"elementor-spacer\">\n\t\t\t<div class=\"elementor-spacer-inner\"><\/div>\n\t\t<\/div>\n\t\t\t\t\t\t<\/div>\n\t\t\t\t<\/div>\n\t\t\t\t\t<\/div>\n\t\t<\/div>\n\t\t\t\t\t<\/div>\n\t\t<\/section>\n\t\t\t\t<section class=\"has-el-gap el-gap-default elementor-section elementor-top-section elementor-element elementor-element-ac08ee8 elementor-section-boxed elementor-section-height-default elementor-section-height-default\" data-id=\"ac08ee8\" data-element_type=\"section\">\n\t\t\t\t\t\t<div class=\"elementor-container elementor-column-gap-no\">\n\t\t\t\t\t<div class=\"elementor-column elementor-col-100 elementor-top-column elementor-element elementor-element-a6361bb\" data-id=\"a6361bb\" data-element_type=\"column\">\n\t\t\t<div class=\"elementor-widget-wrap elementor-element-populated\">\n\t\t\t\t\t\t<div class=\"elementor-element elementor-element-01a58ae elementor-widget elementor-widget-image\" data-id=\"01a58ae\" data-element_type=\"widget\" data-widget_type=\"image.default\">\n\t\t\t\t<div class=\"elementor-widget-container\">\n\t\t\t\t\t\t\t\t\t\t\t\t\t\t\t<img fetchpriority=\"high\" decoding=\"async\" class=\"attachment-large size-large wp-image-6431 lazyload\" width=\"1024\" height=\"683\" src=\"data:image\/svg+xml;base64,PHN2ZyB2aWV3Qm94PScwIDAgMTAyNCA2ODMnIHhtbG5zPSdodHRwOi8vd3d3LnczLm9yZy8yMDAwL3N2Zyc+PC9zdmc+\" alt srcset=\"https:\/\/pangee.org\/wp-content\/uploads\/2022\/12\/overwhelmed-4592797_1920-1024x683.jpg 1024w, https:\/\/pangee.org\/wp-content\/uploads\/2022\/12\/overwhelmed-4592797_1920-300x200.jpg 300w, https:\/\/pangee.org\/wp-content\/uploads\/2022\/12\/overwhelmed-4592797_1920-768x512.jpg 768w, https:\/\/pangee.org\/wp-content\/uploads\/2022\/12\/overwhelmed-4592797_1920-1536x1024.jpg 1536w, https:\/\/pangee.org\/wp-content\/uploads\/2022\/12\/overwhelmed-4592797_1920-150x100.jpg 150w, https:\/\/pangee.org\/wp-content\/uploads\/2022\/12\/overwhelmed-4592797_1920-450x300.jpg 450w, https:\/\/pangee.org\/wp-content\/uploads\/2022\/12\/overwhelmed-4592797_1920-1200x800.jpg 1200w, https:\/\/pangee.org\/wp-content\/uploads\/2022\/12\/overwhelmed-4592797_1920.jpg 1920w\" sizes=\"(max-width: 1024px) 100vw, 1024px\" data-src=\"https:\/\/pangee.org\/wp-content\/uploads\/2022\/12\/overwhelmed-4592797_1920-1024x683.jpg\" \/>\t\t\t\t\t\t\t\t\t\t\t\t\t\t\t<\/div>\n\t\t\t\t<\/div>\n\t\t\t\t\t<\/div>\n\t\t<\/div>\n\t\t\t\t\t<\/div>\n\t\t<\/section>\n\t\t\t\t<section class=\"has-el-gap el-gap-default elementor-section elementor-top-section elementor-element elementor-element-5968324 elementor-section-boxed elementor-section-height-default elementor-section-height-default\" data-id=\"5968324\" data-element_type=\"section\">\n\t\t\t\t\t\t<div class=\"elementor-container elementor-column-gap-no\">\n\t\t\t\t\t<div class=\"elementor-column elementor-col-100 elementor-top-column elementor-element elementor-element-01c31de\" data-id=\"01c31de\" data-element_type=\"column\">\n\t\t\t<div class=\"elementor-widget-wrap elementor-element-populated\">\n\t\t\t\t\t\t<div class=\"elementor-element elementor-element-63e3528 elementor-widget elementor-widget-spacer\" data-id=\"63e3528\" data-element_type=\"widget\" data-widget_type=\"spacer.default\">\n\t\t\t\t<div class=\"elementor-widget-container\">\n\t\t\t\t\t\t\t<div class=\"elementor-spacer\">\n\t\t\t<div class=\"elementor-spacer-inner\"><\/div>\n\t\t<\/div>\n\t\t\t\t\t\t<\/div>\n\t\t\t\t<\/div>\n\t\t\t\t\t<\/div>\n\t\t<\/div>\n\t\t\t\t\t<\/div>\n\t\t<\/section>\n\t\t\t\t<section class=\"has-el-gap el-gap-default elementor-section elementor-top-section elementor-element elementor-element-afa4f08 elementor-section-boxed elementor-section-height-default elementor-section-height-default\" data-id=\"afa4f08\" data-element_type=\"section\">\n\t\t\t\t\t\t<div class=\"elementor-container elementor-column-gap-no\">\n\t\t\t\t\t<div class=\"elementor-column elementor-col-100 elementor-top-column elementor-element elementor-element-27f1b0f\" data-id=\"27f1b0f\" data-element_type=\"column\">\n\t\t\t<div class=\"elementor-widget-wrap elementor-element-populated\">\n\t\t\t\t\t\t<div class=\"elementor-element elementor-element-36804ff elementor-widget elementor-widget-text-editor\" data-id=\"36804ff\" data-element_type=\"widget\" data-widget_type=\"text-editor.default\">\n\t\t\t\t<div class=\"elementor-widget-container\">\n\t\t\t\t\t\t\t\t\t<p>\u00a0<\/p><h1 style=\"text-align: center;\"><strong><span style=\"font-size: 12pt; font-family: Abel; color: #0c71c3;\">LE PLAN DE D\u00c9VELOPPEMENT DES COMP\u00c9TENCES<\/span><\/strong><\/h1><div><u>\u00a0<\/u><\/div><div><div><h5>Quel public ?<\/h5><div style=\"display: block;\"><p>Chaque salari\u00e9 est concern\u00e9 par le Plan de D\u00e9veloppement des comp\u00e9tences de son entreprise<\/p><div><h5>Qui est \u00e0 l&rsquo;origine de cette action ?<\/h5><div style=\"display: block;\"><p>G\u00e9n\u00e9ralement, l\u2019employeur informe ses salari\u00e9s de la possibilit\u00e9 de choisir une formation. Cependant, le salari\u00e9 peut express\u00e9ment en faire la demande lors d\u2019un entretien aupr\u00e8s de son responsable.<\/p><div><h5>La p\u00e9riode de Formation<\/h5><div style=\"display: block;\"><p>La phase de formation est assimil\u00e9e \u00e0 l\u2019ex\u00e9cution normale du contrat de travail. Le salari\u00e9 ne peut s\u2019y opposer. Les formations ont lieu pendant le temps de travail, avec maintien de la r\u00e9mun\u00e9ration. Selon les cas, une partie des co\u00fbts de salaires peut \u00eatre \u00e9galement prise en charge<\/p><\/div><\/div><div>\u00a0<\/div><div><div><h5>Avantages<\/h5><div style=\"display: block;\"><p>L\u2019avantage consiste dans le maintien de vos salari\u00e9s au sein de votre entreprise, gr\u00e2ce \u00e0 des actions favorisant l\u2019adaptation du salari\u00e9 \u00e0 son poste ou \u00e0 son \u00e9volution, ou encore, le d\u00e9veloppement de ses comp\u00e9tences.<\/p><\/div><\/div><\/div><div>\u00a0<\/div><\/div><\/div><div>\u00a0<\/div><\/div><\/div><\/div>\t\t\t\t\t\t\t\t<\/div>\n\t\t\t\t<\/div>\n\t\t\t\t<div class=\"elementor-element elementor-element-c98fda7 elementor-widget-divider--view-line elementor-widget elementor-widget-divider\" data-id=\"c98fda7\" data-element_type=\"widget\" data-widget_type=\"divider.default\">\n\t\t\t\t<div class=\"elementor-widget-container\">\n\t\t\t\t\t\t\t<div class=\"elementor-divider\">\n\t\t\t<span class=\"elementor-divider-separator\">\n\t\t\t\t\t\t<\/span>\n\t\t<\/div>\n\t\t\t\t\t\t<\/div>\n\t\t\t\t<\/div>\n\t\t\t\t\t<\/div>\n\t\t<\/div>\n\t\t\t\t\t<\/div>\n\t\t<\/section>\n\t\t\t\t<\/div>\n\t\t","protected":false},"excerpt":{"rendered":"<p>FINANCEMENT DES FORMATIONS VOUS \u00caTES EMPLOYEUR \u00a0 En phase de mutation constante, les entreprises veillent de plus en plus \u00e0 s\u2019assurer de la formation de leurs employ\u00e9s afin de maximiser la qualit\u00e9 de leurs \u00e9quipes, augmenter la productivit\u00e9 ou encore permettre aux salari\u00e9s de b\u00e9n\u00e9ficier de formations bas\u00e9es sur la qualit\u00e9\u2026 Au 1er Janvier 2019,<\/p>\n","protected":false},"author":1,"featured_media":0,"parent":0,"menu_order":0,"comment_status":"closed","ping_status":"closed","template":"page-templates\/no-wrapper.php","meta":{"footnotes":""},"class_list":["post-6393","page","type-page","status-publish"],"_links":{"self":[{"href":"https:\/\/pangee.org\/index.php\/wp-json\/wp\/v2\/pages\/6393","targetHints":{"allow":["GET"]}}],"collection":[{"href":"https:\/\/pangee.org\/index.php\/wp-json\/wp\/v2\/pages"}],"about":[{"href":"https:\/\/pangee.org\/index.php\/wp-json\/wp\/v2\/types\/page"}],"author":[{"embeddable":true,"href":"https:\/\/pangee.org\/index.php\/wp-json\/wp\/v2\/users\/1"}],"replies":[{"embeddable":true,"href":"https:\/\/pangee.org\/index.php\/wp-json\/wp\/v2\/comments?post=6393"}],"version-history":[{"count":16,"href":"https:\/\/pangee.org\/index.php\/wp-json\/wp\/v2\/pages\/6393\/revisions"}],"predecessor-version":[{"id":6694,"href":"https:\/\/pangee.org\/index.php\/wp-json\/wp\/v2\/pages\/6393\/revisions\/6694"}],"wp:attachment":[{"href":"https:\/\/pangee.org\/index.php\/wp-json\/wp\/v2\/media?parent=6393"}],"curies":[{"name":"wp","href":"https:\/\/api.w.org\/{rel}","templated":true}]}}