{"id":6401,"date":"2022-12-06T12:37:18","date_gmt":"2022-12-06T11:37:18","guid":{"rendered":"http:\/\/pangee.org\/?page_id=6401"},"modified":"2023-03-20T11:41:53","modified_gmt":"2023-03-20T10:41:53","slug":"vous-etes-salarie","status":"publish","type":"page","link":"https:\/\/pangee.org\/index.php\/vous-etes-salarie\/","title":{"rendered":"Vous \u00eates Salari\u00e9"},"content":{"rendered":"\t\t<div data-elementor-type=\"wp-page\" data-elementor-id=\"6401\" class=\"elementor elementor-6401\">\n\t\t\t\t\t\t<section class=\"has-el-gap el-gap-default elementor-section elementor-top-section elementor-element elementor-element-4d1eff8 elementor-section-boxed elementor-section-height-default elementor-section-height-default\" data-id=\"4d1eff8\" data-element_type=\"section\">\n\t\t\t\t\t\t<div class=\"elementor-container elementor-column-gap-no\">\n\t\t\t\t\t<div class=\"elementor-column elementor-col-100 elementor-top-column elementor-element elementor-element-ed06875\" data-id=\"ed06875\" data-element_type=\"column\">\n\t\t\t<div class=\"elementor-widget-wrap elementor-element-populated\">\n\t\t\t\t\t\t<div class=\"elementor-element elementor-element-974e789 elementor-widget elementor-widget-spacer\" data-id=\"974e789\" data-element_type=\"widget\" data-widget_type=\"spacer.default\">\n\t\t\t\t<div class=\"elementor-widget-container\">\n\t\t\t\t\t\t\t<div class=\"elementor-spacer\">\n\t\t\t<div class=\"elementor-spacer-inner\"><\/div>\n\t\t<\/div>\n\t\t\t\t\t\t<\/div>\n\t\t\t\t<\/div>\n\t\t\t\t\t<\/div>\n\t\t<\/div>\n\t\t\t\t\t<\/div>\n\t\t<\/section>\n\t\t\t\t<section class=\"has-el-gap el-gap-default elementor-section elementor-top-section elementor-element elementor-element-9392a5f elementor-section-boxed elementor-section-height-default elementor-section-height-default\" data-id=\"9392a5f\" data-element_type=\"section\">\n\t\t\t\t\t\t<div class=\"elementor-container elementor-column-gap-no\">\n\t\t\t\t\t<div class=\"elementor-column elementor-col-100 elementor-top-column elementor-element elementor-element-4c523e8\" data-id=\"4c523e8\" data-element_type=\"column\">\n\t\t\t<div class=\"elementor-widget-wrap elementor-element-populated\">\n\t\t\t\t\t\t<div class=\"elementor-element elementor-element-b6a28a4 elementor-widget elementor-widget-heading\" data-id=\"b6a28a4\" data-element_type=\"widget\" data-widget_type=\"heading.default\">\n\t\t\t\t<div class=\"elementor-widget-container\">\n\t\t\t\t\t<h1 class=\"elementor-heading-title elementor-size-default\">FINANCEMENT DES FORMATIONS<\/h1>\t\t\t\t<\/div>\n\t\t\t\t<\/div>\n\t\t\t\t\t<\/div>\n\t\t<\/div>\n\t\t\t\t\t<\/div>\n\t\t<\/section>\n\t\t\t\t<section class=\"has-el-gap el-gap-default elementor-section elementor-top-section elementor-element elementor-element-8542e63 elementor-section-boxed elementor-section-height-default elementor-section-height-default\" data-id=\"8542e63\" data-element_type=\"section\">\n\t\t\t\t\t\t<div class=\"elementor-container elementor-column-gap-no\">\n\t\t\t\t\t<div class=\"elementor-column elementor-col-100 elementor-top-column elementor-element elementor-element-3f43bed\" data-id=\"3f43bed\" data-element_type=\"column\">\n\t\t\t<div class=\"elementor-widget-wrap elementor-element-populated\">\n\t\t\t\t\t\t<div class=\"elementor-element elementor-element-96e7676 elementor-widget elementor-widget-text-editor\" data-id=\"96e7676\" data-element_type=\"widget\" data-widget_type=\"text-editor.default\">\n\t\t\t\t<div class=\"elementor-widget-container\">\n\t\t\t\t\t\t\t\t\t<ol><li><a href=\"https:\/\/barthelemynobili-formation.com\/index.php\/cgv-2\/\"><span style=\"font-size: 18pt; font-family: Abel; font-weight: normal; color: #0c71c3;\">VOUS \u00caTES SALARIE<\/span><\/a><\/li><li><span style=\"font-size: 18pt; font-family: Abel; font-weight: normal; color: #0c71c3;\">\u00a0<\/span><\/li><\/ol><div class=\"page\" title=\"Page 1\"><div class=\"layoutArea\"><div class=\"column\"><p>En phase de mutation constante, les entreprises veillent de plus en plus \u00e0 s\u2019assurer de la formation de leurs employ\u00e9s afin de maximiser la qualit\u00e9 de leurs \u00e9quipes, augmenter la productivit\u00e9 ou encore permettre aux salari\u00e9s de b\u00e9n\u00e9ficier de formations bas\u00e9es sur la qualit\u00e9\u2026<\/p><p>Au 1er Janvier 2019, les contributions de l\u2019ensemble des entreprises pour la formation professionnelle sont mutualis\u00e9es. Le financement de la formation des salari\u00e9s des entreprises de moins de 50 salari\u00e9s devient prioritaire.<\/p><\/div><\/div><\/div><div><div><div style=\"display: block;\"><div><div style=\"display: block;\"><div>\u00a0<\/div><\/div><\/div><div>\u00a0<\/div><\/div><\/div><\/div>\t\t\t\t\t\t\t\t<\/div>\n\t\t\t\t<\/div>\n\t\t\t\t\t<\/div>\n\t\t<\/div>\n\t\t\t\t\t<\/div>\n\t\t<\/section>\n\t\t\t\t<section class=\"has-el-gap el-gap-default elementor-section elementor-top-section elementor-element elementor-element-d1a3b05 elementor-section-boxed elementor-section-height-default elementor-section-height-default\" data-id=\"d1a3b05\" data-element_type=\"section\">\n\t\t\t\t\t\t<div class=\"elementor-container elementor-column-gap-no\">\n\t\t\t\t\t<div class=\"elementor-column elementor-col-100 elementor-top-column elementor-element elementor-element-c186ce1\" data-id=\"c186ce1\" data-element_type=\"column\">\n\t\t\t<div class=\"elementor-widget-wrap elementor-element-populated\">\n\t\t\t\t\t\t<div class=\"elementor-element elementor-element-bdb6d2d elementor-widget elementor-widget-image\" data-id=\"bdb6d2d\" data-element_type=\"widget\" data-widget_type=\"image.default\">\n\t\t\t\t<div class=\"elementor-widget-container\">\n\t\t\t\t\t\t\t\t\t\t\t\t\t\t\t<img fetchpriority=\"high\" decoding=\"async\" class=\"attachment-large size-large wp-image-6409 lazyload\" width=\"1024\" height=\"683\" src=\"data:image\/svg+xml;base64,PHN2ZyB2aWV3Qm94PScwIDAgMTAyNCA2ODMnIHhtbG5zPSdodHRwOi8vd3d3LnczLm9yZy8yMDAwL3N2Zyc+PC9zdmc+\" alt srcset=\"https:\/\/pangee.org\/wp-content\/uploads\/2022\/12\/people-1979261_1920-1024x683.jpg 1024w, https:\/\/pangee.org\/wp-content\/uploads\/2022\/12\/people-1979261_1920-300x200.jpg 300w, https:\/\/pangee.org\/wp-content\/uploads\/2022\/12\/people-1979261_1920-768x512.jpg 768w, https:\/\/pangee.org\/wp-content\/uploads\/2022\/12\/people-1979261_1920-1536x1024.jpg 1536w, https:\/\/pangee.org\/wp-content\/uploads\/2022\/12\/people-1979261_1920-150x100.jpg 150w, https:\/\/pangee.org\/wp-content\/uploads\/2022\/12\/people-1979261_1920-450x300.jpg 450w, https:\/\/pangee.org\/wp-content\/uploads\/2022\/12\/people-1979261_1920-1200x800.jpg 1200w, https:\/\/pangee.org\/wp-content\/uploads\/2022\/12\/people-1979261_1920.jpg 1920w\" sizes=\"(max-width: 1024px) 100vw, 1024px\" data-src=\"https:\/\/pangee.org\/wp-content\/uploads\/2022\/12\/people-1979261_1920-1024x683.jpg\" \/>\t\t\t\t\t\t\t\t\t\t\t\t\t\t\t<\/div>\n\t\t\t\t<\/div>\n\t\t\t\t\t<\/div>\n\t\t<\/div>\n\t\t\t\t\t<\/div>\n\t\t<\/section>\n\t\t\t\t<section class=\"has-el-gap el-gap-default elementor-section elementor-top-section elementor-element elementor-element-7ed116b elementor-section-boxed elementor-section-height-default elementor-section-height-default\" data-id=\"7ed116b\" data-element_type=\"section\">\n\t\t\t\t\t\t<div class=\"elementor-container elementor-column-gap-no\">\n\t\t\t\t\t<div class=\"elementor-column elementor-col-100 elementor-top-column elementor-element elementor-element-30d25cb\" data-id=\"30d25cb\" data-element_type=\"column\">\n\t\t\t<div class=\"elementor-widget-wrap elementor-element-populated\">\n\t\t\t\t\t\t<div class=\"elementor-element elementor-element-c93905d elementor-widget elementor-widget-spacer\" data-id=\"c93905d\" data-element_type=\"widget\" data-widget_type=\"spacer.default\">\n\t\t\t\t<div class=\"elementor-widget-container\">\n\t\t\t\t\t\t\t<div class=\"elementor-spacer\">\n\t\t\t<div class=\"elementor-spacer-inner\"><\/div>\n\t\t<\/div>\n\t\t\t\t\t\t<\/div>\n\t\t\t\t<\/div>\n\t\t\t\t\t<\/div>\n\t\t<\/div>\n\t\t\t\t\t<\/div>\n\t\t<\/section>\n\t\t\t\t<section class=\"has-el-gap el-gap-default elementor-section elementor-top-section elementor-element elementor-element-74bc351 elementor-section-boxed elementor-section-height-default elementor-section-height-default\" data-id=\"74bc351\" data-element_type=\"section\">\n\t\t\t\t\t\t<div class=\"elementor-container elementor-column-gap-no\">\n\t\t\t\t\t<div class=\"elementor-column elementor-col-50 elementor-top-column elementor-element elementor-element-986d792\" data-id=\"986d792\" data-element_type=\"column\">\n\t\t\t<div class=\"elementor-widget-wrap elementor-element-populated\">\n\t\t\t\t\t\t<div class=\"elementor-element elementor-element-bf5dd2e elementor-widget elementor-widget-heading\" data-id=\"bf5dd2e\" data-element_type=\"widget\" data-widget_type=\"heading.default\">\n\t\t\t\t<div class=\"elementor-widget-container\">\n\t\t\t\t\t<h2 class=\"elementor-heading-title elementor-size-default\"><div><div><div><div data-elementor-type=\"wp-page\" data-elementor-id=\"6393\"><section data-id=\"515b27a\" data-element_type=\"section\"><div><div data-id=\"21769b4\" data-element_type=\"column\"><div><div data-id=\"3bea1a3\" data-element_type=\"widget\" data-widget_type=\"text-editor.default\"><div><h1 style=\"text-align: center\"><strong><span style=\"font-size: 12pt;font-family: Abel;color: #0c71c3\">LE PLAN DE D\u00c9VELOPPEMENT DES COMP\u00c9TENCES<\/span><\/strong><\/h1>\n<\/div><\/div><\/div><\/div><\/div><\/section><\/div><\/div><\/div><\/div><\/h2>\t\t\t\t<\/div>\n\t\t\t\t<\/div>\n\t\t\t\t\t<\/div>\n\t\t<\/div>\n\t\t\t\t<div class=\"elementor-column elementor-col-50 elementor-top-column elementor-element elementor-element-995d980\" data-id=\"995d980\" data-element_type=\"column\">\n\t\t\t<div class=\"elementor-widget-wrap elementor-element-populated\">\n\t\t\t\t\t\t<div class=\"elementor-element elementor-element-18bfc70 elementor-widget elementor-widget-heading\" data-id=\"18bfc70\" data-element_type=\"widget\" data-widget_type=\"heading.default\">\n\t\t\t\t<div class=\"elementor-widget-container\">\n\t\t\t\t\t<h2 class=\"elementor-heading-title elementor-size-default\"><div><div><div><div data-elementor-type=\"wp-page\" data-elementor-id=\"6393\"><section data-id=\"515b27a\" data-element_type=\"section\"><div><div data-id=\"21769b4\" data-element_type=\"column\"><div><div data-id=\"3bea1a3\" data-element_type=\"widget\" data-widget_type=\"text-editor.default\"><div><h1 style=\"text-align: center\"><strong><span style=\"font-size: 12pt;font-family: Abel;color: #0c71c3\">LE COMPTE PERSONNEL DE FORMATION<\/span><\/strong><\/h1>\n<\/div><\/div><\/div><\/div><\/div><\/section><\/div><\/div><\/div><\/div><\/h2>\t\t\t\t<\/div>\n\t\t\t\t<\/div>\n\t\t\t\t\t<\/div>\n\t\t<\/div>\n\t\t\t\t\t<\/div>\n\t\t<\/section>\n\t\t\t\t<section class=\"has-el-gap el-gap-default elementor-section elementor-top-section elementor-element elementor-element-14e8747 elementor-section-boxed elementor-section-height-default elementor-section-height-default\" data-id=\"14e8747\" data-element_type=\"section\">\n\t\t\t\t\t\t<div class=\"elementor-container elementor-column-gap-no\">\n\t\t\t\t\t<div class=\"elementor-column elementor-col-100 elementor-top-column elementor-element elementor-element-ecb3d59\" data-id=\"ecb3d59\" data-element_type=\"column\">\n\t\t\t<div class=\"elementor-widget-wrap elementor-element-populated\">\n\t\t\t\t\t\t<div class=\"elementor-element elementor-element-66d41f8 elementor-widget elementor-widget-spacer\" data-id=\"66d41f8\" data-element_type=\"widget\" data-widget_type=\"spacer.default\">\n\t\t\t\t<div class=\"elementor-widget-container\">\n\t\t\t\t\t\t\t<div class=\"elementor-spacer\">\n\t\t\t<div class=\"elementor-spacer-inner\"><\/div>\n\t\t<\/div>\n\t\t\t\t\t\t<\/div>\n\t\t\t\t<\/div>\n\t\t\t\t\t<\/div>\n\t\t<\/div>\n\t\t\t\t\t<\/div>\n\t\t<\/section>\n\t\t\t\t<section class=\"has-el-gap el-gap-default elementor-section elementor-top-section elementor-element elementor-element-181e692 elementor-section-boxed elementor-section-height-default elementor-section-height-default\" data-id=\"181e692\" data-element_type=\"section\">\n\t\t\t\t\t\t<div class=\"elementor-container elementor-column-gap-no\">\n\t\t\t\t\t<div class=\"elementor-column elementor-col-50 elementor-top-column elementor-element elementor-element-20771c5\" data-id=\"20771c5\" data-element_type=\"column\">\n\t\t\t<div class=\"elementor-widget-wrap elementor-element-populated\">\n\t\t\t\t\t\t<div class=\"elementor-element elementor-element-a943841 elementor-widget elementor-widget-image\" data-id=\"a943841\" data-element_type=\"widget\" data-widget_type=\"image.default\">\n\t\t\t\t<div class=\"elementor-widget-container\">\n\t\t\t\t\t\t\t\t\t\t\t\t\t\t\t<img decoding=\"async\" class=\"attachment-large size-large wp-image-6413 lazyload\" width=\"1024\" height=\"683\" src=\"data:image\/svg+xml;base64,PHN2ZyB2aWV3Qm94PScwIDAgMTAyNCA2ODMnIHhtbG5zPSdodHRwOi8vd3d3LnczLm9yZy8yMDAwL3N2Zyc+PC9zdmc+\" alt srcset=\"https:\/\/pangee.org\/wp-content\/uploads\/2022\/12\/concept-1868728_1920-1024x683.jpg 1024w, https:\/\/pangee.org\/wp-content\/uploads\/2022\/12\/concept-1868728_1920-300x200.jpg 300w, https:\/\/pangee.org\/wp-content\/uploads\/2022\/12\/concept-1868728_1920-768x512.jpg 768w, https:\/\/pangee.org\/wp-content\/uploads\/2022\/12\/concept-1868728_1920-1536x1024.jpg 1536w, https:\/\/pangee.org\/wp-content\/uploads\/2022\/12\/concept-1868728_1920-150x100.jpg 150w, https:\/\/pangee.org\/wp-content\/uploads\/2022\/12\/concept-1868728_1920-450x300.jpg 450w, https:\/\/pangee.org\/wp-content\/uploads\/2022\/12\/concept-1868728_1920-1200x800.jpg 1200w, https:\/\/pangee.org\/wp-content\/uploads\/2022\/12\/concept-1868728_1920.jpg 1920w\" sizes=\"(max-width: 1024px) 100vw, 1024px\" data-src=\"https:\/\/pangee.org\/wp-content\/uploads\/2022\/12\/concept-1868728_1920-1024x683.jpg\" \/>\t\t\t\t\t\t\t\t\t\t\t\t\t\t\t<\/div>\n\t\t\t\t<\/div>\n\t\t\t\t\t<\/div>\n\t\t<\/div>\n\t\t\t\t<div class=\"elementor-column elementor-col-50 elementor-top-column elementor-element elementor-element-37ba531\" data-id=\"37ba531\" data-element_type=\"column\">\n\t\t\t<div class=\"elementor-widget-wrap elementor-element-populated\">\n\t\t\t\t\t\t<div class=\"elementor-element elementor-element-20cb032 elementor-widget elementor-widget-image\" data-id=\"20cb032\" data-element_type=\"widget\" data-widget_type=\"image.default\">\n\t\t\t\t<div class=\"elementor-widget-container\">\n\t\t\t\t\t\t\t\t\t\t\t\t\t\t\t<img decoding=\"async\" class=\"attachment-large size-large wp-image-6411 lazyload\" width=\"305\" height=\"314\" src=\"data:image\/svg+xml;base64,PHN2ZyB2aWV3Qm94PScwIDAgMzA1IDMxNCcgeG1sbnM9J2h0dHA6Ly93d3cudzMub3JnLzIwMDAvc3ZnJz48L3N2Zz4=\" alt srcset=\"https:\/\/pangee.org\/wp-content\/uploads\/2022\/12\/Capture-decran-2021-07-09-a-15.50.55.png 305w, https:\/\/pangee.org\/wp-content\/uploads\/2022\/12\/Capture-decran-2021-07-09-a-15.50.55-291x300.png 291w, https:\/\/pangee.org\/wp-content\/uploads\/2022\/12\/Capture-decran-2021-07-09-a-15.50.55-150x154.png 150w\" sizes=\"(max-width: 305px) 100vw, 305px\" data-src=\"https:\/\/pangee.org\/wp-content\/uploads\/2022\/12\/Capture-decran-2021-07-09-a-15.50.55.png\" \/>\t\t\t\t\t\t\t\t\t\t\t\t\t\t\t<\/div>\n\t\t\t\t<\/div>\n\t\t\t\t\t<\/div>\n\t\t<\/div>\n\t\t\t\t\t<\/div>\n\t\t<\/section>\n\t\t\t\t<section class=\"has-el-gap el-gap-default elementor-section elementor-top-section elementor-element elementor-element-a6f5025 elementor-section-boxed elementor-section-height-default elementor-section-height-default\" data-id=\"a6f5025\" data-element_type=\"section\">\n\t\t\t\t\t\t<div class=\"elementor-container elementor-column-gap-no\">\n\t\t\t\t\t<div class=\"elementor-column elementor-col-100 elementor-top-column elementor-element elementor-element-8da266d\" data-id=\"8da266d\" data-element_type=\"column\">\n\t\t\t<div class=\"elementor-widget-wrap elementor-element-populated\">\n\t\t\t\t\t\t<div class=\"elementor-element elementor-element-c170cb5 elementor-widget elementor-widget-spacer\" data-id=\"c170cb5\" data-element_type=\"widget\" data-widget_type=\"spacer.default\">\n\t\t\t\t<div class=\"elementor-widget-container\">\n\t\t\t\t\t\t\t<div class=\"elementor-spacer\">\n\t\t\t<div class=\"elementor-spacer-inner\"><\/div>\n\t\t<\/div>\n\t\t\t\t\t\t<\/div>\n\t\t\t\t<\/div>\n\t\t\t\t\t<\/div>\n\t\t<\/div>\n\t\t\t\t\t<\/div>\n\t\t<\/section>\n\t\t\t\t<section class=\"has-el-gap el-gap-default elementor-section elementor-top-section elementor-element elementor-element-9d6e172 elementor-section-boxed elementor-section-height-default elementor-section-height-default\" data-id=\"9d6e172\" data-element_type=\"section\">\n\t\t\t\t\t\t<div class=\"elementor-container elementor-column-gap-no\">\n\t\t\t\t\t<div class=\"elementor-column elementor-col-50 elementor-top-column elementor-element elementor-element-64c4620\" data-id=\"64c4620\" data-element_type=\"column\">\n\t\t\t<div class=\"elementor-widget-wrap elementor-element-populated\">\n\t\t\t\t\t\t<div class=\"elementor-element elementor-element-77b5b5e elementor-widget elementor-widget-heading\" data-id=\"77b5b5e\" data-element_type=\"widget\" data-widget_type=\"heading.default\">\n\t\t\t\t<div class=\"elementor-widget-container\">\n\t\t\t\t\t<h2 class=\"elementor-heading-title elementor-size-default\"><div><div><div><div data-elementor-type=\"wp-page\" data-elementor-id=\"6393\"><section data-id=\"515b27a\" data-element_type=\"section\"><div><div data-id=\"21769b4\" data-element_type=\"column\"><div><div data-id=\"3bea1a3\" data-element_type=\"widget\" data-widget_type=\"text-editor.default\"><div><div><div><h5>Quel public ?<\/h5><div><br><\/div><div><p>Chaque salari\u00e9 est concern\u00e9 par le Plan de D\u00e9veloppement des comp\u00e9tences de son entreprise<\/p><div><h5>Qui est \u00e0 l\u2019origine de cette action ?<\/h5><div><br><\/div><div><p>G\u00e9n\u00e9ralement, l\u2019employeur informe ses salari\u00e9s de la possibilit\u00e9 de \nchoisir une formation. Cependant, le salari\u00e9 peut express\u00e9ment en faire \nla demande lors d\u2019un entretien aupr\u00e8s de son responsable.<\/p><div>\n<h5>La p\u00e9riode de Formation<\/h5><div><br><\/div>\n<div>\n<p>La phase de formation est assimil\u00e9e \u00e0 l\u2019ex\u00e9cution normale du contrat \nde travail. Le salari\u00e9 ne peut s\u2019y opposer. Les formations ont lieu \npendant le temps de travail, avec maintien de la r\u00e9mun\u00e9ration. Selon les\n cas, une partie des co\u00fbts de salaires peut \u00eatre \u00e9galement prise en \ncharge<\/p>\n<\/div>\n<\/div><div>&nbsp;<\/div><div>\n<div>\n<h5>Avantages<\/h5><div><br><\/div>\n<div>\n<p>L\u2019avantage consiste dans le maintien de vos salari\u00e9s au sein de votre\n entreprise, gr\u00e2ce \u00e0 des actions favorisant l\u2019adaptation du salari\u00e9 \u00e0 \nson poste ou \u00e0 son \u00e9volution, ou encore, le d\u00e9veloppement de ses \ncomp\u00e9tences.<\/p>\n<\/div>\n<\/div>\n<\/div><\/div><\/div><\/div><\/div><\/div><\/div><\/div><\/div><\/div><\/div><\/section><\/div><\/div><\/div><\/div>\n\n\n\n\n\n\n\n\n\n\n\n\n<\/h2>\t\t\t\t<\/div>\n\t\t\t\t<\/div>\n\t\t\t\t\t<\/div>\n\t\t<\/div>\n\t\t\t\t<div class=\"elementor-column elementor-col-50 elementor-top-column elementor-element elementor-element-132c052\" data-id=\"132c052\" data-element_type=\"column\">\n\t\t\t<div class=\"elementor-widget-wrap elementor-element-populated\">\n\t\t\t\t\t\t<div class=\"elementor-element elementor-element-a271e56 elementor-widget elementor-widget-heading\" data-id=\"a271e56\" data-element_type=\"widget\" data-widget_type=\"heading.default\">\n\t\t\t\t<div class=\"elementor-widget-container\">\n\t\t\t\t\t<h2 class=\"elementor-heading-title elementor-size-default\"><div><div><div><div><article><div><div><div><div><div><div><div>D\u00e9finition<\/div><div><br><\/div><div>\t<div><div><p>Le CPF est un compte \nindividuel vous permettant de cumuler des droits \u00e0 la formation \nprofessionnelle tout au long de votre carri\u00e8re.<\/p>\n<p>Il est cr\u00e9\u00e9 \u00e0 votre entr\u00e9e sur le march\u00e9 du travail, d\u00e8s l\u2019\u00e2ge de 16 \nans (15 ans pour les jeunes ayant sign\u00e9 un contrat d\u2019apprentissage) et \nutilisable tout au long de la vie.<\/p>\n<p>Il est attach\u00e9 \u00e0 la personne et non au contrat de travail. Vous \nconservez donc les droits acquis m\u00eame si vous quittez votre emploi.<\/p><\/div><br><h5>Qui est \u00e0 l'origine de cette action ?<\/h5><div><br><\/div><div>Vous \u00eates le seul d\u00e9cideur de choisir d\u2019utiliser vos droits \u00e0 la  formation dans le cadre du CPF. Depuis le 01\/01\/2019, pour chaque ann\u00e9e travaill\u00e9e, vous cumulez 500\u20ac pour vous former sur votre compte en \nligne.&nbsp;<\/div><div><br><\/div>\t\t\t<h5>Publics b\u00e9n\u00e9ficiaires<\/h5><div><br><\/div><div>Le CPF est destin\u00e9 aux salari\u00e9s du secteur priv\u00e9, aux personnes en recherche d\u2019emploi, en contrat de s\u00e9curisation professionnelle ou encore\n accueillies dans un ESAT, de l\u2019\u00e2ge de 16 ans jusqu\u2019\u00e0 la retraite. Vous \u00eates \u00e0 l\u2019origine de cette formation. <\/div><div><br><\/div><div>Deux possibilit\u00e9s : vous ne souhaitez pas informer votre employeur de cette formation et elle se \npassera hors temps de travail OU vous souhaitez informer votre employeur et la formation se d\u00e9roulera pendant le temps de travail.&nbsp;<\/div>\n\t\t\t\t\n\t\t\t<\/div><div><h5>Avantages<\/h5><\/div><\/div><\/div><\/div><\/div><\/div><\/div><\/div><\/article><\/div><\/div><\/div><\/div><\/h2>\t\t\t\t<\/div>\n\t\t\t\t<\/div>\n\t\t\t\t\t<\/div>\n\t\t<\/div>\n\t\t\t\t\t<\/div>\n\t\t<\/section>\n\t\t\t\t<\/div>\n\t\t","protected":false},"excerpt":{"rendered":"<p>FINANCEMENT DES FORMATIONS VOUS \u00caTES SALARIE \u00a0 En phase de mutation constante, les entreprises veillent de plus en plus \u00e0 s\u2019assurer de la formation de leurs employ\u00e9s afin de maximiser la qualit\u00e9 de leurs \u00e9quipes, augmenter la productivit\u00e9 ou encore permettre aux salari\u00e9s de b\u00e9n\u00e9ficier de formations bas\u00e9es sur la qualit\u00e9\u2026 Au 1er Janvier 2019,<\/p>\n","protected":false},"author":1,"featured_media":0,"parent":0,"menu_order":0,"comment_status":"closed","ping_status":"closed","template":"page-templates\/no-wrapper.php","meta":{"footnotes":""},"class_list":["post-6401","page","type-page","status-publish"],"_links":{"self":[{"href":"https:\/\/pangee.org\/index.php\/wp-json\/wp\/v2\/pages\/6401","targetHints":{"allow":["GET"]}}],"collection":[{"href":"https:\/\/pangee.org\/index.php\/wp-json\/wp\/v2\/pages"}],"about":[{"href":"https:\/\/pangee.org\/index.php\/wp-json\/wp\/v2\/types\/page"}],"author":[{"embeddable":true,"href":"https:\/\/pangee.org\/index.php\/wp-json\/wp\/v2\/users\/1"}],"replies":[{"embeddable":true,"href":"https:\/\/pangee.org\/index.php\/wp-json\/wp\/v2\/comments?post=6401"}],"version-history":[{"count":19,"href":"https:\/\/pangee.org\/index.php\/wp-json\/wp\/v2\/pages\/6401\/revisions"}],"predecessor-version":[{"id":6697,"href":"https:\/\/pangee.org\/index.php\/wp-json\/wp\/v2\/pages\/6401\/revisions\/6697"}],"wp:attachment":[{"href":"https:\/\/pangee.org\/index.php\/wp-json\/wp\/v2\/media?parent=6401"}],"curies":[{"name":"wp","href":"https:\/\/api.w.org\/{rel}","templated":true}]}}