{"id":6869,"date":"2023-07-11T09:26:44","date_gmt":"2023-07-11T07:26:44","guid":{"rendered":"https:\/\/pangee.org\/?page_id=6869"},"modified":"2023-07-13T11:01:35","modified_gmt":"2023-07-13T09:01:35","slug":"etat-de-larmement-dans-le-monde","status":"publish","type":"page","link":"https:\/\/pangee.org\/index.php\/etat-de-larmement-dans-le-monde\/","title":{"rendered":"Etat de l&rsquo;armement dans le monde"},"content":{"rendered":"\t\t<div data-elementor-type=\"wp-page\" data-elementor-id=\"6869\" class=\"elementor elementor-6869\">\n\t\t\t\t\t\t<section class=\"has-el-gap el-gap-default elementor-section elementor-top-section elementor-element elementor-element-60578fe elementor-section-boxed elementor-section-height-default elementor-section-height-default\" data-id=\"60578fe\" data-element_type=\"section\">\n\t\t\t\t\t\t<div class=\"elementor-container elementor-column-gap-no\">\n\t\t\t\t\t<div class=\"elementor-column elementor-col-100 elementor-top-column elementor-element elementor-element-7c88fb3\" data-id=\"7c88fb3\" data-element_type=\"column\">\n\t\t\t<div class=\"elementor-widget-wrap elementor-element-populated\">\n\t\t\t\t\t\t<div class=\"elementor-element elementor-element-e48b878 elementor-widget elementor-widget-text-editor\" data-id=\"e48b878\" data-element_type=\"widget\" data-widget_type=\"text-editor.default\">\n\t\t\t\t<div class=\"elementor-widget-container\">\n\t\t\t\t\t\t\t\t\t<p style=\"text-align: center;\" align=\"center\"><strong><span style=\"font-size: 15pt; line-height: 107%; font-family: Helvetica, sans-serif; color: #2b2b2b; background-image: initial; background-position: initial; background-size: initial; background-repeat: initial; background-attachment: initial; background-origin: initial; background-clip: initial;\">118 milliards de dollars\u00a0<\/span><\/strong><\/p>\n<p style=\"text-align: center;\" align=\"center\"><span style=\"font-size: 13.5pt; line-height: 107%; font-family: Helvetica, sans-serif; color: #2b2b2b; background-image: initial; background-position: initial; background-size: initial; background-repeat: initial; background-attachment: initial; background-origin: initial; background-clip: initial;\">C&rsquo;est la valeur totale des transferts internationaux d\u2019armes en 2019<\/span><\/p>\t\t\t\t\t\t\t\t<\/div>\n\t\t\t\t<\/div>\n\t\t\t\t\t<\/div>\n\t\t<\/div>\n\t\t\t\t\t<\/div>\n\t\t<\/section>\n\t\t\t\t<section class=\"has-el-gap el-gap-default elementor-section elementor-top-section elementor-element elementor-element-9ac012a elementor-section-boxed elementor-section-height-default elementor-section-height-default\" data-id=\"9ac012a\" data-element_type=\"section\">\n\t\t\t\t\t\t<div class=\"elementor-container elementor-column-gap-no\">\n\t\t\t\t\t<div class=\"elementor-column elementor-col-100 elementor-top-column elementor-element elementor-element-631522a\" data-id=\"631522a\" data-element_type=\"column\">\n\t\t\t<div class=\"elementor-widget-wrap elementor-element-populated\">\n\t\t\t\t\t\t<div class=\"elementor-element elementor-element-5d066eb elementor-widget-divider--view-line elementor-widget elementor-widget-divider\" data-id=\"5d066eb\" data-element_type=\"widget\" data-widget_type=\"divider.default\">\n\t\t\t\t<div class=\"elementor-widget-container\">\n\t\t\t\t\t\t\t<div class=\"elementor-divider\">\n\t\t\t<span class=\"elementor-divider-separator\">\n\t\t\t\t\t\t<\/span>\n\t\t<\/div>\n\t\t\t\t\t\t<\/div>\n\t\t\t\t<\/div>\n\t\t\t\t\t<\/div>\n\t\t<\/div>\n\t\t\t\t\t<\/div>\n\t\t<\/section>\n\t\t\t\t<section class=\"has-el-gap el-gap-default elementor-section elementor-top-section elementor-element elementor-element-fd96ace elementor-section-boxed elementor-section-height-default elementor-section-height-default\" data-id=\"fd96ace\" data-element_type=\"section\">\n\t\t\t\t\t\t<div class=\"elementor-container elementor-column-gap-no\">\n\t\t\t\t\t<div class=\"elementor-column elementor-col-100 elementor-top-column elementor-element elementor-element-2c240d9\" data-id=\"2c240d9\" data-element_type=\"column\">\n\t\t\t<div class=\"elementor-widget-wrap elementor-element-populated\">\n\t\t\t\t\t\t<div class=\"elementor-element elementor-element-b04462a elementor-widget elementor-widget-heading\" data-id=\"b04462a\" data-element_type=\"widget\" data-widget_type=\"heading.default\">\n\t\t\t\t<div class=\"elementor-widget-container\">\n\t\t\t\t\t<h2 class=\"elementor-heading-title elementor-size-default\">Dans le monde <\/h2>\t\t\t\t<\/div>\n\t\t\t\t<\/div>\n\t\t\t\t<div class=\"elementor-element elementor-element-fdd860a elementor-widget-divider--view-line elementor-widget elementor-widget-divider\" data-id=\"fdd860a\" data-element_type=\"widget\" data-widget_type=\"divider.default\">\n\t\t\t\t<div class=\"elementor-widget-container\">\n\t\t\t\t\t\t\t<div class=\"elementor-divider\">\n\t\t\t<span class=\"elementor-divider-separator\">\n\t\t\t\t\t\t<\/span>\n\t\t<\/div>\n\t\t\t\t\t\t<\/div>\n\t\t\t\t<\/div>\n\t\t\t\t\t<\/div>\n\t\t<\/div>\n\t\t\t\t\t<\/div>\n\t\t<\/section>\n\t\t\t\t<section class=\"has-el-gap el-gap-default elementor-section elementor-top-section elementor-element elementor-element-6163f1c elementor-section-boxed elementor-section-height-default elementor-section-height-default\" data-id=\"6163f1c\" data-element_type=\"section\">\n\t\t\t\t\t\t<div class=\"elementor-container elementor-column-gap-no\">\n\t\t\t\t\t<div class=\"elementor-column elementor-col-66 elementor-top-column elementor-element elementor-element-9dcfd01\" data-id=\"9dcfd01\" data-element_type=\"column\">\n\t\t\t<div class=\"elementor-widget-wrap elementor-element-populated\">\n\t\t\t\t\t\t<div class=\"elementor-element elementor-element-82f3c4f elementor-widget elementor-widget-text-editor\" data-id=\"82f3c4f\" data-element_type=\"widget\" data-widget_type=\"text-editor.default\">\n\t\t\t\t<div class=\"elementor-widget-container\">\n\t\t\t\t\t\t\t\t\t<p class=\"MsoNormal\" style=\"text-align: justify;\"><span style=\"font-size: 12.0pt; line-height: 107%; font-family: 'Times New Roman',serif;\">Entre 2013-2017 et 2018-2022, <strong>les \u00c9tats europ\u00e9ens ont connu une augmentation de 47% dans leurs importations d&rsquo;armes majeures<\/strong>, tandis que les transferts internationaux d&rsquo;armes \u00e0 l&rsquo;\u00e9chelle mondiale ont diminu\u00e9 de 5,1%. L&rsquo;Afrique, les Am\u00e9riques, l&rsquo;Asie et l&rsquo;Oc\u00e9anie, ainsi que le Moyen-Orient, ont g\u00e9n\u00e9ralement enregistr\u00e9 une baisse des importations d&rsquo;armes. Toutefois, l&rsquo;Asie de l&rsquo;Est et certaines r\u00e9gions tendues ont connu une forte augmentation des importations d&rsquo;armes. Les \u00c9tats-Unis ont vu leur part dans les exportations mondiales d&rsquo;armes passer de 33% \u00e0 <strong>40%<\/strong>, tandis que la part de la Russie a diminu\u00e9 de 22% \u00e0 <strong>16%<\/strong>. Ces tendances s&rsquo;expliquent par les tensions entre la Russie et de nombreux pays europ\u00e9ens. Les exportations d&rsquo;armes am\u00e9ricaines ont augment\u00e9 de 14% pendant la p\u00e9riode consid\u00e9r\u00e9e, repr\u00e9sentant d\u00e9sormais 40% des exportations mondiales. Les exportations d&rsquo;armes russes ont quant \u00e0 elles diminu\u00e9 de 31%. <strong>La France, quant \u00e0 elle, a enregistr\u00e9 une augmentation de 44% de ses exportations d&rsquo;armes<\/strong>. La majeure partie de ces exportations fran\u00e7aises \u00e9tait destin\u00e9e \u00e0 l&rsquo;Asie, \u00e0 l&rsquo;Oc\u00e9anie et au Moyen-Orient. En 2018-2022, 30% des exportations d&rsquo;armes fran\u00e7aises \u00e9taient destin\u00e9es \u00e0 l&rsquo;Inde, o\u00f9 la France a surpass\u00e9 les \u00c9tats-Unis pour devenir le deuxi\u00e8me plus grand fournisseur apr\u00e8s la Russie.<\/span><\/p>\n<p class=\"MsoNormal\" style=\"text-align: justify;\"><\/p>\t\t\t\t\t\t\t\t<\/div>\n\t\t\t\t<\/div>\n\t\t\t\t\t<\/div>\n\t\t<\/div>\n\t\t\t\t<div class=\"elementor-column elementor-col-33 elementor-top-column elementor-element elementor-element-7db0c33\" data-id=\"7db0c33\" data-element_type=\"column\" data-settings=\"{&quot;background_background&quot;:&quot;classic&quot;}\">\n\t\t\t<div class=\"elementor-widget-wrap elementor-element-populated\">\n\t\t\t\t\t\t<div class=\"elementor-element elementor-element-e65b53d elementor-widget elementor-widget-image\" data-id=\"e65b53d\" data-element_type=\"widget\" data-widget_type=\"image.default\">\n\t\t\t\t<div class=\"elementor-widget-container\">\n\t\t\t\t\t\t\t\t\t\t\t\t<figure class=\"wp-caption\">\n\t\t\t\t\t\t\t\t\t\t<img decoding=\"async\" class=\" lazyload\" src=\"data:image\/svg+xml;base64,PHN2ZyB2aWV3Qm94PScwIDAgMSAxJyB4bWxucz0naHR0cDovL3d3dy53My5vcmcvMjAwMC9zdmcnPjwvc3ZnPg==\" title=\"Armement1\" alt=\"Armement1\" loading=\"lazy\" data-src=\"https:\/\/pangee.org\/wp-content\/uploads\/2023\/07\/Armement1.jpg\" \/>\t\t\t\t\t\t\t\t\t\t\t<figcaption class=\"widget-image-caption wp-caption-text\"><\/figcaption>\n\t\t\t\t\t\t\t\t\t\t<\/figure>\n\t\t\t\t\t\t\t\t\t<\/div>\n\t\t\t\t<\/div>\n\t\t\t\t\t<\/div>\n\t\t<\/div>\n\t\t\t\t\t<\/div>\n\t\t<\/section>\n\t\t\t\t<section class=\"has-el-gap el-gap-default elementor-section elementor-top-section elementor-element elementor-element-9683efc elementor-section-boxed elementor-section-height-default elementor-section-height-default\" data-id=\"9683efc\" data-element_type=\"section\">\n\t\t\t\t\t\t<div class=\"elementor-container elementor-column-gap-no\">\n\t\t\t\t\t<div class=\"elementor-column elementor-col-66 elementor-top-column elementor-element elementor-element-242d49b\" data-id=\"242d49b\" data-element_type=\"column\" data-settings=\"{&quot;background_background&quot;:&quot;classic&quot;}\">\n\t\t\t<div class=\"elementor-widget-wrap elementor-element-populated\">\n\t\t\t\t\t\t<div class=\"elementor-element elementor-element-87b9d04 elementor-widget elementor-widget-image\" data-id=\"87b9d04\" data-element_type=\"widget\" data-widget_type=\"image.default\">\n\t\t\t\t<div class=\"elementor-widget-container\">\n\t\t\t\t\t\t\t\t\t\t\t\t<figure class=\"wp-caption\">\n\t\t\t\t\t\t\t\t\t\t<img fetchpriority=\"high\" decoding=\"async\" class=\"attachment-large size-large wp-image-7000 lazyload\" width=\"1024\" height=\"598\" src=\"data:image\/svg+xml;base64,PHN2ZyB2aWV3Qm94PScwIDAgMTAyNCA1OTgnIHhtbG5zPSdodHRwOi8vd3d3LnczLm9yZy8yMDAwL3N2Zyc+PC9zdmc+\" alt srcset=\"https:\/\/pangee.org\/wp-content\/uploads\/2023\/07\/Armement2.jpg-1024x598.png 1024w, https:\/\/pangee.org\/wp-content\/uploads\/2023\/07\/Armement2.jpg-300x175.png 300w, https:\/\/pangee.org\/wp-content\/uploads\/2023\/07\/Armement2.jpg-768x448.png 768w, https:\/\/pangee.org\/wp-content\/uploads\/2023\/07\/Armement2.jpg-1536x897.png 1536w, https:\/\/pangee.org\/wp-content\/uploads\/2023\/07\/Armement2.jpg-150x88.png 150w, https:\/\/pangee.org\/wp-content\/uploads\/2023\/07\/Armement2.jpg-450x263.png 450w, https:\/\/pangee.org\/wp-content\/uploads\/2023\/07\/Armement2.jpg-1200x701.png 1200w, https:\/\/pangee.org\/wp-content\/uploads\/2023\/07\/Armement2.jpg.png 1982w\" sizes=\"(max-width: 1024px) 100vw, 1024px\" data-src=\"https:\/\/pangee.org\/wp-content\/uploads\/2023\/07\/Armement2.jpg-1024x598.png\" \/>\t\t\t\t\t\t\t\t\t\t\t<figcaption class=\"widget-image-caption wp-caption-text\">Source : www.amnesty.fr<\/figcaption>\n\t\t\t\t\t\t\t\t\t\t<\/figure>\n\t\t\t\t\t\t\t\t\t<\/div>\n\t\t\t\t<\/div>\n\t\t\t\t\t<\/div>\n\t\t<\/div>\n\t\t\t\t<div class=\"elementor-column elementor-col-33 elementor-top-column elementor-element elementor-element-230620a\" data-id=\"230620a\" data-element_type=\"column\">\n\t\t\t<div class=\"elementor-widget-wrap elementor-element-populated\">\n\t\t\t\t\t\t<div class=\"elementor-element elementor-element-cf76683 elementor-widget elementor-widget-image\" data-id=\"cf76683\" data-element_type=\"widget\" data-widget_type=\"image.default\">\n\t\t\t\t<div class=\"elementor-widget-container\">\n\t\t\t\t\t\t\t\t\t\t\t\t<figure class=\"wp-caption\">\n\t\t\t\t\t\t\t\t\t\t<img decoding=\"async\" class=\"attachment-large size-large wp-image-7001 lazyload\" width=\"1024\" height=\"598\" src=\"data:image\/svg+xml;base64,PHN2ZyB2aWV3Qm94PScwIDAgMTAyNCA1OTgnIHhtbG5zPSdodHRwOi8vd3d3LnczLm9yZy8yMDAwL3N2Zyc+PC9zdmc+\" alt srcset=\"https:\/\/pangee.org\/wp-content\/uploads\/2023\/07\/Armement3.jpg-1024x598.png 1024w, https:\/\/pangee.org\/wp-content\/uploads\/2023\/07\/Armement3.jpg-300x175.png 300w, https:\/\/pangee.org\/wp-content\/uploads\/2023\/07\/Armement3.jpg-768x448.png 768w, https:\/\/pangee.org\/wp-content\/uploads\/2023\/07\/Armement3.jpg-1536x897.png 1536w, https:\/\/pangee.org\/wp-content\/uploads\/2023\/07\/Armement3.jpg-150x88.png 150w, https:\/\/pangee.org\/wp-content\/uploads\/2023\/07\/Armement3.jpg-450x263.png 450w, https:\/\/pangee.org\/wp-content\/uploads\/2023\/07\/Armement3.jpg-1200x701.png 1200w, https:\/\/pangee.org\/wp-content\/uploads\/2023\/07\/Armement3.jpg.png 1982w\" sizes=\"(max-width: 1024px) 100vw, 1024px\" data-src=\"https:\/\/pangee.org\/wp-content\/uploads\/2023\/07\/Armement3.jpg-1024x598.png\" \/>\t\t\t\t\t\t\t\t\t\t\t<figcaption class=\"widget-image-caption wp-caption-text\">Source : www.capital.fr<\/figcaption>\n\t\t\t\t\t\t\t\t\t\t<\/figure>\n\t\t\t\t\t\t\t\t\t<\/div>\n\t\t\t\t<\/div>\n\t\t\t\t\t<\/div>\n\t\t<\/div>\n\t\t\t\t\t<\/div>\n\t\t<\/section>\n\t\t\t\t<section class=\"has-el-gap el-gap-default elementor-section elementor-top-section elementor-element elementor-element-bd07daf elementor-section-boxed elementor-section-height-default elementor-section-height-default\" data-id=\"bd07daf\" data-element_type=\"section\">\n\t\t\t\t\t\t<div class=\"elementor-container elementor-column-gap-no\">\n\t\t\t\t\t<div class=\"elementor-column elementor-col-100 elementor-top-column elementor-element elementor-element-43063a3\" data-id=\"43063a3\" data-element_type=\"column\">\n\t\t\t<div class=\"elementor-widget-wrap elementor-element-populated\">\n\t\t\t\t\t\t<div class=\"elementor-element elementor-element-e733267 elementor-widget elementor-widget-heading\" data-id=\"e733267\" data-element_type=\"widget\" data-widget_type=\"heading.default\">\n\t\t\t\t<div class=\"elementor-widget-container\">\n\t\t\t\t\t<h2 class=\"elementor-heading-title elementor-size-default\">Conflit russo-ukrainienne<\/h2>\t\t\t\t<\/div>\n\t\t\t\t<\/div>\n\t\t\t\t\t<\/div>\n\t\t<\/div>\n\t\t\t\t\t<\/div>\n\t\t<\/section>\n\t\t\t\t<section class=\"has-el-gap el-gap-default elementor-section elementor-top-section elementor-element elementor-element-f70e323 elementor-section-boxed elementor-section-height-default elementor-section-height-default\" data-id=\"f70e323\" data-element_type=\"section\">\n\t\t\t\t\t\t<div class=\"elementor-container elementor-column-gap-no\">\n\t\t\t\t\t<div class=\"elementor-column elementor-col-100 elementor-top-column elementor-element elementor-element-86aba32\" data-id=\"86aba32\" data-element_type=\"column\">\n\t\t\t<div class=\"elementor-widget-wrap elementor-element-populated\">\n\t\t\t\t\t\t<div class=\"elementor-element elementor-element-15aeed6 elementor-widget-divider--view-line elementor-widget elementor-widget-divider\" data-id=\"15aeed6\" data-element_type=\"widget\" data-widget_type=\"divider.default\">\n\t\t\t\t<div class=\"elementor-widget-container\">\n\t\t\t\t\t\t\t<div class=\"elementor-divider\">\n\t\t\t<span class=\"elementor-divider-separator\">\n\t\t\t\t\t\t<\/span>\n\t\t<\/div>\n\t\t\t\t\t\t<\/div>\n\t\t\t\t<\/div>\n\t\t\t\t\t<\/div>\n\t\t<\/div>\n\t\t\t\t\t<\/div>\n\t\t<\/section>\n\t\t\t\t<section class=\"has-el-gap el-gap-default elementor-section elementor-top-section elementor-element elementor-element-ad61e63 elementor-section-boxed elementor-section-height-default elementor-section-height-default\" data-id=\"ad61e63\" data-element_type=\"section\">\n\t\t\t\t\t\t<div class=\"elementor-container elementor-column-gap-no\">\n\t\t\t\t\t<div class=\"elementor-column elementor-col-66 elementor-top-column elementor-element elementor-element-9dbc6bd\" data-id=\"9dbc6bd\" data-element_type=\"column\">\n\t\t\t<div class=\"elementor-widget-wrap elementor-element-populated\">\n\t\t\t\t\t\t<div class=\"elementor-element elementor-element-05f0d10 elementor-widget elementor-widget-text-editor\" data-id=\"05f0d10\" data-element_type=\"widget\" data-widget_type=\"text-editor.default\">\n\t\t\t\t<div class=\"elementor-widget-container\">\n\t\t\t\t\t\t\t\t\t<p>L&rsquo;\u00e9tat de l&rsquo;armement en Ukraine et en Russie est fortement influenc\u00e9 par le conflit qui les oppose. \u00c0 la suite de l&rsquo;invasion de l&rsquo;Ukraine par la Russie, l&rsquo;Ukraine a fourni des efforts consid\u00e9rables pour renforcer ses forces arm\u00e9es et moderniser son arsenal. Elle a cherch\u00e9 \u00e0 obtenir un soutien international et a \u00e9galement entrepris des r\u00e9formes dans le domaine de la d\u00e9fense.\u00a0<span style=\"font-size: 14px; color: var(--body-color, var(--c-contrast-700));\">La Russie, en revanche, a utilis\u00e9 ses forces arm\u00e9es dans le conflit avec l&rsquo;Ukraine et a d\u00e9ploy\u00e9 un important contingent militaire dans la r\u00e9gion. La Russie a \u00e9galement poursuivi ses efforts de modernisation de ses forces arm\u00e9es, <strong>bien que certaines pressions \u00e9conomiques et les sanctions internationales aient pu affecter ses capacit\u00e9s dans une certaine mesure<\/strong>.\u00a0<\/span><span style=\"font-size: 14px; color: var(--body-color, var(--c-contrast-700));\">Le conflit entre l&rsquo;Ukraine et la Russie a conduit \u00e0 une escalade des tensions et \u00e0 une course aux armements dans la r\u00e9gion. Les deux pays ont accru leurs d\u00e9penses militaires et ont cherch\u00e9 \u00e0 renforcer leurs capacit\u00e9s de d\u00e9fense. Cela a \u00e9galement entra\u00een\u00e9 des pr\u00e9occupations en mati\u00e8re de s\u00e9curit\u00e9 pour d&rsquo;autres pays voisins et a eu un impact sur les \u00e9quilibres g\u00e9opolitiques dans la r\u00e9gion.<\/span><\/p><p><span style=\"font-size: 14px; color: var(--body-color, var(--c-contrast-700));\">\u00a0<\/span><\/p>\t\t\t\t\t\t\t\t<\/div>\n\t\t\t\t<\/div>\n\t\t\t\t\t<\/div>\n\t\t<\/div>\n\t\t\t\t<div class=\"elementor-column elementor-col-33 elementor-top-column elementor-element elementor-element-fc664d0\" data-id=\"fc664d0\" data-element_type=\"column\">\n\t\t\t<div class=\"elementor-widget-wrap elementor-element-populated\">\n\t\t\t\t\t\t<div class=\"elementor-element elementor-element-14a2e1f elementor-widget elementor-widget-image\" data-id=\"14a2e1f\" data-element_type=\"widget\" data-widget_type=\"image.default\">\n\t\t\t\t<div class=\"elementor-widget-container\">\n\t\t\t\t\t\t\t\t\t\t\t\t\t\t\t<img decoding=\"async\" class=\"attachment-large size-large wp-image-7020 lazyload\" width=\"943\" height=\"637\" src=\"data:image\/svg+xml;base64,PHN2ZyB2aWV3Qm94PScwIDAgOTQzIDYzNycgeG1sbnM9J2h0dHA6Ly93d3cudzMub3JnLzIwMDAvc3ZnJz48L3N2Zz4=\" alt srcset=\"https:\/\/pangee.org\/wp-content\/uploads\/2023\/07\/Armement4.jpg 943w, https:\/\/pangee.org\/wp-content\/uploads\/2023\/07\/Armement4-300x203.jpg 300w, https:\/\/pangee.org\/wp-content\/uploads\/2023\/07\/Armement4-768x519.jpg 768w, https:\/\/pangee.org\/wp-content\/uploads\/2023\/07\/Armement4-150x101.jpg 150w, https:\/\/pangee.org\/wp-content\/uploads\/2023\/07\/Armement4-450x304.jpg 450w\" sizes=\"(max-width: 943px) 100vw, 943px\" data-src=\"https:\/\/pangee.org\/wp-content\/uploads\/2023\/07\/Armement4.jpg\" \/>\t\t\t\t\t\t\t\t\t\t\t\t\t\t\t<\/div>\n\t\t\t\t<\/div>\n\t\t\t\t\t<\/div>\n\t\t<\/div>\n\t\t\t\t\t<\/div>\n\t\t<\/section>\n\t\t\t\t<\/div>\n\t\t","protected":false},"excerpt":{"rendered":"<p>118 milliards de dollars\u00a0 C&rsquo;est la valeur totale des transferts internationaux d\u2019armes en 2019 Dans le monde Entre 2013-2017 et 2018-2022, les \u00c9tats europ\u00e9ens ont connu une augmentation de 47% dans leurs importations d&rsquo;armes majeures, tandis que les transferts internationaux d&rsquo;armes \u00e0 l&rsquo;\u00e9chelle mondiale ont diminu\u00e9 de 5,1%. L&rsquo;Afrique, les Am\u00e9riques, l&rsquo;Asie et l&rsquo;Oc\u00e9anie, ainsi<\/p>\n","protected":false},"author":1,"featured_media":0,"parent":0,"menu_order":0,"comment_status":"closed","ping_status":"closed","template":"page-templates\/no-wrapper.php","meta":{"footnotes":""},"class_list":["post-6869","page","type-page","status-publish"],"_links":{"self":[{"href":"https:\/\/pangee.org\/index.php\/wp-json\/wp\/v2\/pages\/6869","targetHints":{"allow":["GET"]}}],"collection":[{"href":"https:\/\/pangee.org\/index.php\/wp-json\/wp\/v2\/pages"}],"about":[{"href":"https:\/\/pangee.org\/index.php\/wp-json\/wp\/v2\/types\/page"}],"author":[{"embeddable":true,"href":"https:\/\/pangee.org\/index.php\/wp-json\/wp\/v2\/users\/1"}],"replies":[{"embeddable":true,"href":"https:\/\/pangee.org\/index.php\/wp-json\/wp\/v2\/comments?post=6869"}],"version-history":[{"count":19,"href":"https:\/\/pangee.org\/index.php\/wp-json\/wp\/v2\/pages\/6869\/revisions"}],"predecessor-version":[{"id":7060,"href":"https:\/\/pangee.org\/index.php\/wp-json\/wp\/v2\/pages\/6869\/revisions\/7060"}],"wp:attachment":[{"href":"https:\/\/pangee.org\/index.php\/wp-json\/wp\/v2\/media?parent=6869"}],"curies":[{"name":"wp","href":"https:\/\/api.w.org\/{rel}","templated":true}]}}