{"id":6961,"date":"2023-07-12T14:04:46","date_gmt":"2023-07-12T12:04:46","guid":{"rendered":"https:\/\/pangee.org\/?page_id=6961"},"modified":"2023-07-12T14:58:21","modified_gmt":"2023-07-12T12:58:21","slug":"benin","status":"publish","type":"page","link":"https:\/\/pangee.org\/index.php\/benin\/","title":{"rendered":"B\u00e9nin"},"content":{"rendered":"\t\t<div data-elementor-type=\"wp-page\" data-elementor-id=\"6961\" class=\"elementor elementor-6961\">\n\t\t\t\t\t\t<section class=\"has-el-gap el-gap-default elementor-section elementor-top-section elementor-element elementor-element-cb2d5da elementor-section-boxed elementor-section-height-default elementor-section-height-default\" data-id=\"cb2d5da\" data-element_type=\"section\">\n\t\t\t\t\t\t<div class=\"elementor-container elementor-column-gap-no\">\n\t\t\t\t\t<div class=\"elementor-column elementor-col-100 elementor-top-column elementor-element elementor-element-48f40ae\" data-id=\"48f40ae\" data-element_type=\"column\">\n\t\t\t<div class=\"elementor-widget-wrap elementor-element-populated\">\n\t\t\t\t\t\t<div class=\"elementor-element elementor-element-264226d elementor-widget elementor-widget-spacer\" data-id=\"264226d\" data-element_type=\"widget\" data-widget_type=\"spacer.default\">\n\t\t\t\t<div class=\"elementor-widget-container\">\n\t\t\t\t\t\t\t<div class=\"elementor-spacer\">\n\t\t\t<div class=\"elementor-spacer-inner\"><\/div>\n\t\t<\/div>\n\t\t\t\t\t\t<\/div>\n\t\t\t\t<\/div>\n\t\t\t\t<div class=\"elementor-element elementor-element-aaac6fa elementor-widget elementor-widget-heading\" data-id=\"aaac6fa\" data-element_type=\"widget\" data-widget_type=\"heading.default\">\n\t\t\t\t<div class=\"elementor-widget-container\">\n\t\t\t\t\t<h1 class=\"elementor-heading-title elementor-size-default\">Etat du trafic d'enfant au B\u00e9nin<\/h1>\t\t\t\t<\/div>\n\t\t\t\t<\/div>\n\t\t\t\t<div class=\"elementor-element elementor-element-d47ac2b elementor-widget-divider--view-line elementor-widget elementor-widget-divider\" data-id=\"d47ac2b\" data-element_type=\"widget\" data-widget_type=\"divider.default\">\n\t\t\t\t<div class=\"elementor-widget-container\">\n\t\t\t\t\t\t\t<div class=\"elementor-divider\">\n\t\t\t<span class=\"elementor-divider-separator\">\n\t\t\t\t\t\t<\/span>\n\t\t<\/div>\n\t\t\t\t\t\t<\/div>\n\t\t\t\t<\/div>\n\t\t\t\t<div class=\"elementor-element elementor-element-71f85cd elementor-widget elementor-widget-text-editor\" data-id=\"71f85cd\" data-element_type=\"widget\" data-widget_type=\"text-editor.default\">\n\t\t\t\t<div class=\"elementor-widget-container\">\n\t\t\t\t\t\t\t\t\t<p>Le trafic d&rsquo;enfants esclaves est devenu une pr\u00e9occupation majeure au B\u00e9nin, qui est devenu une plaque tournante de cette pratique. Au cours des six premiers mois de cette ann\u00e9e, 22 trafiquants ont \u00e9t\u00e9 arr\u00eat\u00e9s avec 600 adolescents de moins de quinze ans qu&rsquo;ils tentaient de faire sortir du pays pour les vendre dans d&rsquo;autres pays d&rsquo;Afrique de l&rsquo;Ouest et centrale. Le commerce de trafic d&rsquo;enfants est en forte augmentation au B\u00e9nin, avec plus de 2 360 enfants enlev\u00e9s \u00e0 leurs parents au cours des quatre derni\u00e8res ann\u00e9es. Ces enfants, originaires principalement des r\u00e9gions sud-ouest et centre du pays, sont vendus par leurs parents pour des sommes allant de 200 000 \u00e0 300 000 FCFA (environ 300 \u00e0 450 euros) par enfant. Les trafiquants pr\u00e9tendent les emmener \u00e0 l&rsquo;\u00e9tranger pour leur assurer une meilleure \u00e9ducation.<\/p><p>Le gouvernement b\u00e9ninois \u00e9tudie actuellement la possibilit\u00e9 de renforcer la l\u00e9gislation pour r\u00e9primer cette pratique. Jusqu&rsquo;\u00e0 pr\u00e9sent, le commerce d&rsquo;enfants mineurs est puni d&rsquo;une peine d&#8217;emprisonnement de quatre mois avec sursis. Cependant, l&rsquo;opinion publique r\u00e9clame la peine capitale pour les auteurs de ce commerce odieux. En attendant, les minist\u00e8res de la D\u00e9fense, de l&rsquo;Int\u00e9rieur et de la Justice et des Droits de l&rsquo;homme coordonneront leurs efforts pour traquer, appr\u00e9hender et traduire en justice tous les acteurs de ce trafic. Les contr\u00f4les aux fronti\u00e8res seront renforc\u00e9s, et une campagne nationale d&rsquo;information sur les m\u00e9faits du trafic d&rsquo;enfants sera lanc\u00e9e.<\/p>\t\t\t\t\t\t\t\t<\/div>\n\t\t\t\t<\/div>\n\t\t\t\t\t<\/div>\n\t\t<\/div>\n\t\t\t\t\t<\/div>\n\t\t<\/section>\n\t\t\t\t<\/div>\n\t\t","protected":false},"excerpt":{"rendered":"<p>Etat du trafic d&rsquo;enfant au B\u00e9nin Le trafic d&rsquo;enfants esclaves est devenu une pr\u00e9occupation majeure au B\u00e9nin, qui est devenu une plaque tournante de cette pratique. Au cours des six premiers mois de cette ann\u00e9e, 22 trafiquants ont \u00e9t\u00e9 arr\u00eat\u00e9s avec 600 adolescents de moins de quinze ans qu&rsquo;ils tentaient de faire sortir du pays<\/p>\n","protected":false},"author":1,"featured_media":0,"parent":0,"menu_order":0,"comment_status":"closed","ping_status":"closed","template":"page-templates\/no-wrapper.php","meta":{"footnotes":""},"class_list":["post-6961","page","type-page","status-publish"],"_links":{"self":[{"href":"https:\/\/pangee.org\/index.php\/wp-json\/wp\/v2\/pages\/6961","targetHints":{"allow":["GET"]}}],"collection":[{"href":"https:\/\/pangee.org\/index.php\/wp-json\/wp\/v2\/pages"}],"about":[{"href":"https:\/\/pangee.org\/index.php\/wp-json\/wp\/v2\/types\/page"}],"author":[{"embeddable":true,"href":"https:\/\/pangee.org\/index.php\/wp-json\/wp\/v2\/users\/1"}],"replies":[{"embeddable":true,"href":"https:\/\/pangee.org\/index.php\/wp-json\/wp\/v2\/comments?post=6961"}],"version-history":[{"count":4,"href":"https:\/\/pangee.org\/index.php\/wp-json\/wp\/v2\/pages\/6961\/revisions"}],"predecessor-version":[{"id":6991,"href":"https:\/\/pangee.org\/index.php\/wp-json\/wp\/v2\/pages\/6961\/revisions\/6991"}],"wp:attachment":[{"href":"https:\/\/pangee.org\/index.php\/wp-json\/wp\/v2\/media?parent=6961"}],"curies":[{"name":"wp","href":"https:\/\/api.w.org\/{rel}","templated":true}]}}