{"id":7082,"date":"2023-07-17T13:33:25","date_gmt":"2023-07-17T11:33:25","guid":{"rendered":"https:\/\/pangee.org\/?page_id=7082"},"modified":"2023-07-18T10:25:47","modified_gmt":"2023-07-18T08:25:47","slug":"gabon","status":"publish","type":"page","link":"https:\/\/pangee.org\/index.php\/gabon\/","title":{"rendered":"Gabon"},"content":{"rendered":"\t\t<div data-elementor-type=\"wp-page\" data-elementor-id=\"7082\" class=\"elementor elementor-7082\">\n\t\t\t\t\t\t<section class=\"has-el-gap el-gap-default elementor-section elementor-top-section elementor-element elementor-element-dc2b0f5 elementor-section-boxed elementor-section-height-default elementor-section-height-default\" data-id=\"dc2b0f5\" data-element_type=\"section\">\n\t\t\t\t\t\t<div class=\"elementor-container elementor-column-gap-no\">\n\t\t\t\t\t<div class=\"elementor-column elementor-col-100 elementor-top-column elementor-element elementor-element-3fced01\" data-id=\"3fced01\" data-element_type=\"column\">\n\t\t\t<div class=\"elementor-widget-wrap elementor-element-populated\">\n\t\t\t\t\t\t<div class=\"elementor-element elementor-element-9d31654 elementor-widget elementor-widget-spacer\" data-id=\"9d31654\" data-element_type=\"widget\" data-widget_type=\"spacer.default\">\n\t\t\t\t<div class=\"elementor-widget-container\">\n\t\t\t\t\t\t\t<div class=\"elementor-spacer\">\n\t\t\t<div class=\"elementor-spacer-inner\"><\/div>\n\t\t<\/div>\n\t\t\t\t\t\t<\/div>\n\t\t\t\t<\/div>\n\t\t\t\t\t<\/div>\n\t\t<\/div>\n\t\t\t\t\t<\/div>\n\t\t<\/section>\n\t\t\t\t<section class=\"has-el-gap el-gap-default elementor-section elementor-top-section elementor-element elementor-element-ee76e37 elementor-section-boxed elementor-section-height-default elementor-section-height-default\" data-id=\"ee76e37\" data-element_type=\"section\">\n\t\t\t\t\t\t<div class=\"elementor-container elementor-column-gap-no\">\n\t\t\t\t\t<div class=\"elementor-column elementor-col-100 elementor-top-column elementor-element elementor-element-43b49cc\" data-id=\"43b49cc\" data-element_type=\"column\">\n\t\t\t<div class=\"elementor-widget-wrap elementor-element-populated\">\n\t\t\t\t\t\t<div class=\"elementor-element elementor-element-1bcbd62 elementor-widget elementor-widget-heading\" data-id=\"1bcbd62\" data-element_type=\"widget\" data-widget_type=\"heading.default\">\n\t\t\t\t<div class=\"elementor-widget-container\">\n\t\t\t\t\t<h2 class=\"elementor-heading-title elementor-size-default\">Etat du trafic d'enfants au Gabon<\/h2>\t\t\t\t<\/div>\n\t\t\t\t<\/div>\n\t\t\t\t\t<\/div>\n\t\t<\/div>\n\t\t\t\t\t<\/div>\n\t\t<\/section>\n\t\t\t\t<section class=\"has-el-gap el-gap-default elementor-section elementor-top-section elementor-element elementor-element-015cfa4 elementor-section-boxed elementor-section-height-default elementor-section-height-default\" data-id=\"015cfa4\" data-element_type=\"section\">\n\t\t\t\t\t\t<div class=\"elementor-container elementor-column-gap-no\">\n\t\t\t\t\t<div class=\"elementor-column elementor-col-100 elementor-top-column elementor-element elementor-element-2c8cdf0\" data-id=\"2c8cdf0\" data-element_type=\"column\">\n\t\t\t<div class=\"elementor-widget-wrap elementor-element-populated\">\n\t\t\t\t\t\t<div class=\"elementor-element elementor-element-d962775 elementor-widget-divider--view-line elementor-widget elementor-widget-divider\" data-id=\"d962775\" data-element_type=\"widget\" data-widget_type=\"divider.default\">\n\t\t\t\t<div class=\"elementor-widget-container\">\n\t\t\t\t\t\t\t<div class=\"elementor-divider\">\n\t\t\t<span class=\"elementor-divider-separator\">\n\t\t\t\t\t\t<\/span>\n\t\t<\/div>\n\t\t\t\t\t\t<\/div>\n\t\t\t\t<\/div>\n\t\t\t\t\t<\/div>\n\t\t<\/div>\n\t\t\t\t\t<\/div>\n\t\t<\/section>\n\t\t\t\t<section class=\"has-el-gap el-gap-default elementor-section elementor-top-section elementor-element elementor-element-c430af7 elementor-section-boxed elementor-section-height-default elementor-section-height-default\" data-id=\"c430af7\" data-element_type=\"section\">\n\t\t\t\t\t\t<div class=\"elementor-container elementor-column-gap-no\">\n\t\t\t\t\t<div class=\"elementor-column elementor-col-100 elementor-top-column elementor-element elementor-element-4883768\" data-id=\"4883768\" data-element_type=\"column\">\n\t\t\t<div class=\"elementor-widget-wrap elementor-element-populated\">\n\t\t\t\t\t\t<div class=\"elementor-element elementor-element-f49e914 elementor-widget elementor-widget-spacer\" data-id=\"f49e914\" data-element_type=\"widget\" data-widget_type=\"spacer.default\">\n\t\t\t\t<div class=\"elementor-widget-container\">\n\t\t\t\t\t\t\t<div class=\"elementor-spacer\">\n\t\t\t<div class=\"elementor-spacer-inner\"><\/div>\n\t\t<\/div>\n\t\t\t\t\t\t<\/div>\n\t\t\t\t<\/div>\n\t\t\t\t\t<\/div>\n\t\t<\/div>\n\t\t\t\t\t<\/div>\n\t\t<\/section>\n\t\t\t\t<section class=\"has-el-gap el-gap-default elementor-section elementor-top-section elementor-element elementor-element-cb4f3da elementor-section-boxed elementor-section-height-default elementor-section-height-default\" data-id=\"cb4f3da\" data-element_type=\"section\">\n\t\t\t\t\t\t<div class=\"elementor-container elementor-column-gap-no\">\n\t\t\t\t\t<div class=\"elementor-column elementor-col-100 elementor-top-column elementor-element elementor-element-d34971e\" data-id=\"d34971e\" data-element_type=\"column\">\n\t\t\t<div class=\"elementor-widget-wrap elementor-element-populated\">\n\t\t\t\t\t\t<div class=\"elementor-element elementor-element-51ad822 elementor-widget elementor-widget-text-editor\" data-id=\"51ad822\" data-element_type=\"widget\" data-widget_type=\"text-editor.default\">\n\t\t\t\t<div class=\"elementor-widget-container\">\n\t\t\t\t\t\t\t\t\t<p><span style=\"font-size: 14px; color: var(--body-color, var(--c-contrast-700));\">Le trafic d&rsquo;enfants est une r\u00e9alit\u00e9 pr\u00e9occupante au Gabon. Des enfants immigr\u00e9s, en particulier des filles, provenant de pays tels que le Nigeria, le Mali, le Togo et le B\u00e9nin, sont victimes de trafic et d&rsquo;exploitation pour le travail. Ils sont expos\u00e9s \u00e0 la criminalit\u00e9, au harc\u00e8lement sexuel et \u00e0 la violence. Le gouvernement gabonais a fait des efforts pour lutter contre ce probl\u00e8me, mais il n&rsquo;a pas encore atteint les normes minimales pour \u00e9liminer compl\u00e8tement la traite des enfants.<\/span><br><\/p>\n<p>En ce qui concerne le travail des enfants, cela constitue une violation directe de leurs droits. Au Gabon, la l\u00e9gislation ne prot\u00e8ge que les enfants qui travaillent l\u00e9galement, ce qui ne correspond pas aux normes internationales. Bien que la loi interdise aux enfants de moins de seize ans de travailler, cette protection ne s&rsquo;applique pas aux enfants qui travaillent ill\u00e9galement. Les inspecteurs du travail manquent de pouvoir et de ressources pour faire respecter les lois, et les enfants sont souvent employ\u00e9s dans le secteur informel, comme vendeurs ambulants ou dans des travaux manuels dangereux.<\/p>\n<p>Enfin, les grossesses pr\u00e9coces sont un autre d\u00e9fi pour les droits des filles au Gabon. En raison d&rsquo;un manque de sensibilisation et d&rsquo;informations sur l&rsquo;\u00e9ducation sexuelle, de nombreuses adolescentes tombent enceintes. Cela entra\u00eene des cons\u00e9quences graves pour leur sant\u00e9 et leur \u00e9ducation. Les taux de mortalit\u00e9 maternelle sont \u00e9lev\u00e9s, et de nombreuses jeunes m\u00e8res rencontrent des difficult\u00e9s scolaires, redoublent ou abandonnent compl\u00e8tement l&rsquo;\u00e9cole.<\/p>\n<p>Ces probl\u00e8mes soulignent la n\u00e9cessit\u00e9 pour le gouvernement gabonais de renforcer ses efforts pour lutter contre le trafic d&rsquo;enfants, \u00e9liminer le travail des enfants et fournir une \u00e9ducation sexuelle compl\u00e8te pour pr\u00e9venir les grossesses pr\u00e9coces.<\/p>\t\t\t\t\t\t\t\t<\/div>\n\t\t\t\t<\/div>\n\t\t\t\t\t<\/div>\n\t\t<\/div>\n\t\t\t\t\t<\/div>\n\t\t<\/section>\n\t\t\t\t<\/div>\n\t\t","protected":false},"excerpt":{"rendered":"<p>Etat du trafic d&rsquo;enfants au Gabon Le trafic d&rsquo;enfants est une r\u00e9alit\u00e9 pr\u00e9occupante au Gabon. Des enfants immigr\u00e9s, en particulier des filles, provenant de pays tels que le Nigeria, le Mali, le Togo et le B\u00e9nin, sont victimes de trafic et d&rsquo;exploitation pour le travail. Ils sont expos\u00e9s \u00e0 la criminalit\u00e9, au harc\u00e8lement sexuel et<\/p>\n","protected":false},"author":1,"featured_media":0,"parent":0,"menu_order":0,"comment_status":"closed","ping_status":"closed","template":"page-templates\/no-wrapper.php","meta":{"footnotes":""},"class_list":["post-7082","page","type-page","status-publish"],"_links":{"self":[{"href":"https:\/\/pangee.org\/index.php\/wp-json\/wp\/v2\/pages\/7082","targetHints":{"allow":["GET"]}}],"collection":[{"href":"https:\/\/pangee.org\/index.php\/wp-json\/wp\/v2\/pages"}],"about":[{"href":"https:\/\/pangee.org\/index.php\/wp-json\/wp\/v2\/types\/page"}],"author":[{"embeddable":true,"href":"https:\/\/pangee.org\/index.php\/wp-json\/wp\/v2\/users\/1"}],"replies":[{"embeddable":true,"href":"https:\/\/pangee.org\/index.php\/wp-json\/wp\/v2\/comments?post=7082"}],"version-history":[{"count":4,"href":"https:\/\/pangee.org\/index.php\/wp-json\/wp\/v2\/pages\/7082\/revisions"}],"predecessor-version":[{"id":7086,"href":"https:\/\/pangee.org\/index.php\/wp-json\/wp\/v2\/pages\/7082\/revisions\/7086"}],"wp:attachment":[{"href":"https:\/\/pangee.org\/index.php\/wp-json\/wp\/v2\/media?parent=7082"}],"curies":[{"name":"wp","href":"https:\/\/api.w.org\/{rel}","templated":true}]}}