{"id":7088,"date":"2023-07-18T10:42:23","date_gmt":"2023-07-18T08:42:23","guid":{"rendered":"https:\/\/pangee.org\/?page_id=7088"},"modified":"2023-07-18T10:47:22","modified_gmt":"2023-07-18T08:47:22","slug":"burkina-faso","status":"publish","type":"page","link":"https:\/\/pangee.org\/index.php\/burkina-faso\/","title":{"rendered":"Burkina Faso"},"content":{"rendered":"\t\t<div data-elementor-type=\"wp-page\" data-elementor-id=\"7088\" class=\"elementor elementor-7088\">\n\t\t\t\t\t\t<section class=\"has-el-gap el-gap-default elementor-section elementor-top-section elementor-element elementor-element-795e8d8 elementor-section-boxed elementor-section-height-default elementor-section-height-default\" data-id=\"795e8d8\" data-element_type=\"section\">\n\t\t\t\t\t\t<div class=\"elementor-container elementor-column-gap-no\">\n\t\t\t\t\t<div class=\"elementor-column elementor-col-100 elementor-top-column elementor-element elementor-element-c8406b0\" data-id=\"c8406b0\" data-element_type=\"column\">\n\t\t\t<div class=\"elementor-widget-wrap elementor-element-populated\">\n\t\t\t\t\t\t<div class=\"elementor-element elementor-element-a9b7605 elementor-widget elementor-widget-spacer\" data-id=\"a9b7605\" data-element_type=\"widget\" data-widget_type=\"spacer.default\">\n\t\t\t\t<div class=\"elementor-widget-container\">\n\t\t\t\t\t\t\t<div class=\"elementor-spacer\">\n\t\t\t<div class=\"elementor-spacer-inner\"><\/div>\n\t\t<\/div>\n\t\t\t\t\t\t<\/div>\n\t\t\t\t<\/div>\n\t\t\t\t<div class=\"elementor-element elementor-element-31de0a4 elementor-widget elementor-widget-heading\" data-id=\"31de0a4\" data-element_type=\"widget\" data-widget_type=\"heading.default\">\n\t\t\t\t<div class=\"elementor-widget-container\">\n\t\t\t\t\t<h2 class=\"elementor-heading-title elementor-size-default\"><h2 class=\"elementor-heading-title elementor-size-default elementor-inline-editing pen\" data-elementor-setting-key=\"title\" data-pen-placeholder=\"\u00c9crivez ici...\" style=\", Arial, sans-serif;font-weight: var(--title-fw-bold);text-align: center\">Etat du trafic d'enfants au Burkina Faso<\/h2><\/h2>\t\t\t\t<\/div>\n\t\t\t\t<\/div>\n\t\t\t\t<div class=\"elementor-element elementor-element-c040897 elementor-widget-divider--view-line elementor-widget elementor-widget-divider\" data-id=\"c040897\" data-element_type=\"widget\" data-widget_type=\"divider.default\">\n\t\t\t\t<div class=\"elementor-widget-container\">\n\t\t\t\t\t\t\t<div class=\"elementor-divider\">\n\t\t\t<span class=\"elementor-divider-separator\">\n\t\t\t\t\t\t<\/span>\n\t\t<\/div>\n\t\t\t\t\t\t<\/div>\n\t\t\t\t<\/div>\n\t\t\t\t<div class=\"elementor-element elementor-element-7501a9a elementor-widget elementor-widget-text-editor\" data-id=\"7501a9a\" data-element_type=\"widget\" data-widget_type=\"text-editor.default\">\n\t\t\t\t<div class=\"elementor-widget-container\">\n\t\t\t\t\t\t\t\t\t<p>Le rapport pr\u00e9sent\u00e9 par le Burkina Faso au Comit\u00e9 des droits de l&rsquo;enfant souligne les efforts du pays pour promouvoir les droits de l&rsquo;enfant, malgr\u00e9 les obstacles li\u00e9s \u00e0 la pauvret\u00e9 et au manque de ressources financi\u00e8res. Le rapporteur a salu\u00e9 l&rsquo;engagement s\u00e9rieux du Burkina Faso envers la Convention relative aux droits de l&rsquo;enfant, mais a not\u00e9 des probl\u00e8mes dans les domaines de l&rsquo;\u00e9ducation, de la sant\u00e9 et du respect du principe de non-discrimination.<\/p><p>Des mesures positives ont \u00e9t\u00e9 prises par le pays, telles que la cr\u00e9ation du Secr\u00e9tariat permanent du comit\u00e9 national charg\u00e9 du suivi et de l&rsquo;\u00e9valuation du Plan national d&rsquo;action pour l&rsquo;enfance (SP-PAN\/Enfance), l&rsquo;institution d&rsquo;un parlement des enfants, la cr\u00e9ation d&rsquo;un fonds national pour l&rsquo;enfance, ainsi que la ratification de conventions internationales li\u00e9es aux droits de l&rsquo;enfant.<\/p><p>Le rapport reconna\u00eet cependant des probl\u00e8mes persistants, notamment l&rsquo;absence de syst\u00e8me de justice criminelle pour les mineurs et les insuffisances li\u00e9es au droit coutumier. Le trafic d&rsquo;enfants est \u00e9galement un sujet de pr\u00e9occupation, bien que le Burkina Faso ne dispose pas de lois sp\u00e9cifiques sur la traite et le trafic d&rsquo;enfants. Le rapport souligne la persistance de la pauvret\u00e9 et des disparit\u00e9s socio\u00e9conomiques, ainsi que l&rsquo;ampleur des maladies infantiles et des \u00e9pid\u00e9mies de m\u00e9ningite.<\/p><p>Le Comit\u00e9 a formul\u00e9 des recommandations au Burkina Faso, notamment la cr\u00e9ation de tribunaux pour mineurs, l&rsquo;acc\u00e9l\u00e9ration du processus de r\u00e9vision du Code de proc\u00e9dure p\u00e9nale et des mesures visant \u00e0 lutter contre la discrimination et la pauvret\u00e9. Le pays a exprim\u00e9 sa volont\u00e9 de faire face \u00e0 ces d\u00e9fis, malgr\u00e9 les contraintes financi\u00e8res et les pesanteurs socioculturelles, et de promouvoir les droits de l&rsquo;enfant dans la d\u00e9cennie \u00e0 venir.<\/p><p>En conclusion, bien que des progr\u00e8s aient \u00e9t\u00e9 r\u00e9alis\u00e9s, le Burkina Faso est confront\u00e9 \u00e0 des d\u00e9fis importants pour pleinement mettre en \u0153uvre la Convention relative aux droits de l&rsquo;enfant, notamment en mati\u00e8re d&rsquo;\u00e9ducation, de sant\u00e9, de justice pour mineurs et de lutte contre la pauvret\u00e9 et la discrimination.<\/p>\t\t\t\t\t\t\t\t<\/div>\n\t\t\t\t<\/div>\n\t\t\t\t\t<\/div>\n\t\t<\/div>\n\t\t\t\t\t<\/div>\n\t\t<\/section>\n\t\t\t\t<\/div>\n\t\t","protected":false},"excerpt":{"rendered":"<p>Etat du trafic d&rsquo;enfants au Burkina Faso Le rapport pr\u00e9sent\u00e9 par le Burkina Faso au Comit\u00e9 des droits de l&rsquo;enfant souligne les efforts du pays pour promouvoir les droits de l&rsquo;enfant, malgr\u00e9 les obstacles li\u00e9s \u00e0 la pauvret\u00e9 et au manque de ressources financi\u00e8res. Le rapporteur a salu\u00e9 l&rsquo;engagement s\u00e9rieux du Burkina Faso envers la<\/p>\n","protected":false},"author":1,"featured_media":0,"parent":0,"menu_order":0,"comment_status":"closed","ping_status":"closed","template":"page-templates\/no-wrapper.php","meta":{"footnotes":""},"class_list":["post-7088","page","type-page","status-publish"],"_links":{"self":[{"href":"https:\/\/pangee.org\/index.php\/wp-json\/wp\/v2\/pages\/7088","targetHints":{"allow":["GET"]}}],"collection":[{"href":"https:\/\/pangee.org\/index.php\/wp-json\/wp\/v2\/pages"}],"about":[{"href":"https:\/\/pangee.org\/index.php\/wp-json\/wp\/v2\/types\/page"}],"author":[{"embeddable":true,"href":"https:\/\/pangee.org\/index.php\/wp-json\/wp\/v2\/users\/1"}],"replies":[{"embeddable":true,"href":"https:\/\/pangee.org\/index.php\/wp-json\/wp\/v2\/comments?post=7088"}],"version-history":[{"count":8,"href":"https:\/\/pangee.org\/index.php\/wp-json\/wp\/v2\/pages\/7088\/revisions"}],"predecessor-version":[{"id":7097,"href":"https:\/\/pangee.org\/index.php\/wp-json\/wp\/v2\/pages\/7088\/revisions\/7097"}],"wp:attachment":[{"href":"https:\/\/pangee.org\/index.php\/wp-json\/wp\/v2\/media?parent=7088"}],"curies":[{"name":"wp","href":"https:\/\/api.w.org\/{rel}","templated":true}]}}