{"id":7163,"date":"2023-09-12T13:58:48","date_gmt":"2023-09-12T11:58:48","guid":{"rendered":"https:\/\/pangee.org\/?page_id=7163"},"modified":"2023-09-12T14:05:40","modified_gmt":"2023-09-12T12:05:40","slug":"elementor-7163","status":"publish","type":"page","link":"https:\/\/pangee.org\/index.php\/elementor-7163\/","title":{"rendered":"Dispositif universel"},"content":{"rendered":"\t\t<div data-elementor-type=\"wp-page\" data-elementor-id=\"7163\" class=\"elementor elementor-7163\">\n\t\t\t\t\t\t<section class=\"has-el-gap el-gap-default elementor-section elementor-top-section elementor-element elementor-element-9b62fe6 elementor-section-boxed elementor-section-height-default elementor-section-height-default\" data-id=\"9b62fe6\" data-element_type=\"section\">\n\t\t\t\t\t\t<div class=\"elementor-container elementor-column-gap-no\">\n\t\t\t\t\t<div class=\"elementor-column elementor-col-100 elementor-top-column elementor-element elementor-element-0729227\" data-id=\"0729227\" data-element_type=\"column\">\n\t\t\t<div class=\"elementor-widget-wrap elementor-element-populated\">\n\t\t\t\t\t\t<div class=\"elementor-element elementor-element-7353ea4 elementor-widget elementor-widget-spacer\" data-id=\"7353ea4\" data-element_type=\"widget\" data-widget_type=\"spacer.default\">\n\t\t\t\t<div class=\"elementor-widget-container\">\n\t\t\t\t\t\t\t<div class=\"elementor-spacer\">\n\t\t\t<div class=\"elementor-spacer-inner\"><\/div>\n\t\t<\/div>\n\t\t\t\t\t\t<\/div>\n\t\t\t\t<\/div>\n\t\t\t\t\t<\/div>\n\t\t<\/div>\n\t\t\t\t\t<\/div>\n\t\t<\/section>\n\t\t\t\t<section class=\"has-el-gap el-gap-default elementor-section elementor-top-section elementor-element elementor-element-11ae062 elementor-section-boxed elementor-section-height-default elementor-section-height-default\" data-id=\"11ae062\" data-element_type=\"section\">\n\t\t\t\t\t\t<div class=\"elementor-container elementor-column-gap-no\">\n\t\t\t\t\t<div class=\"elementor-column elementor-col-100 elementor-top-column elementor-element elementor-element-7f55e1d\" data-id=\"7f55e1d\" data-element_type=\"column\">\n\t\t\t<div class=\"elementor-widget-wrap elementor-element-populated\">\n\t\t\t\t\t\t<div class=\"elementor-element elementor-element-615ad59 elementor-widget elementor-widget-heading\" data-id=\"615ad59\" data-element_type=\"widget\" data-widget_type=\"heading.default\">\n\t\t\t\t<div class=\"elementor-widget-container\">\n\t\t\t\t\t<h1 class=\"elementor-heading-title elementor-size-default\">Dispositif universel de protection anti-violences <\/h1>\t\t\t\t<\/div>\n\t\t\t\t<\/div>\n\t\t\t\t\t<\/div>\n\t\t<\/div>\n\t\t\t\t\t<\/div>\n\t\t<\/section>\n\t\t\t\t<section class=\"has-el-gap el-gap-default elementor-section elementor-top-section elementor-element elementor-element-8f42e2b elementor-section-boxed elementor-section-height-default elementor-section-height-default\" data-id=\"8f42e2b\" data-element_type=\"section\">\n\t\t\t\t\t\t<div class=\"elementor-container elementor-column-gap-no\">\n\t\t\t\t\t<div class=\"elementor-column elementor-col-100 elementor-top-column elementor-element elementor-element-0b93c50\" data-id=\"0b93c50\" data-element_type=\"column\">\n\t\t\t<div class=\"elementor-widget-wrap elementor-element-populated\">\n\t\t\t\t\t\t<div class=\"elementor-element elementor-element-0a2ef8e elementor-widget elementor-widget-spacer\" data-id=\"0a2ef8e\" data-element_type=\"widget\" data-widget_type=\"spacer.default\">\n\t\t\t\t<div class=\"elementor-widget-container\">\n\t\t\t\t\t\t\t<div class=\"elementor-spacer\">\n\t\t\t<div class=\"elementor-spacer-inner\"><\/div>\n\t\t<\/div>\n\t\t\t\t\t\t<\/div>\n\t\t\t\t<\/div>\n\t\t\t\t\t<\/div>\n\t\t<\/div>\n\t\t\t\t\t<\/div>\n\t\t<\/section>\n\t\t\t\t<section class=\"has-el-gap el-gap-default elementor-section elementor-top-section elementor-element elementor-element-9920f0e elementor-section-boxed elementor-section-height-default elementor-section-height-default\" data-id=\"9920f0e\" data-element_type=\"section\">\n\t\t\t\t\t\t<div class=\"elementor-container elementor-column-gap-no\">\n\t\t\t\t\t<div class=\"elementor-column elementor-col-50 elementor-top-column elementor-element elementor-element-b6c341c\" data-id=\"b6c341c\" data-element_type=\"column\">\n\t\t\t<div class=\"elementor-widget-wrap elementor-element-populated\">\n\t\t\t\t\t\t<div class=\"elementor-element elementor-element-4dc78f9 elementor-position-left elementor-view-default elementor-mobile-position-top elementor-widget elementor-widget-icon-box\" data-id=\"4dc78f9\" data-element_type=\"widget\" data-widget_type=\"icon-box.default\">\n\t\t\t\t<div class=\"elementor-widget-container\">\n\t\t\t\t\t\t\t<div class=\"elementor-icon-box-wrapper\">\n\n\t\t\t\t\t\t<div class=\"elementor-icon-box-icon\">\n\t\t\t\t<span  class=\"elementor-icon\">\n\t\t\t\t<i aria-hidden=\"true\" class=\"fas fa-mouse-pointer\"><\/i>\t\t\t\t<\/span>\n\t\t\t<\/div>\n\t\t\t\n\t\t\t\t\t\t<div class=\"elementor-icon-box-content\">\n\n\t\t\t\t\t\t\t\t\t<h3 class=\"elementor-icon-box-title\">\n\t\t\t\t\t\t<span  >\n\t\t\t\t\t\t\tContexte\t\t\t\t\t\t<\/span>\n\t\t\t\t\t<\/h3>\n\t\t\t\t\n\t\t\t\t\t\t\t\t\t<p class=\"elementor-icon-box-description\">\n\t\t\t\t\t\t<p align=\"justify\">L'ONG PaNGO News souhaite cr\u00e9er un dispositif de pr\u00e9vention universel contre toute forme de violence. Ce syst\u00e8me d'alerte se doit d'abord d'\u00eatre universel et d'utiliser diverses hautes technologies afin d'\u00eatre utilisable partout et par tous. De plus il doit respecter les normes RGPD mises en place par l'union Europ\u00e9enne et par cons\u00e9quent ne pas \u00eatre d\u00e9tourn\u00e9 en syst\u00e8me de tra\u00e7age. Enfin il doit \u00eatre prot\u00e9iformes afin de ne pas \u00eatre syst\u00e9matiquement reconnu par de potentielles personnes malveillantes.\n\t\t\t\t\t<\/p>\n\t\t\t\t\n\t\t\t<\/div>\n\t\t\t\n\t\t<\/div>\n\t\t\t\t\t\t<\/div>\n\t\t\t\t<\/div>\n\t\t\t\t<div class=\"elementor-element elementor-element-5aa6319 elementor-widget elementor-widget-icon-box\" data-id=\"5aa6319\" data-element_type=\"widget\" data-widget_type=\"icon-box.default\">\n\t\t\t\t<div class=\"elementor-widget-container\">\n\t\t\t\t\t\t\t<div class=\"elementor-icon-box-wrapper\">\n\n\t\t\t\n\t\t\t\t\t\t<div class=\"elementor-icon-box-content\">\n\n\t\t\t\t\n\t\t\t\t\t\t\t\t\t<p class=\"elementor-icon-box-description\">\n\t\t\t\t\t\t Dans ce cadre Madame KESLER a d\u2019abord besoin de connaitre se qui fait d\u00e9j\u00e0 sur le march\u00e9 des syst\u00e8mes d\u2019alerte et a besoin d\u2019une \u00e9tude technique du march\u00e9 pour comprendre comment chaque dispositif existant fonctionne. De plus , elle a \u00e9galement besoin d\u2019un business plan afin de pouvoir lancer au mieux ce projet.\n<br><br>\nEnfin la r\u00e9ussite de ce projet n\u00e9cessite la pr\u00e9paration d\u2019un plan de communication. En effet ce dispositif peut \u00eatre profitable \u00e0 toute personne soit 7 milliards d\u2019\u00eatre humains (hors jeunes enfants)\t\t\t\t\t<\/p>\n\t\t\t\t\n\t\t\t<\/div>\n\t\t\t\n\t\t<\/div>\n\t\t\t\t\t\t<\/div>\n\t\t\t\t<\/div>\n\t\t\t\t<div class=\"elementor-element elementor-element-5c58c55 elementor-widget elementor-widget-heading\" data-id=\"5c58c55\" data-element_type=\"widget\" data-widget_type=\"heading.default\">\n\t\t\t\t<div class=\"elementor-widget-container\">\n\t\t\t\t\t<h2 class=\"elementor-heading-title elementor-size-default\">Budget pr\u00e9visionnel sur les travaux pr\u00e9liminaires (en cours)<\/h2>\t\t\t\t<\/div>\n\t\t\t\t<\/div>\n\t\t\t\t<div class=\"elementor-element elementor-element-f4e3a34 elementor-widget elementor-widget-image\" data-id=\"f4e3a34\" data-element_type=\"widget\" data-widget_type=\"image.default\">\n\t\t\t\t<div class=\"elementor-widget-container\">\n\t\t\t\t\t\t\t\t\t\t\t\t\t\t\t<img fetchpriority=\"high\" decoding=\"async\" class=\"attachment-large size-large wp-image-7165 lazyload\" width=\"696\" height=\"396\" src=\"data:image\/svg+xml;base64,PHN2ZyB2aWV3Qm94PScwIDAgNjk2IDM5NicgeG1sbnM9J2h0dHA6Ly93d3cudzMub3JnLzIwMDAvc3ZnJz48L3N2Zz4=\" alt srcset=\"https:\/\/pangee.org\/wp-content\/uploads\/2023\/09\/devis-pr-696x396-1.jpg 696w, https:\/\/pangee.org\/wp-content\/uploads\/2023\/09\/devis-pr-696x396-1-300x171.jpg 300w, https:\/\/pangee.org\/wp-content\/uploads\/2023\/09\/devis-pr-696x396-1-150x85.jpg 150w, https:\/\/pangee.org\/wp-content\/uploads\/2023\/09\/devis-pr-696x396-1-450x256.jpg 450w\" sizes=\"(max-width: 696px) 100vw, 696px\" data-src=\"https:\/\/pangee.org\/wp-content\/uploads\/2023\/09\/devis-pr-696x396-1.jpg\" \/>\t\t\t\t\t\t\t\t\t\t\t\t\t\t\t<\/div>\n\t\t\t\t<\/div>\n\t\t\t\t\t<\/div>\n\t\t<\/div>\n\t\t\t\t<div class=\"elementor-column elementor-col-50 elementor-top-column elementor-element elementor-element-32cd544\" data-id=\"32cd544\" data-element_type=\"column\">\n\t\t\t<div class=\"elementor-widget-wrap elementor-element-populated\">\n\t\t\t\t\t\t<div class=\"elementor-element elementor-element-87464d7 elementor-widget elementor-widget-heading\" data-id=\"87464d7\" data-element_type=\"widget\" data-widget_type=\"heading.default\">\n\t\t\t\t<div class=\"elementor-widget-container\">\n\t\t\t\t\t<h3 class=\"elementor-heading-title elementor-size-medium\">Fonds d\u00e9j\u00e0 engag\u00e9s: 12,030 \u20ac<\/h3>\t\t\t\t<\/div>\n\t\t\t\t<\/div>\n\t\t\t\t\t<\/div>\n\t\t<\/div>\n\t\t\t\t\t<\/div>\n\t\t<\/section>\n\t\t\t\t<\/div>\n\t\t","protected":false},"excerpt":{"rendered":"<p>Dispositif universel de protection anti-violences Contexte L&rsquo;ONG PaNGO News souhaite cr\u00e9er un dispositif de pr\u00e9vention universel contre toute forme de violence. Ce syst\u00e8me d&rsquo;alerte se doit d&rsquo;abord d&rsquo;\u00eatre universel et d&rsquo;utiliser diverses hautes technologies afin d&rsquo;\u00eatre utilisable partout et par tous. De plus il doit respecter les normes RGPD mises en place par l&rsquo;union Europ\u00e9enne<\/p>\n","protected":false},"author":1,"featured_media":0,"parent":0,"menu_order":0,"comment_status":"closed","ping_status":"closed","template":"page-templates\/no-wrapper.php","meta":{"footnotes":""},"class_list":["post-7163","page","type-page","status-publish"],"_links":{"self":[{"href":"https:\/\/pangee.org\/index.php\/wp-json\/wp\/v2\/pages\/7163","targetHints":{"allow":["GET"]}}],"collection":[{"href":"https:\/\/pangee.org\/index.php\/wp-json\/wp\/v2\/pages"}],"about":[{"href":"https:\/\/pangee.org\/index.php\/wp-json\/wp\/v2\/types\/page"}],"author":[{"embeddable":true,"href":"https:\/\/pangee.org\/index.php\/wp-json\/wp\/v2\/users\/1"}],"replies":[{"embeddable":true,"href":"https:\/\/pangee.org\/index.php\/wp-json\/wp\/v2\/comments?post=7163"}],"version-history":[{"count":5,"href":"https:\/\/pangee.org\/index.php\/wp-json\/wp\/v2\/pages\/7163\/revisions"}],"predecessor-version":[{"id":7169,"href":"https:\/\/pangee.org\/index.php\/wp-json\/wp\/v2\/pages\/7163\/revisions\/7169"}],"wp:attachment":[{"href":"https:\/\/pangee.org\/index.php\/wp-json\/wp\/v2\/media?parent=7163"}],"curies":[{"name":"wp","href":"https:\/\/api.w.org\/{rel}","templated":true}]}}