{"id":7175,"date":"2023-09-12T14:21:46","date_gmt":"2023-09-12T12:21:46","guid":{"rendered":"https:\/\/pangee.org\/?page_id=7175"},"modified":"2023-09-12T14:36:05","modified_gmt":"2023-09-12T12:36:05","slug":"exposition-dart-nord-coreen","status":"publish","type":"page","link":"https:\/\/pangee.org\/index.php\/exposition-dart-nord-coreen\/","title":{"rendered":"Exposition d&rsquo;art nord-cor\u00e9en"},"content":{"rendered":"\t\t<div data-elementor-type=\"wp-page\" data-elementor-id=\"7175\" class=\"elementor elementor-7175\">\n\t\t\t\t\t\t<section class=\"has-el-gap el-gap-default elementor-section elementor-top-section elementor-element elementor-element-c2b7277 elementor-section-boxed elementor-section-height-default elementor-section-height-default\" data-id=\"c2b7277\" data-element_type=\"section\">\n\t\t\t\t\t\t<div class=\"elementor-container elementor-column-gap-no\">\n\t\t\t\t\t<div class=\"elementor-column elementor-col-100 elementor-top-column elementor-element elementor-element-bae41c0\" data-id=\"bae41c0\" data-element_type=\"column\">\n\t\t\t<div class=\"elementor-widget-wrap elementor-element-populated\">\n\t\t\t\t\t\t<div class=\"elementor-element elementor-element-a8d739f elementor-widget elementor-widget-spacer\" data-id=\"a8d739f\" data-element_type=\"widget\" data-widget_type=\"spacer.default\">\n\t\t\t\t<div class=\"elementor-widget-container\">\n\t\t\t\t\t\t\t<div class=\"elementor-spacer\">\n\t\t\t<div class=\"elementor-spacer-inner\"><\/div>\n\t\t<\/div>\n\t\t\t\t\t\t<\/div>\n\t\t\t\t<\/div>\n\t\t\t\t\t<\/div>\n\t\t<\/div>\n\t\t\t\t\t<\/div>\n\t\t<\/section>\n\t\t\t\t<section class=\"has-el-gap el-gap-default elementor-section elementor-top-section elementor-element elementor-element-0ed44c3 elementor-section-boxed elementor-section-height-default elementor-section-height-default\" data-id=\"0ed44c3\" data-element_type=\"section\">\n\t\t\t\t\t\t<div class=\"elementor-container elementor-column-gap-no\">\n\t\t\t\t\t<div class=\"elementor-column elementor-col-100 elementor-top-column elementor-element elementor-element-6d7155b\" data-id=\"6d7155b\" data-element_type=\"column\">\n\t\t\t<div class=\"elementor-widget-wrap elementor-element-populated\">\n\t\t\t\t\t\t<div class=\"elementor-element elementor-element-cdd9ef2 elementor-widget elementor-widget-heading\" data-id=\"cdd9ef2\" data-element_type=\"widget\" data-widget_type=\"heading.default\">\n\t\t\t\t<div class=\"elementor-widget-container\">\n\t\t\t\t\t<h1 class=\"elementor-heading-title elementor-size-large\">Exposition d'art nord-cor\u00e9en\n<\/h1>\t\t\t\t<\/div>\n\t\t\t\t<\/div>\n\t\t\t\t\t<\/div>\n\t\t<\/div>\n\t\t\t\t\t<\/div>\n\t\t<\/section>\n\t\t\t\t<section class=\"has-el-gap el-gap-default elementor-section elementor-top-section elementor-element elementor-element-e31b31a elementor-section-boxed elementor-section-height-default elementor-section-height-default\" data-id=\"e31b31a\" data-element_type=\"section\">\n\t\t\t\t\t\t<div class=\"elementor-container elementor-column-gap-no\">\n\t\t\t\t\t<div class=\"elementor-column elementor-col-100 elementor-top-column elementor-element elementor-element-8b74f9b\" data-id=\"8b74f9b\" data-element_type=\"column\">\n\t\t\t<div class=\"elementor-widget-wrap elementor-element-populated\">\n\t\t\t\t\t\t<div class=\"elementor-element elementor-element-a9f118a elementor-widget elementor-widget-spacer\" data-id=\"a9f118a\" data-element_type=\"widget\" data-widget_type=\"spacer.default\">\n\t\t\t\t<div class=\"elementor-widget-container\">\n\t\t\t\t\t\t\t<div class=\"elementor-spacer\">\n\t\t\t<div class=\"elementor-spacer-inner\"><\/div>\n\t\t<\/div>\n\t\t\t\t\t\t<\/div>\n\t\t\t\t<\/div>\n\t\t\t\t\t<\/div>\n\t\t<\/div>\n\t\t\t\t\t<\/div>\n\t\t<\/section>\n\t\t\t\t<section class=\"has-el-gap el-gap-default elementor-section elementor-top-section elementor-element elementor-element-9fa06cc elementor-section-boxed elementor-section-height-default elementor-section-height-default\" data-id=\"9fa06cc\" data-element_type=\"section\">\n\t\t\t\t\t\t<div class=\"elementor-container elementor-column-gap-no\">\n\t\t\t\t\t<div class=\"elementor-column elementor-col-50 elementor-top-column elementor-element elementor-element-4062bc6\" data-id=\"4062bc6\" data-element_type=\"column\">\n\t\t\t<div class=\"elementor-widget-wrap elementor-element-populated\">\n\t\t\t\t\t\t<div class=\"elementor-element elementor-element-e69769b elementor-position-left elementor-view-default elementor-mobile-position-top elementor-widget elementor-widget-icon-box\" data-id=\"e69769b\" data-element_type=\"widget\" data-widget_type=\"icon-box.default\">\n\t\t\t\t<div class=\"elementor-widget-container\">\n\t\t\t\t\t\t\t<div class=\"elementor-icon-box-wrapper\">\n\n\t\t\t\t\t\t<div class=\"elementor-icon-box-icon\">\n\t\t\t\t<span  class=\"elementor-icon\">\n\t\t\t\t<i aria-hidden=\"true\" class=\"fas fa-star\"><\/i>\t\t\t\t<\/span>\n\t\t\t<\/div>\n\t\t\t\n\t\t\t\t\t\t<div class=\"elementor-icon-box-content\">\n\n\t\t\t\t\t\t\t\t\t<h3 class=\"elementor-icon-box-title\">\n\t\t\t\t\t\t<span  >\n\t\t\t\t\t\t\tContexte\t\t\t\t\t\t<\/span>\n\t\t\t\t\t<\/h3>\n\t\t\t\t\n\t\t\t\t\t\t\t\t\t<p class=\"elementor-icon-box-description\">\n\t\t\t\t\t\t<br><br>\n<p>Nous sommes heureux de vous annoncer que nous organisons      une exposition sp\u00e9ciale mettant en lumi\u00e8re la fascinante culture nord-cor\u00e9enne. Cet \u00e9v\u00e9nement unique en son genre vise \u00e0 faire d\u00e9couvrir au public les aspects artistiques d'un pays souvent m\u00e9connu.\nL'exposition pr\u00e9sentera une riche collection d'\u0153uvres d'art, vous aurez l'occasion de vous immerger dans la beaut\u00e9 de l'art nord-cor\u00e9en, de comprendre son histoire mill\u00e9naire et d'appr\u00e9cier les coutumes qui font de ce pays une v\u00e9ritable p\u00e9pite culturelle.<\/p>\n\n<br>\n\n<p>Pour que cette exposition soit une r\u00e9ussite, nous avons besoin de votre soutien. Les co\u00fbts li\u00e9s \u00e0 l'organisation de cet \u00e9v\u00e9nement sont cons\u00e9quents, mais nous croyons fermement en l'importance de promouvoir la diversit\u00e9 culturelle et de c\u00e9l\u00e9brer la richesse de chaque patrimoine.<\/p>\n\n<br>\n\n<p>Votre contribution nous aidera \u00e0 partager la beaut\u00e9 de la culture nord-cor\u00e9enne avec le plus grand nombre, et \u00e0 susciter des \u00e9changes culturels pr\u00e9cieux entre les peuples. Ensemble, nous pouvons b\u00e2tir des ponts entre les cultures et ouvrir les esprits \u00e0 la richesse de notre monde.<\/p>\t\t\t\t\t<\/p>\n\t\t\t\t\n\t\t\t<\/div>\n\t\t\t\n\t\t<\/div>\n\t\t\t\t\t\t<\/div>\n\t\t\t\t<\/div>\n\t\t\t\t<div class=\"elementor-element elementor-element-f0f819d elementor-widget elementor-widget-heading\" data-id=\"f0f819d\" data-element_type=\"widget\" data-widget_type=\"heading.default\">\n\t\t\t\t<div class=\"elementor-widget-container\">\n\t\t\t\t\t<h1 class=\"elementor-heading-title elementor-size-default\">Budget pr\u00e9visionnel <\/h1>\t\t\t\t<\/div>\n\t\t\t\t<\/div>\n\t\t\t\t<div class=\"elementor-element elementor-element-2dfe482 elementor-widget elementor-widget-text-editor\" data-id=\"2dfe482\" data-element_type=\"widget\" data-widget_type=\"text-editor.default\">\n\t\t\t\t<div class=\"elementor-widget-container\">\n\t\t\t\t\t\t\t\t\t<div align=\"Justify\"><p>Nous avons d\u00e9j\u00e0 investi pr\u00e8s de 30 000 euros, mais nous avons besoin d&rsquo;un budget minimum de plus de 300 000 euros pour atteindre l&rsquo;excellence.<\/p><p>Ce budget comprend :<\/p><ul><li style=\"list-style-type: none;\"><ul><li>&#8211; L&rsquo;encadrement de 100 peintures (40 000 euros).<\/li><\/ul><\/li><\/ul><ul><li style=\"list-style-type: none;\"><ul><li>&#8211; L&rsquo;acc\u00e8s gratuit aux lieux d&rsquo;exposition si possible (ou 100 000 euros en cas de lieux payants).<\/li><\/ul><\/li><\/ul><ul><li style=\"list-style-type: none;\"><ul><li>&#8211; Le transport des \u0153uvres (50 000 euros).<\/li><li>&#8211; Les frais d&rsquo;organisation logistique (100 000 euros).<\/li><\/ul><\/li><\/ul><p>\u00a0<\/p><p>Votre soutien est essentiel pour partager la beaut\u00e9 de la culture nord-cor\u00e9enne et cr\u00e9er des \u00e9changes culturels pr\u00e9cieux entre les peuples. Chaque euro compte pour r\u00e9aliser cette exposition exceptionnelle !<\/p><\/div>\t\t\t\t\t\t\t\t<\/div>\n\t\t\t\t<\/div>\n\t\t\t\t\t<\/div>\n\t\t<\/div>\n\t\t\t\t<div class=\"elementor-column elementor-col-50 elementor-top-column elementor-element elementor-element-4dc5a0b\" data-id=\"4dc5a0b\" data-element_type=\"column\">\n\t\t\t<div class=\"elementor-widget-wrap elementor-element-populated\">\n\t\t\t\t\t\t<div class=\"elementor-element elementor-element-1459287 elementor-widget elementor-widget-heading\" data-id=\"1459287\" data-element_type=\"widget\" data-widget_type=\"heading.default\">\n\t\t\t\t<div class=\"elementor-widget-container\">\n\t\t\t\t\t<h1 class=\"elementor-heading-title elementor-size-default\">Fonds d\u00e9j\u00e0 engag\u00e9s: 30,000 \u20ac <\/h1>\t\t\t\t<\/div>\n\t\t\t\t<\/div>\n\t\t\t\t\t<\/div>\n\t\t<\/div>\n\t\t\t\t\t<\/div>\n\t\t<\/section>\n\t\t\t\t<\/div>\n\t\t","protected":false},"excerpt":{"rendered":"<p>Exposition d&rsquo;art nord-cor\u00e9en Contexte Nous sommes heureux de vous annoncer que nous organisons une exposition sp\u00e9ciale mettant en lumi\u00e8re la fascinante culture nord-cor\u00e9enne. Cet \u00e9v\u00e9nement unique en son genre vise \u00e0 faire d\u00e9couvrir au public les aspects artistiques d&rsquo;un pays souvent m\u00e9connu. L&rsquo;exposition pr\u00e9sentera une riche collection d&rsquo;\u0153uvres d&rsquo;art, vous aurez l&rsquo;occasion de vous immerger<\/p>\n","protected":false},"author":1,"featured_media":0,"parent":0,"menu_order":0,"comment_status":"closed","ping_status":"closed","template":"page-templates\/no-wrapper.php","meta":{"footnotes":""},"class_list":["post-7175","page","type-page","status-publish"],"_links":{"self":[{"href":"https:\/\/pangee.org\/index.php\/wp-json\/wp\/v2\/pages\/7175","targetHints":{"allow":["GET"]}}],"collection":[{"href":"https:\/\/pangee.org\/index.php\/wp-json\/wp\/v2\/pages"}],"about":[{"href":"https:\/\/pangee.org\/index.php\/wp-json\/wp\/v2\/types\/page"}],"author":[{"embeddable":true,"href":"https:\/\/pangee.org\/index.php\/wp-json\/wp\/v2\/users\/1"}],"replies":[{"embeddable":true,"href":"https:\/\/pangee.org\/index.php\/wp-json\/wp\/v2\/comments?post=7175"}],"version-history":[{"count":4,"href":"https:\/\/pangee.org\/index.php\/wp-json\/wp\/v2\/pages\/7175\/revisions"}],"predecessor-version":[{"id":7180,"href":"https:\/\/pangee.org\/index.php\/wp-json\/wp\/v2\/pages\/7175\/revisions\/7180"}],"wp:attachment":[{"href":"https:\/\/pangee.org\/index.php\/wp-json\/wp\/v2\/media?parent=7175"}],"curies":[{"name":"wp","href":"https:\/\/api.w.org\/{rel}","templated":true}]}}