{"id":7437,"date":"2025-10-30T18:14:57","date_gmt":"2025-10-30T17:14:57","guid":{"rendered":"https:\/\/pangee.org\/?page_id=7437"},"modified":"2025-10-30T18:15:14","modified_gmt":"2025-10-30T17:15:14","slug":"entree-de-robert-badinter-au-pantheon-un-hommage-historique-a-la-justice-et-a-lhumanisme","status":"publish","type":"page","link":"https:\/\/pangee.org\/index.php\/entree-de-robert-badinter-au-pantheon-un-hommage-historique-a-la-justice-et-a-lhumanisme\/","title":{"rendered":"Entr\u00e9e de Robert Badinter au Panth\u00e9on : un hommage historique \u00e0 la justice et \u00e0 l\u2019humanisme"},"content":{"rendered":"\n<p><strong>Publi\u00e9 le :<\/strong> 9 octobre 2025<\/p>\n\n\n\n<hr class=\"wp-block-separator has-alpha-channel-opacity\"\/>\n\n\n\n<p>Ce 9 octobre, la France a rendu un hommage solennel \u00e0 <strong>Robert Badinter<\/strong> en accueillant sa d\u00e9pouille au <strong>Panth\u00e9on<\/strong>, aux c\u00f4t\u00e9s des grandes figures de la R\u00e9publique. L\u2019ancien garde des Sceaux, connu pour son combat historique contre la peine de mort, entre ainsi dans le temple de la m\u00e9moire nationale, symbole fort d\u2019une vie vou\u00e9e \u00e0 la justice et \u00e0 la dignit\u00e9 humaine.<\/p>\n\n\n\n<p>La c\u00e9r\u00e9monie, pr\u00e9sid\u00e9e par les autorit\u00e9s, a r\u00e9uni des personnalit\u00e9s politiques, juridiques et culturelles, ainsi qu\u2019un large public venu saluer la m\u00e9moire de celui qui avait su allier conviction, courage et humanisme. Des centaines de citoyens ont assist\u00e9 \u00e0 l\u2019\u00e9v\u00e9nement, dans un silence empreint d\u2019\u00e9motion et de respect.<\/p>\n\n\n\n<p>Robert Badinter, avocat et homme d\u2019\u00c9tat, restera dans l\u2019histoire comme l\u2019artisan de l\u2019abolition de la peine de mort en 1981. Par son engagement, il a marqu\u00e9 plusieurs g\u00e9n\u00e9rations et rappel\u00e9 que la justice doit toujours \u00eatre guid\u00e9e par l\u2019humanit\u00e9.<\/p>\n\n\n\n<h2 class=\"wp-block-heading\">Galerie<\/h2>\n\n\n<div class=\"wp-block-image\">\n<figure class=\"aligncenter size-large is-resized\"><img fetchpriority=\"high\" decoding=\"async\" width=\"768\" height=\"1024\" src=\"https:\/\/pangee.org\/wp-content\/uploads\/2025\/10\/image-768x1024.png\" alt=\"Entr\u00e9e au Panth\u00e9on \u2014 cr\u00e9dit photo : Viki MITTOO\" class=\"wp-image-7438\" style=\"width:527px;height:auto\" srcset=\"https:\/\/pangee.org\/wp-content\/uploads\/2025\/10\/image-768x1024.png 768w, https:\/\/pangee.org\/wp-content\/uploads\/2025\/10\/image-225x300.png 225w, https:\/\/pangee.org\/wp-content\/uploads\/2025\/10\/image-1152x1536.png 1152w, https:\/\/pangee.org\/wp-content\/uploads\/2025\/10\/image-150x200.png 150w, https:\/\/pangee.org\/wp-content\/uploads\/2025\/10\/image-450x600.png 450w, https:\/\/pangee.org\/wp-content\/uploads\/2025\/10\/image.png 1200w\" sizes=\"(max-width: 768px) 100vw, 768px\" \/><\/figure>\n<\/div>\n\n\n<blockquote class=\"wp-block-quote is-layout-flow wp-block-quote-is-layout-flow\">\n<p>\u00ab La justice n\u2019est pas la vengeance. Elle est l\u2019honneur d\u2019une soci\u00e9t\u00e9. \u00bb\u2014 Robert Badinter<\/p>\n\n\n<div class=\"wp-block-image\">\n<figure class=\"aligncenter size-large is-resized\"><img decoding=\"async\" width=\"768\" height=\"1024\" src=\"https:\/\/pangee.org\/wp-content\/uploads\/2025\/10\/image-2-768x1024.png\" alt=\"\" class=\"wp-image-7440\" style=\"width:386px;height:auto\" srcset=\"https:\/\/pangee.org\/wp-content\/uploads\/2025\/10\/image-2-768x1024.png 768w, https:\/\/pangee.org\/wp-content\/uploads\/2025\/10\/image-2-225x300.png 225w, https:\/\/pangee.org\/wp-content\/uploads\/2025\/10\/image-2-1152x1536.png 1152w, https:\/\/pangee.org\/wp-content\/uploads\/2025\/10\/image-2-150x200.png 150w, https:\/\/pangee.org\/wp-content\/uploads\/2025\/10\/image-2-450x600.png 450w, https:\/\/pangee.org\/wp-content\/uploads\/2025\/10\/image-2.png 1200w\" sizes=\"(max-width: 768px) 100vw, 768px\" \/><\/figure>\n<\/div><\/blockquote>\n\n\n\n<p>Avec cette entr\u00e9e au Panth\u00e9on, la France reconna\u00eet l\u2019h\u00e9ritage moral d\u2019un homme dont le combat pour la dignit\u00e9 humaine reste d\u2019actualit\u00e9. Robert Badinter rejoint d\u00e9sormais les grandes voix qui ont fa\u00e7onn\u00e9 la R\u00e9publique.<\/p>\n\n\n\n<p>\ud83d\udcf8 Cr\u00e9dit photos : <strong>Viki MITTOO<\/strong><\/p>\n\n\n\n<p>Cat\u00e9gorie : <em>\u00c9v\u00e9nements<\/em> \u2014 Auteur : <em>R\u00e9daction<\/em><\/p>\n\n\n<div class=\"wp-block-group article-pantheon-badinter\"><!-- Titre --> <!-- Date --> <!-- S\u00e9parateur --> <!-- Contenu principal --> <!-- Galerie photo --> <!-- Citation --> <!-- Conclusion --> <!-- Cr\u00e9dit --><\/div>\n\n\n<p><\/p>\n","protected":false},"excerpt":{"rendered":"<p>Publi\u00e9 le : 9 octobre 2025 Ce 9 octobre, la France a rendu un hommage solennel \u00e0 Robert Badinter en accueillant sa d\u00e9pouille au Panth\u00e9on, aux c\u00f4t\u00e9s des grandes figures de la R\u00e9publique. L\u2019ancien garde des Sceaux, connu pour son combat historique contre la peine de mort, entre ainsi dans le temple de la m\u00e9moire<\/p>\n","protected":false},"author":1,"featured_media":7438,"parent":0,"menu_order":0,"comment_status":"closed","ping_status":"closed","template":"","meta":{"footnotes":""},"class_list":["post-7437","page","type-page","status-publish","has-post-thumbnail"],"_links":{"self":[{"href":"https:\/\/pangee.org\/index.php\/wp-json\/wp\/v2\/pages\/7437","targetHints":{"allow":["GET"]}}],"collection":[{"href":"https:\/\/pangee.org\/index.php\/wp-json\/wp\/v2\/pages"}],"about":[{"href":"https:\/\/pangee.org\/index.php\/wp-json\/wp\/v2\/types\/page"}],"author":[{"embeddable":true,"href":"https:\/\/pangee.org\/index.php\/wp-json\/wp\/v2\/users\/1"}],"replies":[{"embeddable":true,"href":"https:\/\/pangee.org\/index.php\/wp-json\/wp\/v2\/comments?post=7437"}],"version-history":[{"count":2,"href":"https:\/\/pangee.org\/index.php\/wp-json\/wp\/v2\/pages\/7437\/revisions"}],"predecessor-version":[{"id":7442,"href":"https:\/\/pangee.org\/index.php\/wp-json\/wp\/v2\/pages\/7437\/revisions\/7442"}],"wp:featuredmedia":[{"embeddable":true,"href":"https:\/\/pangee.org\/index.php\/wp-json\/wp\/v2\/media\/7438"}],"wp:attachment":[{"href":"https:\/\/pangee.org\/index.php\/wp-json\/wp\/v2\/media?parent=7437"}],"curies":[{"name":"wp","href":"https:\/\/api.w.org\/{rel}","templated":true}]}}